{"id":2105,"date":"2025-03-24T15:36:51","date_gmt":"2025-03-24T14:36:51","guid":{"rendered":"https:\/\/au-pair.org\/?page_id=2105"},"modified":"2025-03-24T15:37:18","modified_gmt":"2025-03-24T14:37:18","slug":"uber-au-pair-org","status":"publish","type":"page","link":"https:\/\/au-pair.org\/de\/uber-au-pair-org\/","title":{"rendered":"\u00dcber Au-Pair.org"},"content":{"rendered":"\n<p><strong>Au-Pair.org<\/strong><strong> \u2013<\/strong> ist eine weltweit agierende Organisation, die sich der F\u00f6rderung, Unterst\u00fctzung und Qualit\u00e4tssicherung von Au-Pair-Programmen widmet.<\/p>\n\n\n\n<p>Au-Pair.org setzt sich ein f\u00fcr:<\/p>\n\n\n\n<h3 class=\"wp-block-heading\">1. <strong>F\u00f6rderung und Regulierung internationaler Standards<\/strong><\/h3>\n\n\n\n<ul class=\"wp-block-list\">\n<li>Die Au-Pair.org setzt sich f\u00fcr hohe Standards in Au-Pair-Programmen ein, um sicherzustellen, dass sowohl Au-Pairs als auch Gastfamilien eine positive und faire Erfahrung machen.<\/li>\n\n\n\n<li>Dazu geh\u00f6rt die Festlegung von Richtlinien in Bezug auf Arbeitszeiten, Taschengeld, Freizeit und die Rechte und Pflichten beider Parteien.<\/li>\n<\/ul>\n\n\n\n<h3 class=\"wp-block-heading\">2. <strong>Qualit\u00e4tskontrolle der Mitgliedsorganisationen<\/strong><\/h3>\n\n\n\n<ul class=\"wp-block-list\">\n<li>Nur seri\u00f6se Agenturen und Organisationen k\u00f6nnen Mitglieder der Au-Pair.org werden. Diese m\u00fcssen nachweisen, dass sie die ethischen und professionellen Standards.<\/li>\n\n\n\n<li>Dies garantiert, dass Familien und Au-Pairs von vertrauensw\u00fcrdigen und qualifizierten Vermittlern unterst\u00fctzt werden.<\/li>\n<\/ul>\n\n\n\n<h3 class=\"wp-block-heading\">3. <strong>Interkultureller Austausch<\/strong><\/h3>\n\n\n\n<ul class=\"wp-block-list\">\n<li>F\u00f6rderung des interkulturellen Austauschs und der Verst\u00e4ndigung zwischen verschiedenen Kulturen.<\/li>\n\n\n\n<li>Organisation von Veranstaltungen und Aktivit\u00e4ten, die den Austausch f\u00f6rdern und Au-Pairs helfen, sich in Gro\u00dfbritannien besser zu integrieren.<\/li>\n<\/ul>\n\n\n\n<h3 class=\"wp-block-heading\">3. <strong>Unterst\u00fctzung und Schutz von Au-Pairs und Gastfamilien<\/strong><\/h3>\n\n\n\n<ul class=\"wp-block-list\">\n<li>Die Au-Pair.org f\u00f6rdert Programme, die kulturellen Austausch und gegenseitigen Respekt zwischen Au-Pairs und Gastfamilien st\u00e4rken.<\/li>\n\n\n\n<li>Sie setzt sich daf\u00fcr ein, dass Au-Pairs gerecht behandelt werden und in einem sicheren Umfeld leben und arbeiten k\u00f6nnen.<\/li>\n<\/ul>\n\n\n\n<h3 class=\"wp-block-heading\">4. <strong>Konfliktl\u00f6sung<\/strong><\/h3>\n\n\n\n<ul class=\"wp-block-list\">\n<li>Die Au-Pair.org bietet ihren Mitgliedsorganisationen Unterst\u00fctzung bei der L\u00f6sung von Problemen oder Konflikten zwischen Au-Pairs und Gastfamilien.<\/li>\n\n\n\n<li>Sie arbeitet daran, eine faire und neutrale Vermittlung in Streitf\u00e4llen sicherzustellen.<\/li>\n<\/ul>\n\n\n\n<h3 class=\"wp-block-heading\">5. <strong>Globale Vernetzung<\/strong><\/h3>\n\n\n\n<ul class=\"wp-block-list\">\n<li>Die Au-Pair.org f\u00f6rdert den Weltweiten Austausch und bringt Agenturen, Organisationen und Interessensvertreter aus verschiedenen L\u00e4ndern zusammen, um den Au-Pair-Markt global weiterzuentwickeln.<\/li>\n\n\n\n<li>Sie bietet Zugang zu Ressourcen und Veranstaltungen wie Barcamps , um den kulturellen Austausch zu f\u00f6rdern.<\/li>\n<\/ul>\n\n\n\n<h3 class=\"wp-block-heading\">6. <strong>Sensibilisierung und Lobbyarbeit<\/strong><\/h3>\n\n\n\n<ul class=\"wp-block-list\">\n<li>Die Au-Pair.org engagiert sich politisch und gesellschaftlich, um die Anerkennung von Au-Pair-Programmen als wertvollen Beitrag zum internationalen Kulturaustausch zu f\u00f6rdern.<\/li>\n\n\n\n<li>Sie informiert \u00fcber die Bedeutung des Au-Pair-Prinzips und setzt sich daf\u00fcr ein, dass die Programme in verschiedenen L\u00e4ndern unterst\u00fctzt und gef\u00f6rdert werden.<\/li>\n<\/ul>\n\n\n\n<h3 class=\"wp-block-heading\">7. <strong>Sicherstellung ethischer Praktiken<\/strong><\/h3>\n\n\n\n<ul class=\"wp-block-list\">\n<li>Die Au-Pair.org erwartet von ihren Mitgliedern, dass sie mit Transparenz und Integrit\u00e4t arbeiten, keine Ausbeutung zulassen und sicherstellen, dass Au-Pairs freiwillig und ohne Druck an den Programmen teilnehmen.<\/li>\n<\/ul>\n\n\n\n<h3 class=\"wp-block-heading\">5. <strong>Aufkl\u00e4rung und \u00d6ffentlichkeitsarbeit<\/strong><\/h3>\n\n\n\n<ul class=\"wp-block-list\">\n<li><strong>Bewerbung des Au-Pair-Programms:<\/strong> \u00d6ffentlichkeitsarbeit, um die Vorteile des Programms zu f\u00f6rdern und die Teilnahme daran zu unterst\u00fctzen.<\/li>\n\n\n\n<li><strong>Information \u00fcber Rechte und Pflichten:<\/strong> Aufkl\u00e4rung \u00fcber die Erwartungen und Verantwortlichkeiten von Gastfamilien und Au-Pairs.<\/li>\n<\/ul>\n\n\n\n<p>Au-Pair.org stets sich als Garant f\u00fcr Qualit\u00e4t, Fairness und Sicherheit in der Au-Pair-Branche und ist eine Anlaufstelle f\u00fcr Au-Pair-Agenturen, die nach internationalen Standards arbeiten m\u00f6chten.<\/p>\n","protected":false},"excerpt":{"rendered":"<p>Au-Pair.org \u2013 ist eine weltweit agierende Organisation, die sich der F\u00f6rderung, Unterst\u00fctzung und Qualit\u00e4tssicherung von Au-Pair-Programmen widmet. Au-Pair.org setzt sich ein f\u00fcr: 1. F\u00f6rderung und Regulierung internationaler Standards 2. Qualit\u00e4tskontrolle der Mitgliedsorganisationen 3. Interkultureller Austausch 3. Unterst\u00fctzung und Schutz von Au-Pairs und Gastfamilien 4. Konfliktl\u00f6sung 5. Globale Vernetzung 6. Sensibilisierung und Lobbyarbeit 7. Sicherstellung ethischer [&hellip;]<\/p>\n","protected":false},"author":3,"featured_media":0,"parent":0,"menu_order":0,"comment_status":"closed","ping_status":"closed","template":"","meta":{"footnotes":""},"class_list":["post-2105","page","type-page","status-publish","hentry"],"yoast_head":"<!-- This site is optimized with the Yoast SEO plugin v26.4 - https:\/\/yoast.com\/wordpress\/plugins\/seo\/ -->\n<title>\u00dcber Au-Pair.org - Au Pair organisation<\/title>\n<meta name=\"robots\" content=\"index, follow, max-snippet:-1, max-image-preview:large, max-video-preview:-1\" \/>\n<link rel=\"canonical\" href=\"https:\/\/au-pair.org\/de\/uber-au-pair-org\/\" \/>\n<meta property=\"og:locale\" content=\"de_DE\" \/>\n<meta property=\"og:type\" content=\"article\" \/>\n<meta property=\"og:title\" content=\"\u00dcber Au-Pair.org - Au Pair organisation\" \/>\n<meta property=\"og:description\" content=\"Au-Pair.org \u2013 ist eine weltweit agierende Organisation, die sich der F\u00f6rderung, Unterst\u00fctzung und Qualit\u00e4tssicherung von Au-Pair-Programmen widmet. Au-Pair.org setzt sich ein f\u00fcr: 1. F\u00f6rderung und Regulierung internationaler Standards 2. Qualit\u00e4tskontrolle der Mitgliedsorganisationen 3. Interkultureller Austausch 3. Unterst\u00fctzung und Schutz von Au-Pairs und Gastfamilien 4. Konfliktl\u00f6sung 5. Globale Vernetzung 6. Sensibilisierung und Lobbyarbeit 7. Sicherstellung ethischer [&hellip;]\" \/>\n<meta property=\"og:url\" content=\"https:\/\/au-pair.org\/de\/uber-au-pair-org\/\" \/>\n<meta property=\"og:site_name\" content=\"Au Pair organisation\" \/>\n<meta property=\"article:modified_time\" content=\"2025-03-24T14:37:18+00:00\" \/>\n<meta name=\"twitter:card\" content=\"summary_large_image\" \/>\n<meta name=\"twitter:label1\" content=\"Gesch\u00e4tzte Lesezeit\" \/>\n\t<meta name=\"twitter:data1\" content=\"3\u00a0Minuten\" \/>\n<script type=\"application\/ld+json\" class=\"yoast-schema-graph\">{\"@context\":\"https:\/\/schema.org\",\"@graph\":[{\"@type\":\"WebPage\",\"@id\":\"https:\/\/au-pair.org\/de\/uber-au-pair-org\/\",\"url\":\"https:\/\/au-pair.org\/de\/uber-au-pair-org\/\",\"name\":\"\u00dcber Au-Pair.org - Au Pair organisation\",\"isPartOf\":{\"@id\":\"https:\/\/au-pair.org\/de\/#website\"},\"datePublished\":\"2025-03-24T14:36:51+00:00\",\"dateModified\":\"2025-03-24T14:37:18+00:00\",\"breadcrumb\":{\"@id\":\"https:\/\/au-pair.org\/de\/uber-au-pair-org\/#breadcrumb\"},\"inLanguage\":\"de\",\"potentialAction\":[{\"@type\":\"ReadAction\",\"target\":[\"https:\/\/au-pair.org\/de\/uber-au-pair-org\/\"]}]},{\"@type\":\"BreadcrumbList\",\"@id\":\"https:\/\/au-pair.org\/de\/uber-au-pair-org\/#breadcrumb\",\"itemListElement\":[{\"@type\":\"ListItem\",\"position\":1,\"name\":\"In\u00edcio\",\"item\":\"https:\/\/au-pair.org\/de\/\"},{\"@type\":\"ListItem\",\"position\":2,\"name\":\"\u00dcber Au-Pair.org\"}]},{\"@type\":\"WebSite\",\"@id\":\"https:\/\/au-pair.org\/de\/#website\",\"url\":\"https:\/\/au-pair.org\/de\/\",\"name\":\"Au Pair organisation\",\"description\":\"\",\"publisher\":{\"@id\":\"https:\/\/au-pair.org\/de\/#organization\"},\"potentialAction\":[{\"@type\":\"SearchAction\",\"target\":{\"@type\":\"EntryPoint\",\"urlTemplate\":\"https:\/\/au-pair.org\/de\/?s={search_term_string}\"},\"query-input\":{\"@type\":\"PropertyValueSpecification\",\"valueRequired\":true,\"valueName\":\"search_term_string\"}}],\"inLanguage\":\"de\"},{\"@type\":\"Organization\",\"@id\":\"https:\/\/au-pair.org\/de\/#organization\",\"name\":\"Au Pair organisation\",\"url\":\"https:\/\/au-pair.org\/de\/\",\"logo\":{\"@type\":\"ImageObject\",\"inLanguage\":\"de\",\"@id\":\"https:\/\/au-pair.org\/de\/#\/schema\/logo\/image\/\",\"url\":\"https:\/\/au-pair.org\/wp-content\/uploads\/2023\/12\/cropped-FBlogo170x170.webp\",\"contentUrl\":\"https:\/\/au-pair.org\/wp-content\/uploads\/2023\/12\/cropped-FBlogo170x170.webp\",\"width\":120,\"height\":120,\"caption\":\"Au Pair organisation\"},\"image\":{\"@id\":\"https:\/\/au-pair.org\/de\/#\/schema\/logo\/image\/\"}}]}<\/script>\n<!-- \/ Yoast SEO plugin. -->","yoast_head_json":{"title":"\u00dcber Au-Pair.org - Au Pair organisation","robots":{"index":"index","follow":"follow","max-snippet":"max-snippet:-1","max-image-preview":"max-image-preview:large","max-video-preview":"max-video-preview:-1"},"canonical":"https:\/\/au-pair.org\/de\/uber-au-pair-org\/","og_locale":"de_DE","og_type":"article","og_title":"\u00dcber Au-Pair.org - Au Pair organisation","og_description":"Au-Pair.org \u2013 ist eine weltweit agierende Organisation, die sich der F\u00f6rderung, Unterst\u00fctzung und Qualit\u00e4tssicherung von Au-Pair-Programmen widmet. Au-Pair.org setzt sich ein f\u00fcr: 1. F\u00f6rderung und Regulierung internationaler Standards 2. Qualit\u00e4tskontrolle der Mitgliedsorganisationen 3. Interkultureller Austausch 3. Unterst\u00fctzung und Schutz von Au-Pairs und Gastfamilien 4. Konfliktl\u00f6sung 5. Globale Vernetzung 6. Sensibilisierung und Lobbyarbeit 7. Sicherstellung ethischer [&hellip;]","og_url":"https:\/\/au-pair.org\/de\/uber-au-pair-org\/","og_site_name":"Au Pair organisation","article_modified_time":"2025-03-24T14:37:18+00:00","twitter_card":"summary_large_image","twitter_misc":{"Gesch\u00e4tzte Lesezeit":"3\u00a0Minuten"},"schema":{"@context":"https:\/\/schema.org","@graph":[{"@type":"WebPage","@id":"https:\/\/au-pair.org\/de\/uber-au-pair-org\/","url":"https:\/\/au-pair.org\/de\/uber-au-pair-org\/","name":"\u00dcber Au-Pair.org - Au Pair organisation","isPartOf":{"@id":"https:\/\/au-pair.org\/de\/#website"},"datePublished":"2025-03-24T14:36:51+00:00","dateModified":"2025-03-24T14:37:18+00:00","breadcrumb":{"@id":"https:\/\/au-pair.org\/de\/uber-au-pair-org\/#breadcrumb"},"inLanguage":"de","potentialAction":[{"@type":"ReadAction","target":["https:\/\/au-pair.org\/de\/uber-au-pair-org\/"]}]},{"@type":"BreadcrumbList","@id":"https:\/\/au-pair.org\/de\/uber-au-pair-org\/#breadcrumb","itemListElement":[{"@type":"ListItem","position":1,"name":"In\u00edcio","item":"https:\/\/au-pair.org\/de\/"},{"@type":"ListItem","position":2,"name":"\u00dcber Au-Pair.org"}]},{"@type":"WebSite","@id":"https:\/\/au-pair.org\/de\/#website","url":"https:\/\/au-pair.org\/de\/","name":"Au Pair organisation","description":"","publisher":{"@id":"https:\/\/au-pair.org\/de\/#organization"},"potentialAction":[{"@type":"SearchAction","target":{"@type":"EntryPoint","urlTemplate":"https:\/\/au-pair.org\/de\/?s={search_term_string}"},"query-input":{"@type":"PropertyValueSpecification","valueRequired":true,"valueName":"search_term_string"}}],"inLanguage":"de"},{"@type":"Organization","@id":"https:\/\/au-pair.org\/de\/#organization","name":"Au Pair organisation","url":"https:\/\/au-pair.org\/de\/","logo":{"@type":"ImageObject","inLanguage":"de","@id":"https:\/\/au-pair.org\/de\/#\/schema\/logo\/image\/","url":"https:\/\/au-pair.org\/wp-content\/uploads\/2023\/12\/cropped-FBlogo170x170.webp","contentUrl":"https:\/\/au-pair.org\/wp-content\/uploads\/2023\/12\/cropped-FBlogo170x170.webp","width":120,"height":120,"caption":"Au Pair organisation"},"image":{"@id":"https:\/\/au-pair.org\/de\/#\/schema\/logo\/image\/"}}]}},"_links":{"self":[{"href":"https:\/\/au-pair.org\/de\/wp-json\/wp\/v2\/pages\/2105","targetHints":{"allow":["GET"]}}],"collection":[{"href":"https:\/\/au-pair.org\/de\/wp-json\/wp\/v2\/pages"}],"about":[{"href":"https:\/\/au-pair.org\/de\/wp-json\/wp\/v2\/types\/page"}],"author":[{"embeddable":true,"href":"https:\/\/au-pair.org\/de\/wp-json\/wp\/v2\/users\/3"}],"replies":[{"embeddable":true,"href":"https:\/\/au-pair.org\/de\/wp-json\/wp\/v2\/comments?post=2105"}],"version-history":[{"count":1,"href":"https:\/\/au-pair.org\/de\/wp-json\/wp\/v2\/pages\/2105\/revisions"}],"predecessor-version":[{"id":2108,"href":"https:\/\/au-pair.org\/de\/wp-json\/wp\/v2\/pages\/2105\/revisions\/2108"}],"wp:attachment":[{"href":"https:\/\/au-pair.org\/de\/wp-json\/wp\/v2\/media?parent=2105"}],"curies":[{"name":"wp","href":"https:\/\/api.w.org\/{rel}","templated":true}]}}