{"id":2049,"date":"2025-03-10T12:31:29","date_gmt":"2025-03-10T11:31:29","guid":{"rendered":"https:\/\/au-pair.org\/?page_id=2049"},"modified":"2025-03-10T12:31:38","modified_gmt":"2025-03-10T11:31:38","slug":"granny-au-pair","status":"publish","type":"page","link":"https:\/\/au-pair.org\/de\/granny-au-pair\/","title":{"rendered":"Granny Au-Pair: Eine besondere Chance"},"content":{"rendered":"\n<p>Das Au-Pair Programm ist vielen bekannt \u2013 junge Menschen aus aller Welt leben f\u00fcr eine bestimmte Zeit in einer fremden Familie, unterst\u00fctzen bei der Kinderbetreuung und erleben gleichzeitig eine neue Kultur. Doch was, wenn Sie \u00e4lter sind und trotzdem diese Erfahrung machen m\u00f6chten? Genau hier setzt das <a href=\"https:\/\/www.aupair.com\/de\/p-granny-au-pair.php\" target=\"_blank\" rel=\"noreferrer noopener\"><strong>Granny Au-Pair<\/strong>-Programm<\/a> an. In diesem Artikel erfahren Sie, was hinter dem Granny Au-Pair steckt, wie es sich vom klassischen Au-Pair Programm unterscheidet und warum immer mehr Familien diese M\u00f6glichkeit in Betracht ziehen.<\/p>\n\n\n\n<h3 class=\"wp-block-heading\"><strong>Was ist das Granny Au Pair Programm?<\/strong><\/h3>\n\n\n\n<p>Das <strong>Granny Au-Pair<\/strong>-Programm richtet sich an Erwachsene 50 plus, h\u00e4ufig Frauen, die als Au-Pair in einer Familie im Ausland leben m\u00f6chten. Aber es richtet sich nicht nur an Au-Pairs 50 plus: Es steht allen offen, die die Welt entdecken wollen und die Altersgrenze f\u00fcr das <a href=\"https:\/\/au-pair.org\/de\/au-pair-programm\/\">klassische Au-Pair Programm<\/a> nicht erreichen.<\/p>\n\n\n\n<p>&#8222;Oma Au Pairs&#8220; oder &#8222;Leihomas&#8220; erhalten Kost und Logis als Gegenleistung f\u00fcr ihre Unterst\u00fctzung bei der Kinderbetreuung. Die Aufgaben des Granny Au-Pairs h\u00e4ngen von der Vereinbarung zwischen ihr und der Gastfamilie ab und sind nicht durch ein offizielles Programm festgelegt.<\/p>\n\n\n\n<p><strong>Wichtig:<\/strong> Beim sogenannten Au Pair 50+ erhalten die Teilnehmer kein Taschengeld oder Gehalt. Um Geld zu verdienen, muss das Granny Au-Pair offiziell bei der Familie angestellt sein und ben\u00f6tigt einen Arbeitsvertrag.<\/p>\n\n\n\n<h3 class=\"wp-block-heading\"><strong>Unterschiede zwischen dem klassischen Au-Pair und Granny Au-Pair Programm<\/strong><\/h3>\n\n\n\n<ol class=\"wp-block-list\">\n<li><strong>Alter der Teilnehmer:<\/strong> Der auff\u00e4lligste Unterschied zwischen dem klassischen Au-Pair und dem Granny Au-Pair liegt im Alter der Teilnehmer. W\u00e4hrend das klassische Au-Pair-Programm j\u00fcngeren Erwachsenen offensteht (meist im Alter von 18 bis 30 Jahren), richtet sich das Granny Au-Pair an Personen, die 50 Jahre oder \u00e4lter sind. Diese Au-Pairs bringen oft viele Jahre Erfahrung in der Kindererziehung, im Haushalt und in der Pflege mit.<\/li>\n\n\n\n<li><strong>Betreuungsaufgaben:<\/strong> Das Granny Au-Pair-Programm ist kein offizieller Kulturaustausch, daher gibt es auch keine festgelegten Regeln f\u00fcr die <a href=\"https:\/\/au-pair.org\/de\/rechte-und-pflichten-au-pair\/\">Aufgaben und Pflichten<\/a> des Granny Au-Pairs. In diesem Fall h\u00e4ngt alles von der Vereinbarung zwischen den beiden Parteien ab. Nat\u00fcrlich geh\u00f6rt die Kinderbetreuung zu den h\u00e4ufigsten Aufgaben, aber auch leichte Haushaltst\u00e4tigkeiten sind denkbar. Viele Gastfamilien erhoffen sich von ihrem Granny Au-Pair vor allem einen gewissen Charme: Der Geruch von frisch gebackenen Keksen und Hausmannskost weckt bei vielen Gasteltern Erinnerungen an die eigene Kindheit. Die meisten Gro\u00dfm\u00fctter sind mehr als bereit, diese Aufgabe zu \u00fcbernehmen.<\/li>\n\n\n\n<li><strong>Erfahrung und Weisheit:<\/strong> Ein weiterer gro\u00dfer Vorteil des Granny Au-Pairs ist die Lebenserfahrung, die \u00e4ltere Au-Pairs mitbringen. Diese Erfahrung ist besonders wertvoll in Familien, die eine zus\u00e4tzliche, reife Perspektive auf die Erziehung ihrer Kinder w\u00fcnschen. Granny Au-Pairs bringen nicht nur Wissen, sondern auch die F\u00e4higkeit zur Geduld und Empathie mit, die aus jahrelangem Leben und Arbeiten resultieren.<\/li>\n\n\n\n<li><strong>Taschengeld: <\/strong>Die Teilnehmerinnen vom Granny Au-Pair-Programm d\u00fcrfen kein Geld annehmen, wenn sie als Freiwillige in das Gastland kommen. Die Gastfamilie sollte jedoch in Erw\u00e4gung ziehen, die Reisekosten, eine private Versicherung und eventuelle <a href=\"https:\/\/au-pair.org\/de\/kosten-fuer-gastfamilie-au-pair\/\">Kosten<\/a> f\u00fcr einen Sprachkurs zu \u00fcbernehmen. Optional kann die Gastfamilie auch ein Auto zur Verf\u00fcgung stellen oder ein Abonnement f\u00fcr \u00f6ffentliche Verkehrsmittel bezahlen. Diese Kosten sind im Vergleich zu den Geb\u00fchren vieler Kindertagesst\u00e4tten sehr gering. Au\u00dferdem ist die \u00dcbernahme dieser Kosten eine nette Geste, denn Granny Au-Pairs helfen der Familie im Gegenzug fast umsonst.<\/li>\n<\/ol>\n\n\n\n<p>Eine Bezahlung ist nur m\u00f6glich, wenn beide Seiten einen Arbeitsvertrag unterschreiben, der die Bezahlung regelt und die Familie das Granny Au-Pair offiziell besch\u00e4ftigt. Die wichtigste Voraussetzung daf\u00fcr ist eine Arbeitserlaubnis f\u00fcr das Gastland. Fragen zur Arbeitserlaubnis beantwortet die zust\u00e4ndige Botschaft.&nbsp;<\/p>\n\n\n\n<figure class=\"wp-block-image aligncenter size-large is-resized\"><img loading=\"lazy\" decoding=\"async\" width=\"1024\" height=\"682\" src=\"https:\/\/au-pair.org\/wp-content\/uploads\/2025\/01\/airplane-7429725_1280-1024x682.jpg\" alt=\"au pair kosten\" class=\"wp-image-1950\" style=\"width:458px;height:auto\" srcset=\"https:\/\/au-pair.org\/wp-content\/uploads\/2025\/01\/airplane-7429725_1280-1024x682.jpg 1024w, https:\/\/au-pair.org\/wp-content\/uploads\/2025\/01\/airplane-7429725_1280-300x200.jpg 300w, https:\/\/au-pair.org\/wp-content\/uploads\/2025\/01\/airplane-7429725_1280-768x512.jpg 768w, https:\/\/au-pair.org\/wp-content\/uploads\/2025\/01\/airplane-7429725_1280.jpg 1280w\" sizes=\"auto, (max-width: 1024px) 100vw, 1024px\" \/><\/figure>\n\n\n\n<h3 class=\"wp-block-heading\"><strong>Vorteile des Granny Au Pair Programms<\/strong><\/h3>\n\n\n\n<p>F\u00fcr <strong>Gastfamilien<\/strong> bietet das Granny Au Pair-Programm die M\u00f6glichkeit, eine erfahrene, verantwortungsbewusste Person in ihr Zuhause zu integrieren, die mit der Betreuung von Kindern eine unsch\u00e4tzbare Hilfe ist. Der Vorteil ist nicht nur die zus\u00e4tzliche Unterst\u00fctzung im Alltag, sondern auch die intergenerationelle Bereicherung, die durch die Einbindung eines Granny Au-Pairs entsteht. Granny Au-Pairs sind oft bereits sehr selbst\u00e4ndig und haben in der Regel weniger Unterst\u00fctzung durch die Gastfamilie n\u00f6tig. Sie leben h\u00e4ufig unabh\u00e4ngiger, k\u00f6nnen aber nat\u00fcrlich auf die Unterst\u00fctzung der Familie bei speziellen Bed\u00fcrfnissen z\u00e4hlen.<\/p>\n\n\n\n<p>F\u00fcr <strong>Erwachsene 50+<\/strong> er\u00f6ffnet das Granny Au Pair-Programm eine tolle Gelegenheit, einen Tapetenwechsel zu erleben, neue Kulturen kennenzulernen und gleichzeitig etwas Sinnvolles zu tun. Sie k\u00f6nnen eine aktive Rolle im Leben einer Familie \u00fcbernehmen, neue F\u00e4higkeiten erlernen und sich in einem sicheren, unterst\u00fctzenden Umfeld entfalten.<\/p>\n\n\n\n<h3 class=\"wp-block-heading\"><strong>Warum immer mehr Familien das Granny Au-Pair Programm in Betracht ziehen<\/strong><\/h3>\n\n\n\n<p>Das Granny Au-Pair Programm ist eine wunderbare Gelegenheit f\u00fcr \u00e4ltere Erwachsene, die noch eine aktive Rolle in der Gesellschaft spielen m\u00f6chten, und f\u00fcr Familien, die Unterst\u00fctzung und Erfahrung suchen. Es verbindet das Bed\u00fcrfnis nach Kinderbetreuung und Haushaltshilfe mit dem kulturellen Austausch und der intergenerationellen Zusammenarbeit. Granny Au-Pairs bieten einen ganz anderen Mehrwert, der f\u00fcr viele Familien von unsch\u00e4tzbarem Wert ist.<\/p>\n\n\n\n<p>Wenn Sie also als Familie nach einer erfahrenen Person suchen, die Ihr Zuhause bereichert, oder wenn Sie selbst als Erwachsene 50+ eine neue Herausforderung suchen, k\u00f6nnte das Granny Au-Pair Programm genau das Richtige f\u00fcr Sie sein. Erleben Sie eine einzigartige Chance f\u00fcr pers\u00f6nliches Wachstum, kulturellen Austausch und zwischenmenschliche Verbindungen.<\/p>\n","protected":false},"excerpt":{"rendered":"<p>Das Au-Pair Programm ist vielen bekannt \u2013 junge Menschen aus aller Welt leben f\u00fcr eine bestimmte Zeit in einer fremden Familie, unterst\u00fctzen bei der Kinderbetreuung und erleben gleichzeitig eine neue Kultur. Doch was, wenn Sie \u00e4lter sind und trotzdem diese Erfahrung machen m\u00f6chten? Genau hier setzt das Granny Au-Pair-Programm an. In diesem Artikel erfahren Sie, [&hellip;]<\/p>\n","protected":false},"author":4,"featured_media":0,"parent":0,"menu_order":0,"comment_status":"closed","ping_status":"closed","template":"","meta":{"footnotes":""},"class_list":["post-2049","page","type-page","status-publish","hentry"],"yoast_head":"<!-- This site is optimized with the Yoast SEO plugin v26.4 - https:\/\/yoast.com\/wordpress\/plugins\/seo\/ -->\n<title>Granny Au-Pair: Eine besondere Chance<\/title>\n<meta name=\"description\" content=\"Wenn Sie als Familie eine erfahrene Unterst\u00fctzung suchen, k\u00f6nnte das Granny Au-Pair Programm perfekt f\u00fcr Sie sein.\" \/>\n<meta name=\"robots\" content=\"index, follow, max-snippet:-1, max-image-preview:large, max-video-preview:-1\" \/>\n<link rel=\"canonical\" href=\"https:\/\/au-pair.org\/de\/granny-au-pair\/\" \/>\n<meta property=\"og:locale\" content=\"de_DE\" \/>\n<meta property=\"og:type\" content=\"article\" \/>\n<meta property=\"og:title\" content=\"Granny Au-Pair: Eine besondere Chance\" \/>\n<meta property=\"og:description\" content=\"Wenn Sie als Familie eine erfahrene Unterst\u00fctzung suchen, k\u00f6nnte das Granny Au-Pair Programm perfekt f\u00fcr Sie sein.\" \/>\n<meta property=\"og:url\" content=\"https:\/\/au-pair.org\/de\/granny-au-pair\/\" \/>\n<meta property=\"og:site_name\" content=\"Au Pair organisation\" \/>\n<meta property=\"article:modified_time\" content=\"2025-03-10T11:31:38+00:00\" \/>\n<meta property=\"og:image\" content=\"https:\/\/au-pair.org\/wp-content\/uploads\/2025\/01\/airplane-7429725_1280.jpg\" \/>\n\t<meta property=\"og:image:width\" content=\"1280\" \/>\n\t<meta property=\"og:image:height\" content=\"853\" \/>\n\t<meta property=\"og:image:type\" content=\"image\/jpeg\" \/>\n<meta name=\"twitter:card\" content=\"summary_large_image\" \/>\n<meta name=\"twitter:label1\" content=\"Gesch\u00e4tzte Lesezeit\" \/>\n\t<meta name=\"twitter:data1\" content=\"5\u00a0Minuten\" \/>\n<script type=\"application\/ld+json\" class=\"yoast-schema-graph\">{\"@context\":\"https:\/\/schema.org\",\"@graph\":[{\"@type\":\"WebPage\",\"@id\":\"https:\/\/au-pair.org\/de\/granny-au-pair\/\",\"url\":\"https:\/\/au-pair.org\/de\/granny-au-pair\/\",\"name\":\"Granny Au-Pair: Eine besondere Chance\",\"isPartOf\":{\"@id\":\"https:\/\/au-pair.org\/de\/#website\"},\"primaryImageOfPage\":{\"@id\":\"https:\/\/au-pair.org\/de\/granny-au-pair\/#primaryimage\"},\"image\":{\"@id\":\"https:\/\/au-pair.org\/de\/granny-au-pair\/#primaryimage\"},\"thumbnailUrl\":\"https:\/\/au-pair.org\/wp-content\/uploads\/2025\/01\/airplane-7429725_1280-1024x682.jpg\",\"datePublished\":\"2025-03-10T11:31:29+00:00\",\"dateModified\":\"2025-03-10T11:31:38+00:00\",\"description\":\"Wenn Sie als Familie eine erfahrene Unterst\u00fctzung suchen, k\u00f6nnte das Granny Au-Pair Programm perfekt f\u00fcr Sie sein.\",\"breadcrumb\":{\"@id\":\"https:\/\/au-pair.org\/de\/granny-au-pair\/#breadcrumb\"},\"inLanguage\":\"de\",\"potentialAction\":[{\"@type\":\"ReadAction\",\"target\":[\"https:\/\/au-pair.org\/de\/granny-au-pair\/\"]}]},{\"@type\":\"ImageObject\",\"inLanguage\":\"de\",\"@id\":\"https:\/\/au-pair.org\/de\/granny-au-pair\/#primaryimage\",\"url\":\"https:\/\/au-pair.org\/wp-content\/uploads\/2025\/01\/airplane-7429725_1280-1024x682.jpg\",\"contentUrl\":\"https:\/\/au-pair.org\/wp-content\/uploads\/2025\/01\/airplane-7429725_1280-1024x682.jpg\"},{\"@type\":\"BreadcrumbList\",\"@id\":\"https:\/\/au-pair.org\/de\/granny-au-pair\/#breadcrumb\",\"itemListElement\":[{\"@type\":\"ListItem\",\"position\":1,\"name\":\"In\u00edcio\",\"item\":\"https:\/\/au-pair.org\/de\/\"},{\"@type\":\"ListItem\",\"position\":2,\"name\":\"Granny Au-Pair: Eine besondere Chance\"}]},{\"@type\":\"WebSite\",\"@id\":\"https:\/\/au-pair.org\/de\/#website\",\"url\":\"https:\/\/au-pair.org\/de\/\",\"name\":\"Au Pair organisation\",\"description\":\"\",\"publisher\":{\"@id\":\"https:\/\/au-pair.org\/de\/#organization\"},\"potentialAction\":[{\"@type\":\"SearchAction\",\"target\":{\"@type\":\"EntryPoint\",\"urlTemplate\":\"https:\/\/au-pair.org\/de\/?s={search_term_string}\"},\"query-input\":{\"@type\":\"PropertyValueSpecification\",\"valueRequired\":true,\"valueName\":\"search_term_string\"}}],\"inLanguage\":\"de\"},{\"@type\":\"Organization\",\"@id\":\"https:\/\/au-pair.org\/de\/#organization\",\"name\":\"Au Pair organisation\",\"url\":\"https:\/\/au-pair.org\/de\/\",\"logo\":{\"@type\":\"ImageObject\",\"inLanguage\":\"de\",\"@id\":\"https:\/\/au-pair.org\/de\/#\/schema\/logo\/image\/\",\"url\":\"https:\/\/au-pair.org\/wp-content\/uploads\/2023\/12\/cropped-FBlogo170x170.webp\",\"contentUrl\":\"https:\/\/au-pair.org\/wp-content\/uploads\/2023\/12\/cropped-FBlogo170x170.webp\",\"width\":120,\"height\":120,\"caption\":\"Au Pair organisation\"},\"image\":{\"@id\":\"https:\/\/au-pair.org\/de\/#\/schema\/logo\/image\/\"}}]}<\/script>\n<!-- \/ Yoast SEO plugin. -->","yoast_head_json":{"title":"Granny Au-Pair: Eine besondere Chance","description":"Wenn Sie als Familie eine erfahrene Unterst\u00fctzung suchen, k\u00f6nnte das Granny Au-Pair Programm perfekt f\u00fcr Sie sein.","robots":{"index":"index","follow":"follow","max-snippet":"max-snippet:-1","max-image-preview":"max-image-preview:large","max-video-preview":"max-video-preview:-1"},"canonical":"https:\/\/au-pair.org\/de\/granny-au-pair\/","og_locale":"de_DE","og_type":"article","og_title":"Granny Au-Pair: Eine besondere Chance","og_description":"Wenn Sie als Familie eine erfahrene Unterst\u00fctzung suchen, k\u00f6nnte das Granny Au-Pair Programm perfekt f\u00fcr Sie sein.","og_url":"https:\/\/au-pair.org\/de\/granny-au-pair\/","og_site_name":"Au Pair organisation","article_modified_time":"2025-03-10T11:31:38+00:00","og_image":[{"width":1280,"height":853,"url":"https:\/\/au-pair.org\/wp-content\/uploads\/2025\/01\/airplane-7429725_1280.jpg","type":"image\/jpeg"}],"twitter_card":"summary_large_image","twitter_misc":{"Gesch\u00e4tzte Lesezeit":"5\u00a0Minuten"},"schema":{"@context":"https:\/\/schema.org","@graph":[{"@type":"WebPage","@id":"https:\/\/au-pair.org\/de\/granny-au-pair\/","url":"https:\/\/au-pair.org\/de\/granny-au-pair\/","name":"Granny Au-Pair: Eine besondere Chance","isPartOf":{"@id":"https:\/\/au-pair.org\/de\/#website"},"primaryImageOfPage":{"@id":"https:\/\/au-pair.org\/de\/granny-au-pair\/#primaryimage"},"image":{"@id":"https:\/\/au-pair.org\/de\/granny-au-pair\/#primaryimage"},"thumbnailUrl":"https:\/\/au-pair.org\/wp-content\/uploads\/2025\/01\/airplane-7429725_1280-1024x682.jpg","datePublished":"2025-03-10T11:31:29+00:00","dateModified":"2025-03-10T11:31:38+00:00","description":"Wenn Sie als Familie eine erfahrene Unterst\u00fctzung suchen, k\u00f6nnte das Granny Au-Pair Programm perfekt f\u00fcr Sie sein.","breadcrumb":{"@id":"https:\/\/au-pair.org\/de\/granny-au-pair\/#breadcrumb"},"inLanguage":"de","potentialAction":[{"@type":"ReadAction","target":["https:\/\/au-pair.org\/de\/granny-au-pair\/"]}]},{"@type":"ImageObject","inLanguage":"de","@id":"https:\/\/au-pair.org\/de\/granny-au-pair\/#primaryimage","url":"https:\/\/au-pair.org\/wp-content\/uploads\/2025\/01\/airplane-7429725_1280-1024x682.jpg","contentUrl":"https:\/\/au-pair.org\/wp-content\/uploads\/2025\/01\/airplane-7429725_1280-1024x682.jpg"},{"@type":"BreadcrumbList","@id":"https:\/\/au-pair.org\/de\/granny-au-pair\/#breadcrumb","itemListElement":[{"@type":"ListItem","position":1,"name":"In\u00edcio","item":"https:\/\/au-pair.org\/de\/"},{"@type":"ListItem","position":2,"name":"Granny Au-Pair: Eine besondere Chance"}]},{"@type":"WebSite","@id":"https:\/\/au-pair.org\/de\/#website","url":"https:\/\/au-pair.org\/de\/","name":"Au Pair organisation","description":"","publisher":{"@id":"https:\/\/au-pair.org\/de\/#organization"},"potentialAction":[{"@type":"SearchAction","target":{"@type":"EntryPoint","urlTemplate":"https:\/\/au-pair.org\/de\/?s={search_term_string}"},"query-input":{"@type":"PropertyValueSpecification","valueRequired":true,"valueName":"search_term_string"}}],"inLanguage":"de"},{"@type":"Organization","@id":"https:\/\/au-pair.org\/de\/#organization","name":"Au Pair organisation","url":"https:\/\/au-pair.org\/de\/","logo":{"@type":"ImageObject","inLanguage":"de","@id":"https:\/\/au-pair.org\/de\/#\/schema\/logo\/image\/","url":"https:\/\/au-pair.org\/wp-content\/uploads\/2023\/12\/cropped-FBlogo170x170.webp","contentUrl":"https:\/\/au-pair.org\/wp-content\/uploads\/2023\/12\/cropped-FBlogo170x170.webp","width":120,"height":120,"caption":"Au Pair organisation"},"image":{"@id":"https:\/\/au-pair.org\/de\/#\/schema\/logo\/image\/"}}]}},"_links":{"self":[{"href":"https:\/\/au-pair.org\/de\/wp-json\/wp\/v2\/pages\/2049","targetHints":{"allow":["GET"]}}],"collection":[{"href":"https:\/\/au-pair.org\/de\/wp-json\/wp\/v2\/pages"}],"about":[{"href":"https:\/\/au-pair.org\/de\/wp-json\/wp\/v2\/types\/page"}],"author":[{"embeddable":true,"href":"https:\/\/au-pair.org\/de\/wp-json\/wp\/v2\/users\/4"}],"replies":[{"embeddable":true,"href":"https:\/\/au-pair.org\/de\/wp-json\/wp\/v2\/comments?post=2049"}],"version-history":[{"count":1,"href":"https:\/\/au-pair.org\/de\/wp-json\/wp\/v2\/pages\/2049\/revisions"}],"predecessor-version":[{"id":2052,"href":"https:\/\/au-pair.org\/de\/wp-json\/wp\/v2\/pages\/2049\/revisions\/2052"}],"wp:attachment":[{"href":"https:\/\/au-pair.org\/de\/wp-json\/wp\/v2\/media?parent=2049"}],"curies":[{"name":"wp","href":"https:\/\/api.w.org\/{rel}","templated":true}]}}