{"id":2044,"date":"2025-03-07T15:03:46","date_gmt":"2025-03-07T14:03:46","guid":{"rendered":"https:\/\/au-pair.org\/?page_id=2044"},"modified":"2025-03-07T15:04:06","modified_gmt":"2025-03-07T14:04:06","slug":"au-pair-vs-nanny-unterschiede","status":"publish","type":"page","link":"https:\/\/au-pair.org\/de\/au-pair-vs-nanny-unterschiede\/","title":{"rendered":"Au-Pair vs. Nanny: Was sind die Unterschiede?"},"content":{"rendered":"\n<p>Beim Vergleich <strong>Au Pair vs. Nanny<\/strong> gibt es wesentliche Unterschiede in Bezug auf <strong>Kosten, Aufgaben, rechtliche Regelungen<\/strong> und den <strong>kulturellen Austausch, <\/strong>wobei beide Optionen wertvolle Unterst\u00fctzung bieten. W\u00e4hrend das Au-Pair-Programm festen Regeln unterliegt, die sowohl f\u00fcr Au-Pairs als auch f\u00fcr Gastfamilien gelten, existiert f\u00fcr Nannies kein offizielles Austauschprogramm. Wer eine Nanny besch\u00e4ftigen oder als Nanny arbeiten m\u00f6chte, muss sich lediglich an die Arbeitsgesetze des jeweiligen Landes halten.<\/p>\n\n\n\n<figure class=\"wp-block-image aligncenter size-large is-resized\"><img loading=\"lazy\" decoding=\"async\" width=\"1024\" height=\"682\" src=\"https:\/\/au-pair.org\/wp-content\/uploads\/2025\/01\/airplane-7429725_1280-1024x682.jpg\" alt=\"au pair kosten\" class=\"wp-image-1950\" style=\"width:480px;height:auto\" srcset=\"https:\/\/au-pair.org\/wp-content\/uploads\/2025\/01\/airplane-7429725_1280-1024x682.jpg 1024w, https:\/\/au-pair.org\/wp-content\/uploads\/2025\/01\/airplane-7429725_1280-300x200.jpg 300w, https:\/\/au-pair.org\/wp-content\/uploads\/2025\/01\/airplane-7429725_1280-768x512.jpg 768w, https:\/\/au-pair.org\/wp-content\/uploads\/2025\/01\/airplane-7429725_1280.jpg 1280w\" sizes=\"auto, (max-width: 1024px) 100vw, 1024px\" \/><\/figure>\n\n\n\n<h2 class=\"wp-block-heading\"><strong>1. Definition: Was ist ein Au-Pair und was ist eine Nanny?<\/strong><\/h2>\n\n\n\n<h3 class=\"wp-block-heading\"><strong>Au-Pair<\/strong><\/h3>\n\n\n\n<p>Ein <a href=\"https:\/\/au-pair.org\/de\/au-pair-programm\/\">Au-Pair<\/a> ist eine junge Person (meist zwischen 18 und 30 Jahren), die in eine Gastfamilie in einem anderen Land zieht, um bei der Kinderbetreuung und leichten Haushaltsaufgaben zu helfen. Im Gegenzug erh\u00e4lt das Au-Pair <strong>freie Unterkunft, Verpflegung und ein Taschengeld<\/strong>. Das Hauptziel eines Au-Pair-Programms ist der <strong>kulturelle Austausch<\/strong>, sodass die Betreuungsperson in die Sprache und Kultur des Gastlandes eintaucht.<\/p>\n\n\n\n<h3 class=\"wp-block-heading\"><strong>Nanny<\/strong><\/h3>\n\n\n\n<p>Eine Nanny ist eine professionelle Kinderbetreuerin, die entweder im Haushalt der Familie lebt (<strong>Live-in Nanny<\/strong>) oder nur w\u00e4hrend der Arbeitszeiten anwesend ist (<strong>Live-out Nanny<\/strong>). Eine Nanny wird f\u00fcr ihre Arbeit regul\u00e4r entlohnt und hat in der Regel eine formelle Ausbildung oder Berufserfahrung in der Kinderbetreuung.<\/p>\n\n\n\n<h2 class=\"wp-block-heading\"><strong>2. Hauptunterschiede zwischen Au-Pair und Nanny<\/strong><\/h2>\n\n\n\n<figure class=\"wp-block-table is-style-stripes\"><table class=\"has-fixed-layout\"><tbody><tr><td><\/td><td class=\"has-text-align-left\" data-align=\"left\"><strong>Au-Pair<\/strong><\/td><td><strong>Nanny<\/strong><\/td><\/tr><tr><td><strong>Alter<\/strong><\/td><td class=\"has-text-align-left\" data-align=\"left\"><a href=\"https:\/\/www.aupair.com\/de\/p-altersgrenzen-au-pair.php\" target=\"_blank\" rel=\"noreferrer noopener\">Altersgrenze<\/a>, abh\u00e4ngig vom Gastland<\/td><td>Keine Altersbeschr\u00e4nkung<\/td><\/tr><tr><td><strong>Dauer des Aufenthalts<\/strong><\/td><td class=\"has-text-align-left\" data-align=\"left\">Meist 6\u201312 Monate<\/td><td>Langfristig oder kurzfristig<\/td><\/tr><tr><td><strong>Arbeitszeiten<\/strong><\/td><td class=\"has-text-align-left\" data-align=\"left\">Geregelte <a href=\"https:\/\/www.aupair.com\/de\/p-au-pair-taschengeld-gehalt.php\" target=\"_blank\" rel=\"noreferrer noopener\">Anzahl von Stunden<\/a> pro Woche (je nach Land)<\/td><td>Vom Arbeitsgesetz des Gastlandes vorgegeben und werden mit der Familie abgesprochen<\/td><\/tr><tr><td><strong>Verg\u00fctung<\/strong><\/td><td class=\"has-text-align-left\" data-align=\"left\"><a href=\"https:\/\/au-pair.org\/de\/gastfamilie-aufgaben-verpflichtungen\/\">Taschengeld<\/a> + Unterkunft &amp; Verpflegung<\/td><td>Regul\u00e4res Gehalt, dass sich mindestens an dem Mindestlohn des Landes orientieren<\/td><\/tr><tr><td><strong>Sprachkurs<\/strong><\/td><td class=\"has-text-align-left\" data-align=\"left\">Au-Pairs m\u00fcssen die M\u00f6glichkeit haben, an einem Sprachkurs teilzunehmen<\/td><td>Nannies m\u00fcssen keinen Sprachkurs absolvieren<\/td><\/tr><tr><td><strong>Aufgaben<\/strong><\/td><td class=\"has-text-align-left\" data-align=\"left\"><a href=\"https:\/\/au-pair.org\/de\/rechte-und-pflichten-au-pair\/\">Kinderbetreuung<\/a>, leichte Haushaltsaufgaben<\/td><td>Professionelle Betreuung, Haushalt &amp; Erziehung, sind von der Absprache mit dem Arbeitgeber abh\u00e4ngig<\/td><\/tr><tr><td><strong>Kultureller Austausch<\/strong><\/td><td class=\"has-text-align-left\" data-align=\"left\">Hauptziel des Programms, Au-Pair muss aus einem anderen Land kommen oder eine andere Nationalit\u00e4t als die Gastfamilie haben. Au-Pairs werden als tempor\u00e4res Familienmitglied angesehen<\/td><td>Das Einstellen einer Nanny beinhaltet keinen kulturellen Austausch, Hauptfokus nicht darauf<\/td><\/tr><tr><td><strong>Rechtliche Regelung<\/strong><\/td><td class=\"has-text-align-left\" data-align=\"left\">In den meisten F\u00e4llen brauchen die Au-Pairs ein Visum, manche L\u00e4nder haben spezielle Au-Pair Visa (z. B. <a href=\"http:\/\/www.aupair-usa.net\/de\/j-1-visum\/\" target=\"_blank\" rel=\"noreferrer noopener\">J-1 Visum<\/a> in den USA)<\/td><td>Nannies aus dem Ausland ben\u00f6tigen m\u00f6glicherweise eine Arbeitsgenehmigung oder ein Visum. Sie d\u00fcrfen nicht mit einem Au Pair Visum arbeiten<\/td><\/tr><\/tbody><\/table><\/figure>\n\n\n\n<h2 class=\"wp-block-heading\"><strong>3. Welche Option ist die Richtige?<\/strong><\/h2>\n\n\n\n<h3 class=\"wp-block-heading\"><strong>Ein Au-Pair ist ideal f\u00fcr Familien, die:<\/strong><\/h3>\n\n\n\n<p>\u2714 Einen kulturellen Austausch f\u00fcr ihre Kinder m\u00f6chten<br>\u2714 Unterst\u00fctzung in der Kinderbetreuung suchen, aber keine Vollzeit-Nanny ben\u00f6tigen<br>\u2714 Offen f\u00fcr eine neue Person im Haushalt sind<br>\u2714 Ein begrenztes Budget f\u00fcr Kinderbetreuung haben<\/p>\n\n\n\n<h3 class=\"wp-block-heading\"><strong>Eine <a href=\"https:\/\/www.aupair.com\/de\/p-au-pair-nanny.php\" target=\"_blank\" rel=\"noreferrer noopener\">Nanny<\/a> ist ideal f\u00fcr Familien, die:<\/strong><\/h3>\n\n\n\n<p>\u2714 Eine langfristige, professionelle Betreuung ben\u00f6tigen<br>\u2714 Eine erfahrene Betreuungsperson mit spezifischer Ausbildung w\u00fcnschen<br>\u2714 Mehr Flexibilit\u00e4t bei den Arbeitszeiten ben\u00f6tigen<br>\u2714 Eine Betreuung f\u00fcr Neugeborene oder Kinder mit besonderen Bed\u00fcrfnissen suchen<\/p>\n\n\n\n<h2 class=\"wp-block-heading\"><strong>Fazit: Kultureller Austausch vs. professionelle Betreuung<\/strong><\/h2>\n\n\n\n<p>Die Wahl zwischen Au-Pair und Nanny h\u00e4ngt von den individuellen Bed\u00fcrfnissen der Familie ab. W\u00e4hrend ein Au-Pair eine <strong>kulturelle Bereicherung und flexible Unterst\u00fctzung<\/strong> bietet, sorgt eine Nanny f\u00fcr eine <strong>professionelle und langfristige Betreuungsl\u00f6sung<\/strong>.<\/p>\n","protected":false},"excerpt":{"rendered":"<p>Beim Vergleich Au Pair vs. Nanny gibt es wesentliche Unterschiede in Bezug auf Kosten, Aufgaben, rechtliche Regelungen und den kulturellen Austausch, wobei beide Optionen wertvolle Unterst\u00fctzung bieten. W\u00e4hrend das Au-Pair-Programm festen Regeln unterliegt, die sowohl f\u00fcr Au-Pairs als auch f\u00fcr Gastfamilien gelten, existiert f\u00fcr Nannies kein offizielles Austauschprogramm. Wer eine Nanny besch\u00e4ftigen oder als Nanny [&hellip;]<\/p>\n","protected":false},"author":4,"featured_media":0,"parent":0,"menu_order":0,"comment_status":"closed","ping_status":"closed","template":"","meta":{"footnotes":""},"class_list":["post-2044","page","type-page","status-publish","hentry"],"yoast_head":"<!-- This site is optimized with the Yoast SEO plugin v26.4 - https:\/\/yoast.com\/wordpress\/plugins\/seo\/ -->\n<title>Au-Pair vs. Nanny: Was sind die Unterschiede?<\/title>\n<meta name=\"description\" content=\"Au Pair vs Nanny weltweit: Wir erkl\u00e4ren die Unterschiede weltweit, von Kosten \u00fcber Aufgaben bis zu rechtlichen Aspekten.\" \/>\n<meta name=\"robots\" content=\"index, follow, max-snippet:-1, max-image-preview:large, max-video-preview:-1\" \/>\n<link rel=\"canonical\" href=\"https:\/\/au-pair.org\/de\/au-pair-vs-nanny-unterschiede\/\" \/>\n<meta property=\"og:locale\" content=\"de_DE\" \/>\n<meta property=\"og:type\" content=\"article\" \/>\n<meta property=\"og:title\" content=\"Au-Pair vs. Nanny: Was sind die Unterschiede?\" \/>\n<meta property=\"og:description\" content=\"Au Pair vs Nanny weltweit: Wir erkl\u00e4ren die Unterschiede weltweit, von Kosten \u00fcber Aufgaben bis zu rechtlichen Aspekten.\" \/>\n<meta property=\"og:url\" content=\"https:\/\/au-pair.org\/de\/au-pair-vs-nanny-unterschiede\/\" \/>\n<meta property=\"og:site_name\" content=\"Au Pair organisation\" \/>\n<meta property=\"article:modified_time\" content=\"2025-03-07T14:04:06+00:00\" \/>\n<meta property=\"og:image\" content=\"https:\/\/au-pair.org\/wp-content\/uploads\/2025\/01\/airplane-7429725_1280.jpg\" \/>\n\t<meta property=\"og:image:width\" content=\"1280\" \/>\n\t<meta property=\"og:image:height\" content=\"853\" \/>\n\t<meta property=\"og:image:type\" content=\"image\/jpeg\" \/>\n<meta name=\"twitter:card\" content=\"summary_large_image\" \/>\n<meta name=\"twitter:label1\" content=\"Gesch\u00e4tzte Lesezeit\" \/>\n\t<meta name=\"twitter:data1\" content=\"3\u00a0Minuten\" \/>\n<script type=\"application\/ld+json\" class=\"yoast-schema-graph\">{\"@context\":\"https:\/\/schema.org\",\"@graph\":[{\"@type\":\"WebPage\",\"@id\":\"https:\/\/au-pair.org\/de\/au-pair-vs-nanny-unterschiede\/\",\"url\":\"https:\/\/au-pair.org\/de\/au-pair-vs-nanny-unterschiede\/\",\"name\":\"Au-Pair vs. Nanny: Was sind die Unterschiede?\",\"isPartOf\":{\"@id\":\"https:\/\/au-pair.org\/de\/#website\"},\"primaryImageOfPage\":{\"@id\":\"https:\/\/au-pair.org\/de\/au-pair-vs-nanny-unterschiede\/#primaryimage\"},\"image\":{\"@id\":\"https:\/\/au-pair.org\/de\/au-pair-vs-nanny-unterschiede\/#primaryimage\"},\"thumbnailUrl\":\"https:\/\/au-pair.org\/wp-content\/uploads\/2025\/01\/airplane-7429725_1280-1024x682.jpg\",\"datePublished\":\"2025-03-07T14:03:46+00:00\",\"dateModified\":\"2025-03-07T14:04:06+00:00\",\"description\":\"Au Pair vs Nanny weltweit: Wir erkl\u00e4ren die Unterschiede weltweit, von Kosten \u00fcber Aufgaben bis zu rechtlichen Aspekten.\",\"breadcrumb\":{\"@id\":\"https:\/\/au-pair.org\/de\/au-pair-vs-nanny-unterschiede\/#breadcrumb\"},\"inLanguage\":\"de\",\"potentialAction\":[{\"@type\":\"ReadAction\",\"target\":[\"https:\/\/au-pair.org\/de\/au-pair-vs-nanny-unterschiede\/\"]}]},{\"@type\":\"ImageObject\",\"inLanguage\":\"de\",\"@id\":\"https:\/\/au-pair.org\/de\/au-pair-vs-nanny-unterschiede\/#primaryimage\",\"url\":\"https:\/\/au-pair.org\/wp-content\/uploads\/2025\/01\/airplane-7429725_1280-1024x682.jpg\",\"contentUrl\":\"https:\/\/au-pair.org\/wp-content\/uploads\/2025\/01\/airplane-7429725_1280-1024x682.jpg\"},{\"@type\":\"BreadcrumbList\",\"@id\":\"https:\/\/au-pair.org\/de\/au-pair-vs-nanny-unterschiede\/#breadcrumb\",\"itemListElement\":[{\"@type\":\"ListItem\",\"position\":1,\"name\":\"In\u00edcio\",\"item\":\"https:\/\/au-pair.org\/de\/\"},{\"@type\":\"ListItem\",\"position\":2,\"name\":\"Au-Pair vs. Nanny: Was sind die Unterschiede?\"}]},{\"@type\":\"WebSite\",\"@id\":\"https:\/\/au-pair.org\/de\/#website\",\"url\":\"https:\/\/au-pair.org\/de\/\",\"name\":\"Au Pair organisation\",\"description\":\"\",\"publisher\":{\"@id\":\"https:\/\/au-pair.org\/de\/#organization\"},\"potentialAction\":[{\"@type\":\"SearchAction\",\"target\":{\"@type\":\"EntryPoint\",\"urlTemplate\":\"https:\/\/au-pair.org\/de\/?s={search_term_string}\"},\"query-input\":{\"@type\":\"PropertyValueSpecification\",\"valueRequired\":true,\"valueName\":\"search_term_string\"}}],\"inLanguage\":\"de\"},{\"@type\":\"Organization\",\"@id\":\"https:\/\/au-pair.org\/de\/#organization\",\"name\":\"Au Pair organisation\",\"url\":\"https:\/\/au-pair.org\/de\/\",\"logo\":{\"@type\":\"ImageObject\",\"inLanguage\":\"de\",\"@id\":\"https:\/\/au-pair.org\/de\/#\/schema\/logo\/image\/\",\"url\":\"https:\/\/au-pair.org\/wp-content\/uploads\/2023\/12\/cropped-FBlogo170x170.webp\",\"contentUrl\":\"https:\/\/au-pair.org\/wp-content\/uploads\/2023\/12\/cropped-FBlogo170x170.webp\",\"width\":120,\"height\":120,\"caption\":\"Au Pair organisation\"},\"image\":{\"@id\":\"https:\/\/au-pair.org\/de\/#\/schema\/logo\/image\/\"}}]}<\/script>\n<!-- \/ Yoast SEO plugin. -->","yoast_head_json":{"title":"Au-Pair vs. Nanny: Was sind die Unterschiede?","description":"Au Pair vs Nanny weltweit: Wir erkl\u00e4ren die Unterschiede weltweit, von Kosten \u00fcber Aufgaben bis zu rechtlichen Aspekten.","robots":{"index":"index","follow":"follow","max-snippet":"max-snippet:-1","max-image-preview":"max-image-preview:large","max-video-preview":"max-video-preview:-1"},"canonical":"https:\/\/au-pair.org\/de\/au-pair-vs-nanny-unterschiede\/","og_locale":"de_DE","og_type":"article","og_title":"Au-Pair vs. Nanny: Was sind die Unterschiede?","og_description":"Au Pair vs Nanny weltweit: Wir erkl\u00e4ren die Unterschiede weltweit, von Kosten \u00fcber Aufgaben bis zu rechtlichen Aspekten.","og_url":"https:\/\/au-pair.org\/de\/au-pair-vs-nanny-unterschiede\/","og_site_name":"Au Pair organisation","article_modified_time":"2025-03-07T14:04:06+00:00","og_image":[{"width":1280,"height":853,"url":"https:\/\/au-pair.org\/wp-content\/uploads\/2025\/01\/airplane-7429725_1280.jpg","type":"image\/jpeg"}],"twitter_card":"summary_large_image","twitter_misc":{"Gesch\u00e4tzte Lesezeit":"3\u00a0Minuten"},"schema":{"@context":"https:\/\/schema.org","@graph":[{"@type":"WebPage","@id":"https:\/\/au-pair.org\/de\/au-pair-vs-nanny-unterschiede\/","url":"https:\/\/au-pair.org\/de\/au-pair-vs-nanny-unterschiede\/","name":"Au-Pair vs. Nanny: Was sind die Unterschiede?","isPartOf":{"@id":"https:\/\/au-pair.org\/de\/#website"},"primaryImageOfPage":{"@id":"https:\/\/au-pair.org\/de\/au-pair-vs-nanny-unterschiede\/#primaryimage"},"image":{"@id":"https:\/\/au-pair.org\/de\/au-pair-vs-nanny-unterschiede\/#primaryimage"},"thumbnailUrl":"https:\/\/au-pair.org\/wp-content\/uploads\/2025\/01\/airplane-7429725_1280-1024x682.jpg","datePublished":"2025-03-07T14:03:46+00:00","dateModified":"2025-03-07T14:04:06+00:00","description":"Au Pair vs Nanny weltweit: Wir erkl\u00e4ren die Unterschiede weltweit, von Kosten \u00fcber Aufgaben bis zu rechtlichen Aspekten.","breadcrumb":{"@id":"https:\/\/au-pair.org\/de\/au-pair-vs-nanny-unterschiede\/#breadcrumb"},"inLanguage":"de","potentialAction":[{"@type":"ReadAction","target":["https:\/\/au-pair.org\/de\/au-pair-vs-nanny-unterschiede\/"]}]},{"@type":"ImageObject","inLanguage":"de","@id":"https:\/\/au-pair.org\/de\/au-pair-vs-nanny-unterschiede\/#primaryimage","url":"https:\/\/au-pair.org\/wp-content\/uploads\/2025\/01\/airplane-7429725_1280-1024x682.jpg","contentUrl":"https:\/\/au-pair.org\/wp-content\/uploads\/2025\/01\/airplane-7429725_1280-1024x682.jpg"},{"@type":"BreadcrumbList","@id":"https:\/\/au-pair.org\/de\/au-pair-vs-nanny-unterschiede\/#breadcrumb","itemListElement":[{"@type":"ListItem","position":1,"name":"In\u00edcio","item":"https:\/\/au-pair.org\/de\/"},{"@type":"ListItem","position":2,"name":"Au-Pair vs. Nanny: Was sind die Unterschiede?"}]},{"@type":"WebSite","@id":"https:\/\/au-pair.org\/de\/#website","url":"https:\/\/au-pair.org\/de\/","name":"Au Pair organisation","description":"","publisher":{"@id":"https:\/\/au-pair.org\/de\/#organization"},"potentialAction":[{"@type":"SearchAction","target":{"@type":"EntryPoint","urlTemplate":"https:\/\/au-pair.org\/de\/?s={search_term_string}"},"query-input":{"@type":"PropertyValueSpecification","valueRequired":true,"valueName":"search_term_string"}}],"inLanguage":"de"},{"@type":"Organization","@id":"https:\/\/au-pair.org\/de\/#organization","name":"Au Pair organisation","url":"https:\/\/au-pair.org\/de\/","logo":{"@type":"ImageObject","inLanguage":"de","@id":"https:\/\/au-pair.org\/de\/#\/schema\/logo\/image\/","url":"https:\/\/au-pair.org\/wp-content\/uploads\/2023\/12\/cropped-FBlogo170x170.webp","contentUrl":"https:\/\/au-pair.org\/wp-content\/uploads\/2023\/12\/cropped-FBlogo170x170.webp","width":120,"height":120,"caption":"Au Pair organisation"},"image":{"@id":"https:\/\/au-pair.org\/de\/#\/schema\/logo\/image\/"}}]}},"_links":{"self":[{"href":"https:\/\/au-pair.org\/de\/wp-json\/wp\/v2\/pages\/2044","targetHints":{"allow":["GET"]}}],"collection":[{"href":"https:\/\/au-pair.org\/de\/wp-json\/wp\/v2\/pages"}],"about":[{"href":"https:\/\/au-pair.org\/de\/wp-json\/wp\/v2\/types\/page"}],"author":[{"embeddable":true,"href":"https:\/\/au-pair.org\/de\/wp-json\/wp\/v2\/users\/4"}],"replies":[{"embeddable":true,"href":"https:\/\/au-pair.org\/de\/wp-json\/wp\/v2\/comments?post=2044"}],"version-history":[{"count":1,"href":"https:\/\/au-pair.org\/de\/wp-json\/wp\/v2\/pages\/2044\/revisions"}],"predecessor-version":[{"id":2047,"href":"https:\/\/au-pair.org\/de\/wp-json\/wp\/v2\/pages\/2044\/revisions\/2047"}],"wp:attachment":[{"href":"https:\/\/au-pair.org\/de\/wp-json\/wp\/v2\/media?parent=2044"}],"curies":[{"name":"wp","href":"https:\/\/api.w.org\/{rel}","templated":true}]}}