{"id":2034,"date":"2025-02-05T15:30:15","date_gmt":"2025-02-05T14:30:15","guid":{"rendered":"https:\/\/au-pair.org\/?page_id=2034"},"modified":"2025-02-05T15:34:59","modified_gmt":"2025-02-05T14:34:59","slug":"wie-wird-man-ein-erfolgreiches-au-pair","status":"publish","type":"page","link":"https:\/\/au-pair.org\/de\/wie-wird-man-ein-erfolgreiches-au-pair\/","title":{"rendered":"Wie wird man ein erfolgreiches Au-Pair?"},"content":{"rendered":"\n<p>Ein Au-Pair-Aufenthalt ist eine einmalige Gelegenheit, die Welt zu entdecken, eine neue Sprache zu lernen und wertvolle Erfahrungen in der Kinderbetreuung zu sammeln. Doch was macht ein <strong>erfolgreiches Au-Pair<\/strong> aus? Welche F\u00e4higkeiten und Eigenschaften helfen dir, eine starke Verbindung zu deiner Gastfamilie aufzubauen und deinen Aufenthalt optimal zu gestalten?<\/p>\n\n\n\n<p>In diesem Leitfaden erf\u00e4hrst du die <strong>besten Tipps<\/strong>, um als Au-Pair erfolgreich zu sein und das Beste aus deiner Zeit im Ausland herauszuholen.<\/p>\n\n\n\n<hr class=\"wp-block-separator has-alpha-channel-opacity\"\/>\n\n\n\n<h3 class=\"wp-block-heading\"><strong>1. Die richtige Vorbereitung \u2013 Der Schl\u00fcssel zum Erfolg<\/strong><\/h3>\n\n\n\n<p>Der Erfolg deines Au-Pair-Abenteuers beginnt lange vor deiner Ankunft im Gastland. Hier sind einige wichtige Schritte zur Vorbereitung:<\/p>\n\n\n\n<h4 class=\"wp-block-heading\"><strong>1.1 W\u00e4hle das richtige Gastland<\/strong><\/h4>\n\n\n\n<p>\u00dcberlege, welches Land am besten zu dir passt. Ber\u00fccksichtige die Sprache, die du lernen m\u00f6chtest oder schon Grundkenntnisse darin besitzt; die kulturellen Unterschiede, und die gesetzlichen Rahmenbedingungen f\u00fcr Au-Pairs (z. B. <a href=\"https:\/\/www.aupair.com\/de\/p-au-pair-visum.php\" target=\"_blank\" rel=\"noreferrer noopener\">Visa<\/a>-Anforderungen).<\/p>\n\n\n\n<h4 class=\"wp-block-heading\"><strong>1.2 W\u00e4hle die passende Gastfamilie<\/strong><\/h4>\n\n\n\n<p>Sei ehrlich in deinem <strong>Bewerbungsprofil<\/strong> und beschreibe deine Erfahrungen und Erwartungen realistisch. Vereinbare <strong><a href=\"https:\/\/www.aupair.com\/de\/p-skype-interview.php\">Video-Interviews<\/a><\/strong> mit den Familien, um sie besser kennenzulernen. Stelle Fragen und kl\u00e4re so Erwartungen im Vorfeld. Fragen k\u00f6nnten zum Beispiel sein: Wie sieht der Alltag aus? Welche Aufgaben werden erwartet?<\/p>\n\n\n\n<h4 class=\"wp-block-heading\"><strong>1.3 Lerne die Sprache des Gastlandes<\/strong><\/h4>\n\n\n\n<p>Es ist nicht f\u00fcr alle L\u00e4nder eine Voraussetzung aber es kann von Vorteil sein, wenn man die Sprache des Landes lernt oder bei Anreise bereits Grundkenntnisse besitzt. Einige L\u00e4nder erwarten einen Nachweis \u00fcber Sprachkenntnisse f\u00fcr das Visum. Zum Lernen der Grundkenntnisse k\u00f6nnen Apps wie Duolingo oder Babbel genutzt werden. Je besser deine Sprachkenntnisse, desto einfacher wird die Eingew\u00f6hnung. <\/p>\n\n\n\n<hr class=\"wp-block-separator has-alpha-channel-opacity\"\/>\n\n\n\n<h3 class=\"wp-block-heading\"><strong>2. Erfolgreich im Alltag \u2013 So baust du eine gute Beziehung zur Gastfamilie auf<\/strong><\/h3>\n\n\n\n<h4 class=\"wp-block-heading\"><strong>2.1 Sei offen und kommunikativ<\/strong><\/h4>\n\n\n\n<ul class=\"wp-block-list\">\n<li>Sprich regelm\u00e4\u00dfig mit deiner Gastfamilie, um <a href=\"https:\/\/au-pair.org\/de\/loesung-von-problemen-zwischen-gastfamilie-und-au-pair\/\">Missverst\u00e4ndnisse zu vermeiden<\/a>.<\/li>\n\n\n\n<li>Frage nach, wenn du unsicher bist \u2013 Gasteltern erwarten nicht, dass du alles sofort wei\u00dft.<\/li>\n\n\n\n<li>Sei proaktiv und bringe eigene Ideen f\u00fcr Aktivit\u00e4ten mit den Kindern ein.<\/li>\n<\/ul>\n\n\n\n<h4 class=\"wp-block-heading\"><strong>2.2 Respektiere die Familienregeln<\/strong><\/h4>\n\n\n\n<p>Jede Familie hat ihre eigenen Routinen und Werte. Respektiere Essenszeiten und Ern\u00e4hrungsgewohnheiten, Regeln zu Fernsehen, Internetnutzung und Ausgang, sowie Erziehungsstile und Hausregeln deiner Gastfamilie.<\/p>\n\n\n\n<h4 class=\"wp-block-heading\"><strong>2.3 Baue eine gute Beziehung zu den Kindern auf<\/strong><\/h4>\n\n\n\n<p>Die meiste Zeit wirst du mit den Kindern verbringen, also ist es ein wichtiger Aspekt eine gute Beziehung zu ihnen aufzubauen. Sei kreativ und entwickle neue Spielideen, zeige Geduld und Verst\u00e4ndnis, besonders wenn die Kinder anfangs zur\u00fcckhaltend sind, und nimm dir Zeit, sie und ihre Hobbys kennenzulernen. <\/p>\n\n\n\n<hr class=\"wp-block-separator has-alpha-channel-opacity\"\/>\n\n\n\n<h3 class=\"wp-block-heading\"><strong>3. Herausforderungen meistern \u2013 So bleibst du motiviert<\/strong><\/h3>\n\n\n\n<h4 class=\"wp-block-heading\"><strong>3.1 Sei flexibel und anpassungsf\u00e4hig<\/strong><\/h4>\n\n\n\n<p>Jedes Au-Pair-Erlebnis ist anders \u2013 nicht alles l\u00e4uft nach Plan. Ein erfolgreiches Au-Pair:<\/p>\n\n\n\n<ul class=\"wp-block-list\">\n<li>Reagiert ruhig auf Herausforderungen und unerwartete Situationen.<\/li>\n\n\n\n<li>Lernt, mit <a href=\"https:\/\/www.aupair.com\/de\/p-heimweh.php\" target=\"_blank\" rel=\"noreferrer noopener\">Heimweh<\/a> umzugehen, indem es sich in das Familienleben integriert.<\/li>\n\n\n\n<li>Sucht Unterst\u00fctzung bei anderen Au-Pairs oder der Agentur, wenn Probleme auftreten.<\/li>\n<\/ul>\n\n\n\n<h4 class=\"wp-block-heading\"><strong>3.2 Setze klare Grenzen<\/strong><\/h4>\n\n\n\n<p>Auch wenn du als Teil der Familie giltst, hast du <a href=\"https:\/\/au-pair.org\/de\/rechte-und-pflichten-au-pair\/\">Rechte<\/a>. So sind beispielsweise deine Arbeitszeiten geregelt (z. B. maximal 30 Stunden pro Woche in Deutschland, 45 Stunden in den <a href=\"http:\/\/www.aupair-usa.net\/de\/taschengeld-freizeit-urlaub-au-pair-usa\/\" target=\"_blank\" rel=\"noreferrer noopener\">USA<\/a>). Denk daran, dass du <strong>keine Vollzeit-Haushaltshilfe<\/strong> bist \u2013 deine Aufgaben sollten sich auf die Kinderbetreuung und leichte Hausarbeit beschr\u00e4nken. Falls du dich unwohl f\u00fchlst, sprich mit deiner Gastfamilie oder deiner <a href=\"https:\/\/au-pair.org\/de\/full-service-agentur-oder-plattform\/\">Au-Pair-Agentur<\/a>.<\/p>\n\n\n\n<hr class=\"wp-block-separator has-alpha-channel-opacity\"\/>\n\n\n\n<h3 class=\"wp-block-heading\"><strong>4. Die perfekte Balance zwischen Arbeit und Freizeit finden<\/strong><\/h3>\n\n\n\n<p>Ein erfolgreicher Au-Pair-Aufenthalt bedeutet nicht nur Arbeit \u2013 du solltest auch deine Freizeit genie\u00dfen und so das Beste aus deinem Aufenthalt machen.<\/p>\n\n\n\n<h4 class=\"wp-block-heading\"><strong>4.1 Unternehme etwas in deiner Freizeit<\/strong><\/h4>\n\n\n\n<ul class=\"wp-block-list\">\n<li>Triff dich mit anderen Au-Pairs, um Erfahrungen auszutauschen.<\/li>\n\n\n\n<li>Besuche Sprachkurse und erkunde dein Gastland.<\/li>\n\n\n\n<li>Reise an Wochenenden oder in deinem Urlaub an neue Orten.<\/li>\n<\/ul>\n\n\n\n<figure class=\"wp-block-image aligncenter size-large is-resized\"><img loading=\"lazy\" decoding=\"async\" width=\"819\" height=\"1024\" src=\"https:\/\/au-pair.org\/wp-content\/uploads\/2022\/12\/pexels-michael-block-3225529-819x1024.jpg\" alt=\"erfolgreiches au pair\" class=\"wp-image-1551\" style=\"width:246px;height:auto\" srcset=\"https:\/\/au-pair.org\/wp-content\/uploads\/2022\/12\/pexels-michael-block-3225529-819x1024.jpg 819w, https:\/\/au-pair.org\/wp-content\/uploads\/2022\/12\/pexels-michael-block-3225529-240x300.jpg 240w, https:\/\/au-pair.org\/wp-content\/uploads\/2022\/12\/pexels-michael-block-3225529-768x960.jpg 768w, https:\/\/au-pair.org\/wp-content\/uploads\/2022\/12\/pexels-michael-block-3225529-1229x1536.jpg 1229w, https:\/\/au-pair.org\/wp-content\/uploads\/2022\/12\/pexels-michael-block-3225529-1638x2048.jpg 1638w, https:\/\/au-pair.org\/wp-content\/uploads\/2022\/12\/pexels-michael-block-3225529-scaled.jpg 2048w\" sizes=\"auto, (max-width: 819px) 100vw, 819px\" \/><\/figure>\n\n\n\n<h4 class=\"wp-block-heading\"><strong>4.2 Plane deine Finanzen gut<\/strong><\/h4>\n\n\n\n<p>Dein Taschengeld sollte f\u00fcr pers\u00f6nliche Ausgaben reichen, aber plane auch f\u00fcr gr\u00f6\u00dfere Ausfl\u00fcge. Viele Au-Pairs nutzen Nebenjobs (falls erlaubt), um zus\u00e4tzliches Geld zu verdienen. Es ist auch eine gute Idee sich ein Sparkonto zu erstellen, um f\u00fcr gr\u00f6\u00dfere Reisen zu sparen.<\/p>\n\n\n\n<hr class=\"wp-block-separator has-alpha-channel-opacity\"\/>\n\n\n\n<h3 class=\"wp-block-heading\"><strong>5. Nach dem Au-Pair-Aufenthalt \u2013 Nutze deine Erfahrungen f\u00fcr die Zukunft<\/strong><\/h3>\n\n\n\n<p>Ein erfolgreicher Au-Pair-Aufenthalt bringt viele Vorteile f\u00fcr deine Zukunft:<\/p>\n\n\n\n<ul class=\"wp-block-list\">\n<li>Du hast <strong>wertvolle Soft Skills<\/strong> entwickelt: Verantwortung, Organisation und interkulturelle Kompetenz.<\/li>\n\n\n\n<li>Du kannst deine Sprachkenntnisse nutzen, um in internationalen Jobs bessere Chancen zu haben.<\/li>\n\n\n\n<li>Dein Au-Pair-Zeugnis kann dir bei Bewerbungen f\u00fcr Universit\u00e4ten oder Arbeitsstellen helfen.<\/li>\n<\/ul>\n","protected":false},"excerpt":{"rendered":"<p>Ein Au-Pair-Aufenthalt ist eine einmalige Gelegenheit, die Welt zu entdecken, eine neue Sprache zu lernen und wertvolle Erfahrungen in der Kinderbetreuung zu sammeln. Doch was macht ein erfolgreiches Au-Pair aus? Welche F\u00e4higkeiten und Eigenschaften helfen dir, eine starke Verbindung zu deiner Gastfamilie aufzubauen und deinen Aufenthalt optimal zu gestalten? In diesem Leitfaden erf\u00e4hrst du die [&hellip;]<\/p>\n","protected":false},"author":4,"featured_media":0,"parent":0,"menu_order":0,"comment_status":"closed","ping_status":"closed","template":"","meta":{"footnotes":""},"class_list":["post-2034","page","type-page","status-publish","hentry"],"yoast_head":"<!-- This site is optimized with the Yoast SEO plugin v26.4 - https:\/\/yoast.com\/wordpress\/plugins\/seo\/ -->\n<title>Wie wird man ein erfolgreiches Au-Pair?<\/title>\n<meta name=\"description\" content=\"Erfahre, wie du ein erfolgreiches Au-Pair wirst! Tipps zur Vorbereitung, Kinderbetreuung und Integration f\u00fcr ein unvergessliches Erlebnis.\" \/>\n<meta name=\"robots\" content=\"index, follow, max-snippet:-1, max-image-preview:large, max-video-preview:-1\" \/>\n<link rel=\"canonical\" href=\"https:\/\/au-pair.org\/de\/wie-wird-man-ein-erfolgreiches-au-pair\/\" \/>\n<meta property=\"og:locale\" content=\"de_DE\" \/>\n<meta property=\"og:type\" content=\"article\" \/>\n<meta property=\"og:title\" content=\"Wie wird man ein erfolgreiches Au-Pair?\" \/>\n<meta property=\"og:description\" content=\"Erfahre, wie du ein erfolgreiches Au-Pair wirst! Tipps zur Vorbereitung, Kinderbetreuung und Integration f\u00fcr ein unvergessliches Erlebnis.\" \/>\n<meta property=\"og:url\" content=\"https:\/\/au-pair.org\/de\/wie-wird-man-ein-erfolgreiches-au-pair\/\" \/>\n<meta property=\"og:site_name\" content=\"Au Pair organisation\" \/>\n<meta property=\"article:modified_time\" content=\"2025-02-05T14:34:59+00:00\" \/>\n<meta property=\"og:image\" content=\"https:\/\/au-pair.org\/wp-content\/uploads\/2022\/12\/pexels-michael-block-3225529-scaled.jpg\" \/>\n\t<meta property=\"og:image:width\" content=\"2048\" \/>\n\t<meta property=\"og:image:height\" content=\"2560\" \/>\n\t<meta property=\"og:image:type\" content=\"image\/jpeg\" \/>\n<meta name=\"twitter:card\" content=\"summary_large_image\" \/>\n<meta name=\"twitter:label1\" content=\"Gesch\u00e4tzte Lesezeit\" \/>\n\t<meta name=\"twitter:data1\" content=\"4\u00a0Minuten\" \/>\n<script type=\"application\/ld+json\" class=\"yoast-schema-graph\">{\"@context\":\"https:\/\/schema.org\",\"@graph\":[{\"@type\":\"WebPage\",\"@id\":\"https:\/\/au-pair.org\/de\/wie-wird-man-ein-erfolgreiches-au-pair\/\",\"url\":\"https:\/\/au-pair.org\/de\/wie-wird-man-ein-erfolgreiches-au-pair\/\",\"name\":\"Wie wird man ein erfolgreiches Au-Pair?\",\"isPartOf\":{\"@id\":\"https:\/\/au-pair.org\/de\/#website\"},\"primaryImageOfPage\":{\"@id\":\"https:\/\/au-pair.org\/de\/wie-wird-man-ein-erfolgreiches-au-pair\/#primaryimage\"},\"image\":{\"@id\":\"https:\/\/au-pair.org\/de\/wie-wird-man-ein-erfolgreiches-au-pair\/#primaryimage\"},\"thumbnailUrl\":\"https:\/\/au-pair.org\/wp-content\/uploads\/2022\/12\/pexels-michael-block-3225529-819x1024.jpg\",\"datePublished\":\"2025-02-05T14:30:15+00:00\",\"dateModified\":\"2025-02-05T14:34:59+00:00\",\"description\":\"Erfahre, wie du ein erfolgreiches Au-Pair wirst! Tipps zur Vorbereitung, Kinderbetreuung und Integration f\u00fcr ein unvergessliches Erlebnis.\",\"breadcrumb\":{\"@id\":\"https:\/\/au-pair.org\/de\/wie-wird-man-ein-erfolgreiches-au-pair\/#breadcrumb\"},\"inLanguage\":\"de\",\"potentialAction\":[{\"@type\":\"ReadAction\",\"target\":[\"https:\/\/au-pair.org\/de\/wie-wird-man-ein-erfolgreiches-au-pair\/\"]}]},{\"@type\":\"ImageObject\",\"inLanguage\":\"de\",\"@id\":\"https:\/\/au-pair.org\/de\/wie-wird-man-ein-erfolgreiches-au-pair\/#primaryimage\",\"url\":\"https:\/\/au-pair.org\/wp-content\/uploads\/2022\/12\/pexels-michael-block-3225529-819x1024.jpg\",\"contentUrl\":\"https:\/\/au-pair.org\/wp-content\/uploads\/2022\/12\/pexels-michael-block-3225529-819x1024.jpg\"},{\"@type\":\"BreadcrumbList\",\"@id\":\"https:\/\/au-pair.org\/de\/wie-wird-man-ein-erfolgreiches-au-pair\/#breadcrumb\",\"itemListElement\":[{\"@type\":\"ListItem\",\"position\":1,\"name\":\"In\u00edcio\",\"item\":\"https:\/\/au-pair.org\/de\/\"},{\"@type\":\"ListItem\",\"position\":2,\"name\":\"Wie wird man ein erfolgreiches Au-Pair?\"}]},{\"@type\":\"WebSite\",\"@id\":\"https:\/\/au-pair.org\/de\/#website\",\"url\":\"https:\/\/au-pair.org\/de\/\",\"name\":\"Au Pair organisation\",\"description\":\"\",\"publisher\":{\"@id\":\"https:\/\/au-pair.org\/de\/#organization\"},\"potentialAction\":[{\"@type\":\"SearchAction\",\"target\":{\"@type\":\"EntryPoint\",\"urlTemplate\":\"https:\/\/au-pair.org\/de\/?s={search_term_string}\"},\"query-input\":{\"@type\":\"PropertyValueSpecification\",\"valueRequired\":true,\"valueName\":\"search_term_string\"}}],\"inLanguage\":\"de\"},{\"@type\":\"Organization\",\"@id\":\"https:\/\/au-pair.org\/de\/#organization\",\"name\":\"Au Pair organisation\",\"url\":\"https:\/\/au-pair.org\/de\/\",\"logo\":{\"@type\":\"ImageObject\",\"inLanguage\":\"de\",\"@id\":\"https:\/\/au-pair.org\/de\/#\/schema\/logo\/image\/\",\"url\":\"https:\/\/au-pair.org\/wp-content\/uploads\/2023\/12\/cropped-FBlogo170x170.webp\",\"contentUrl\":\"https:\/\/au-pair.org\/wp-content\/uploads\/2023\/12\/cropped-FBlogo170x170.webp\",\"width\":120,\"height\":120,\"caption\":\"Au Pair organisation\"},\"image\":{\"@id\":\"https:\/\/au-pair.org\/de\/#\/schema\/logo\/image\/\"}}]}<\/script>\n<!-- \/ Yoast SEO plugin. -->","yoast_head_json":{"title":"Wie wird man ein erfolgreiches Au-Pair?","description":"Erfahre, wie du ein erfolgreiches Au-Pair wirst! Tipps zur Vorbereitung, Kinderbetreuung und Integration f\u00fcr ein unvergessliches Erlebnis.","robots":{"index":"index","follow":"follow","max-snippet":"max-snippet:-1","max-image-preview":"max-image-preview:large","max-video-preview":"max-video-preview:-1"},"canonical":"https:\/\/au-pair.org\/de\/wie-wird-man-ein-erfolgreiches-au-pair\/","og_locale":"de_DE","og_type":"article","og_title":"Wie wird man ein erfolgreiches Au-Pair?","og_description":"Erfahre, wie du ein erfolgreiches Au-Pair wirst! Tipps zur Vorbereitung, Kinderbetreuung und Integration f\u00fcr ein unvergessliches Erlebnis.","og_url":"https:\/\/au-pair.org\/de\/wie-wird-man-ein-erfolgreiches-au-pair\/","og_site_name":"Au Pair organisation","article_modified_time":"2025-02-05T14:34:59+00:00","og_image":[{"width":2048,"height":2560,"url":"https:\/\/au-pair.org\/wp-content\/uploads\/2022\/12\/pexels-michael-block-3225529-scaled.jpg","type":"image\/jpeg"}],"twitter_card":"summary_large_image","twitter_misc":{"Gesch\u00e4tzte Lesezeit":"4\u00a0Minuten"},"schema":{"@context":"https:\/\/schema.org","@graph":[{"@type":"WebPage","@id":"https:\/\/au-pair.org\/de\/wie-wird-man-ein-erfolgreiches-au-pair\/","url":"https:\/\/au-pair.org\/de\/wie-wird-man-ein-erfolgreiches-au-pair\/","name":"Wie wird man ein erfolgreiches Au-Pair?","isPartOf":{"@id":"https:\/\/au-pair.org\/de\/#website"},"primaryImageOfPage":{"@id":"https:\/\/au-pair.org\/de\/wie-wird-man-ein-erfolgreiches-au-pair\/#primaryimage"},"image":{"@id":"https:\/\/au-pair.org\/de\/wie-wird-man-ein-erfolgreiches-au-pair\/#primaryimage"},"thumbnailUrl":"https:\/\/au-pair.org\/wp-content\/uploads\/2022\/12\/pexels-michael-block-3225529-819x1024.jpg","datePublished":"2025-02-05T14:30:15+00:00","dateModified":"2025-02-05T14:34:59+00:00","description":"Erfahre, wie du ein erfolgreiches Au-Pair wirst! Tipps zur Vorbereitung, Kinderbetreuung und Integration f\u00fcr ein unvergessliches Erlebnis.","breadcrumb":{"@id":"https:\/\/au-pair.org\/de\/wie-wird-man-ein-erfolgreiches-au-pair\/#breadcrumb"},"inLanguage":"de","potentialAction":[{"@type":"ReadAction","target":["https:\/\/au-pair.org\/de\/wie-wird-man-ein-erfolgreiches-au-pair\/"]}]},{"@type":"ImageObject","inLanguage":"de","@id":"https:\/\/au-pair.org\/de\/wie-wird-man-ein-erfolgreiches-au-pair\/#primaryimage","url":"https:\/\/au-pair.org\/wp-content\/uploads\/2022\/12\/pexels-michael-block-3225529-819x1024.jpg","contentUrl":"https:\/\/au-pair.org\/wp-content\/uploads\/2022\/12\/pexels-michael-block-3225529-819x1024.jpg"},{"@type":"BreadcrumbList","@id":"https:\/\/au-pair.org\/de\/wie-wird-man-ein-erfolgreiches-au-pair\/#breadcrumb","itemListElement":[{"@type":"ListItem","position":1,"name":"In\u00edcio","item":"https:\/\/au-pair.org\/de\/"},{"@type":"ListItem","position":2,"name":"Wie wird man ein erfolgreiches Au-Pair?"}]},{"@type":"WebSite","@id":"https:\/\/au-pair.org\/de\/#website","url":"https:\/\/au-pair.org\/de\/","name":"Au Pair organisation","description":"","publisher":{"@id":"https:\/\/au-pair.org\/de\/#organization"},"potentialAction":[{"@type":"SearchAction","target":{"@type":"EntryPoint","urlTemplate":"https:\/\/au-pair.org\/de\/?s={search_term_string}"},"query-input":{"@type":"PropertyValueSpecification","valueRequired":true,"valueName":"search_term_string"}}],"inLanguage":"de"},{"@type":"Organization","@id":"https:\/\/au-pair.org\/de\/#organization","name":"Au Pair organisation","url":"https:\/\/au-pair.org\/de\/","logo":{"@type":"ImageObject","inLanguage":"de","@id":"https:\/\/au-pair.org\/de\/#\/schema\/logo\/image\/","url":"https:\/\/au-pair.org\/wp-content\/uploads\/2023\/12\/cropped-FBlogo170x170.webp","contentUrl":"https:\/\/au-pair.org\/wp-content\/uploads\/2023\/12\/cropped-FBlogo170x170.webp","width":120,"height":120,"caption":"Au Pair organisation"},"image":{"@id":"https:\/\/au-pair.org\/de\/#\/schema\/logo\/image\/"}}]}},"_links":{"self":[{"href":"https:\/\/au-pair.org\/de\/wp-json\/wp\/v2\/pages\/2034","targetHints":{"allow":["GET"]}}],"collection":[{"href":"https:\/\/au-pair.org\/de\/wp-json\/wp\/v2\/pages"}],"about":[{"href":"https:\/\/au-pair.org\/de\/wp-json\/wp\/v2\/types\/page"}],"author":[{"embeddable":true,"href":"https:\/\/au-pair.org\/de\/wp-json\/wp\/v2\/users\/4"}],"replies":[{"embeddable":true,"href":"https:\/\/au-pair.org\/de\/wp-json\/wp\/v2\/comments?post=2034"}],"version-history":[{"count":1,"href":"https:\/\/au-pair.org\/de\/wp-json\/wp\/v2\/pages\/2034\/revisions"}],"predecessor-version":[{"id":2037,"href":"https:\/\/au-pair.org\/de\/wp-json\/wp\/v2\/pages\/2034\/revisions\/2037"}],"wp:attachment":[{"href":"https:\/\/au-pair.org\/de\/wp-json\/wp\/v2\/media?parent=2034"}],"curies":[{"name":"wp","href":"https:\/\/api.w.org\/{rel}","templated":true}]}}