{"id":2030,"date":"2025-02-05T13:59:19","date_gmt":"2025-02-05T12:59:19","guid":{"rendered":"https:\/\/au-pair.org\/?page_id=2030"},"modified":"2025-02-05T14:04:23","modified_gmt":"2025-02-05T13:04:23","slug":"loesung-von-problemen-zwischen-gastfamilie-und-au-pair","status":"publish","type":"page","link":"https:\/\/au-pair.org\/de\/loesung-von-problemen-zwischen-gastfamilie-und-au-pair\/","title":{"rendered":"L\u00f6sung von Problemen zwischen Gastfamilie und Au-Pair"},"content":{"rendered":"\n<p>Ein harmonisches Miteinander zwischen Au-Pair und Gastfamilie ist das Fundament f\u00fcr eine erfolgreiche Zeit im Ausland. Doch wie in jeder Beziehung k\u00f6nnen auch hier Konflikte und Missverst\u00e4ndnisse auftreten. Der Schl\u00fcssel zum Erfolg liegt in der richtigen <a href=\"https:\/\/www.aupair.com\/de\/au-pair-blog\/gastfamilien\/wie-sie-effektiv-mit-ihrem-au-pair-kommunizieren.php\" target=\"_blank\" rel=\"noreferrer noopener\">Kommunikation<\/a> und der Bereitschaft, <a href=\"https:\/\/www.aupair.net\/de\/probleme-loesen\/\" target=\"_blank\" rel=\"noreferrer noopener\">Probleme fr\u00fchzeitig zu l\u00f6sen<\/a>. In diesem Artikel geben wir wertvolle Tipps, wie <a href=\"https:\/\/www.aupair.com\/de\/p-problem-loesen.php\" target=\"_blank\" rel=\"noreferrer noopener\">Konflikte<\/a> zwischen Au-Pair und Gastfamilie erkannt und aufgel\u00f6st werden k\u00f6nnen, um eine unvergessliche und bereichernde Erfahrung f\u00fcr beide Seiten zu gew\u00e4hrleisten.<\/p>\n\n\n\n<h3 class=\"wp-block-heading\"><strong>1. Fr\u00fchzeitige Kommunikation ist entscheidend<\/strong><\/h3>\n\n\n\n<p>Einer der h\u00e4ufigsten Gr\u00fcnde f\u00fcr Konflikte zwischen Au-Pair und Gastfamilie ist das Fehlen einer offenen und transparenten <a href=\"https:\/\/au-pair.org\/de\/tipps-effektive-kommunikation\/\">Kommunikation<\/a>. Daher ist es wichtig, von Anfang an klare Erwartungen und Grenzen zu definieren. Hierbei hilft es, regelm\u00e4\u00dfige Gespr\u00e4che einzuplanen, in denen beide Seiten ihre Bed\u00fcrfnisse und Bedenken \u00e4u\u00dfern k\u00f6nnen.<\/p>\n\n\n\n<ul class=\"wp-block-list\">\n<li><strong>Au-Pair:<\/strong> Wenn du als Au-Pair ein Problem hast, sei es mit den Aufgaben, den Kindern oder der Umgebung, solltest du nicht z\u00f6gern, dies anzusprechen. H\u00f6flich, aber bestimmt, kannst du darauf hinweisen, was dich st\u00f6rt, und gemeinsam eine L\u00f6sung finden.<\/li>\n\n\n\n<li><strong>Gastfamilie:<\/strong> Auch Sie als Gastfamilie sollten regelm\u00e4\u00dfig nach dem Wohlbefinden Ihres Au-Pairs fragen und sicherstellen, dass es sich bei Ihnen zu Hause wohl f\u00fchlt.<\/li>\n<\/ul>\n\n\n\n<h3 class=\"wp-block-heading\"><strong>2. Konflikte konstruktiv ansprechen<\/strong><\/h3>\n\n\n\n<p>Es ist wichtig, Konflikte nicht zu ignorieren oder unter den Teppich zu kehren. Ein ungel\u00f6stes Problem kann schnell eskalieren. Stattdessen sollte man versuchen, Konflikte konstruktiv anzugehen. Hierbei hilft es, &#8222;Ich-Botschaften&#8220; zu verwenden \u2013 anstatt zu sagen &#8222;Du machst immer\u2026&#8220;, k\u00f6nnte man sagen &#8222;Ich f\u00fchle mich unwohl, wenn\u2026&#8220;. So werden Schuldzuweisungen vermieden und man bleibt auf der Sachebene.<\/p>\n\n\n\n<h3 class=\"wp-block-heading\"><strong>3. Realistische Erwartungen setzen<\/strong><\/h3>\n\n\n\n<p>Oft entstehen Konflikte durch unrealistische Erwartungen, die entweder das Au-Pair oder die Gastfamilie aneinanderstellen. W\u00e4hrend das Au-Pair in eine neue Kultur eintaucht, erwartet die Gastfamilie eine zuverl\u00e4ssige Unterst\u00fctzung. Bevor es zu Missverst\u00e4ndnissen kommt, sollten beide Parteien ihre Erwartungen klar und realistisch formulieren.<\/p>\n\n\n\n<ul class=\"wp-block-list\">\n<li><strong>Au-Pair:<\/strong> \u00dcberlege dir im Voraus, was du leisten kannst und was nicht. Wenn du eine Herausforderung siehst, sprich dies an und versuche, gemeinsam L\u00f6sungen zu finden.<\/li>\n\n\n\n<li><strong>Gastfamilie:<\/strong> Achten Sie darauf, dass die Aufgaben Ihres Au-Pairs im Rahmen des vertraglich Vereinbarten bleiben und dass es auch gen\u00fcgend Freizeit hat, um sich zu erholen und seine eigenen Interessen zu pflegen.<\/li>\n<\/ul>\n\n\n\n<h3 class=\"wp-block-heading\"><strong>4. Einen neutralen Vermittler hinzuziehen<\/strong><\/h3>\n\n\n\n<p>In einigen F\u00e4llen kann es hilfreich sein, einen neutralen <a href=\"https:\/\/au-pair.org\/de\/au-pair-org-mitglieder\/\">Vermittler<\/a> hinzuzuziehen, um Konflikte zu l\u00f6sen. Ein offenes Gespr\u00e4ch in einer neutralen Atmosph\u00e4re kann helfen, Missverst\u00e4ndnisse zu kl\u00e4ren und L\u00f6sungen zu finden.<\/p>\n\n\n\n<figure class=\"wp-block-image aligncenter size-large is-resized\"><img loading=\"lazy\" decoding=\"async\" width=\"684\" height=\"1024\" src=\"https:\/\/au-pair.org\/wp-content\/uploads\/2022\/12\/pexels-leeloo-thefirst-5428833-684x1024.jpg\" alt=\"probleme zwischen gastfamilie und au pair\" class=\"wp-image-1547\" style=\"width:219px;height:auto\" srcset=\"https:\/\/au-pair.org\/wp-content\/uploads\/2022\/12\/pexels-leeloo-thefirst-5428833-684x1024.jpg 684w, https:\/\/au-pair.org\/wp-content\/uploads\/2022\/12\/pexels-leeloo-thefirst-5428833-200x300.jpg 200w, https:\/\/au-pair.org\/wp-content\/uploads\/2022\/12\/pexels-leeloo-thefirst-5428833-768x1150.jpg 768w, https:\/\/au-pair.org\/wp-content\/uploads\/2022\/12\/pexels-leeloo-thefirst-5428833-1025x1536.jpg 1025w, https:\/\/au-pair.org\/wp-content\/uploads\/2022\/12\/pexels-leeloo-thefirst-5428833-1367x2048.jpg 1367w, https:\/\/au-pair.org\/wp-content\/uploads\/2022\/12\/pexels-leeloo-thefirst-5428833-scaled.jpg 1709w\" sizes=\"auto, (max-width: 684px) 100vw, 684px\" \/><\/figure>\n\n\n\n<h3 class=\"wp-block-heading\"><strong>5. Konflikte als Chance zur Weiterentwicklung sehen<\/strong><\/h3>\n\n\n\n<p>Ein Konflikt muss nicht immer negativ sein. Vielmehr kann er als Chance zur Weiterentwicklung und Verbesserung der Beziehung zwischen Au-Pair und Gastfamilie gesehen werden. Beide Seiten k\u00f6nnen durch die Auseinandersetzung lernen, wie sie besser miteinander kommunizieren und sich an die Bed\u00fcrfnisse des anderen anpassen k\u00f6nnen.<\/p>\n\n\n\n<h3 class=\"wp-block-heading\"><strong>6. Kulturelle Unterschiede ber\u00fccksichtigen<\/strong><\/h3>\n\n\n\n<p>Ein h\u00e4ufiges Problem, das zwischen Au-Pair und Gastfamilie auftreten kann, ist die unterschiedliche kulturelle Herkunft. Oft entstehen Missverst\u00e4ndnisse, weil bestimmte Verhaltensweisen oder Erwartungen in der jeweiligen <a href=\"https:\/\/www.aupair.com\/de\/au-pair-blog\/gastfamilien\/kulturaustausch-mit-einem-au-pair.php\">Kultur<\/a> unterschiedlich interpretiert werden. Es ist wichtig, Verst\u00e4ndnis f\u00fcr die Kultur des anderen zu entwickeln und in den Dialog zu treten, um gemeinsam einen respektvollen Umgang zu finden.<\/p>\n\n\n\n<h3 class=\"wp-block-heading\"><strong>7. Probleme zeitnah l\u00f6sen, bevor sie sich versch\u00e4rfen<\/strong><\/h3>\n\n\n\n<p>Wenn ein Problem auftritt, sollte es nicht lange aufgeschoben werden. Konflikte, die nicht zeitnah angesprochen werden, k\u00f6nnen sich im Laufe der Zeit versch\u00e4rfen und zu gr\u00f6\u00dferen Unstimmigkeiten f\u00fchren. Daher sollte man sofort in einem ruhigen Moment das Gespr\u00e4ch suchen und eine L\u00f6sung finden, die f\u00fcr beide Seiten akzeptabel ist.<\/p>\n\n\n\n<h3 class=\"wp-block-heading\"><strong>8. Ziel: Eine positive und respektvolle Beziehung<\/strong><\/h3>\n\n\n\n<p>Das Ziel jedes Au-Pair Programms sollte eine respektvolle und freundliche Zusammenarbeit sein. Beide Seiten haben die M\u00f6glichkeit, voneinander zu lernen, und ein konfliktfreies Miteinander f\u00fchrt zu einer positiven Erfahrung. Auch wenn es einmal zu einem Konflikt kommt, sollte dieser als Lernchance und nicht als un\u00fcberwindbares Hindernis gesehen werden.<\/p>\n\n\n\n<p><\/p>\n","protected":false},"excerpt":{"rendered":"<p>Ein harmonisches Miteinander zwischen Au-Pair und Gastfamilie ist das Fundament f\u00fcr eine erfolgreiche Zeit im Ausland. Doch wie in jeder Beziehung k\u00f6nnen auch hier Konflikte und Missverst\u00e4ndnisse auftreten. Der Schl\u00fcssel zum Erfolg liegt in der richtigen Kommunikation und der Bereitschaft, Probleme fr\u00fchzeitig zu l\u00f6sen. In diesem Artikel geben wir wertvolle Tipps, wie Konflikte zwischen Au-Pair [&hellip;]<\/p>\n","protected":false},"author":4,"featured_media":0,"parent":0,"menu_order":0,"comment_status":"closed","ping_status":"closed","template":"","meta":{"footnotes":""},"class_list":["post-2030","page","type-page","status-publish","hentry"],"yoast_head":"<!-- This site is optimized with the Yoast SEO plugin v26.4 - https:\/\/yoast.com\/wordpress\/plugins\/seo\/ -->\n<title>L\u00f6sung von Problemen zwischen Gastfamilie und Au-Pair<\/title>\n<meta name=\"description\" content=\"L\u00f6sung von Problemen zwischen Au Pair und Gastfamilie: Kommunikation, Erwartungen kl\u00e4ren und Konflikte schnell l\u00f6sen.\" \/>\n<meta name=\"robots\" content=\"index, follow, max-snippet:-1, max-image-preview:large, max-video-preview:-1\" \/>\n<link rel=\"canonical\" href=\"https:\/\/au-pair.org\/de\/loesung-von-problemen-zwischen-gastfamilie-und-au-pair\/\" \/>\n<meta property=\"og:locale\" content=\"de_DE\" \/>\n<meta property=\"og:type\" content=\"article\" \/>\n<meta property=\"og:title\" content=\"L\u00f6sung von Problemen zwischen Gastfamilie und Au-Pair\" \/>\n<meta property=\"og:description\" content=\"L\u00f6sung von Problemen zwischen Au Pair und Gastfamilie: Kommunikation, Erwartungen kl\u00e4ren und Konflikte schnell l\u00f6sen.\" \/>\n<meta property=\"og:url\" content=\"https:\/\/au-pair.org\/de\/loesung-von-problemen-zwischen-gastfamilie-und-au-pair\/\" \/>\n<meta property=\"og:site_name\" content=\"Au Pair organisation\" \/>\n<meta property=\"article:modified_time\" content=\"2025-02-05T13:04:23+00:00\" \/>\n<meta property=\"og:image\" content=\"https:\/\/au-pair.org\/wp-content\/uploads\/2022\/12\/pexels-leeloo-thefirst-5428833-scaled.jpg\" \/>\n\t<meta property=\"og:image:width\" content=\"1709\" \/>\n\t<meta property=\"og:image:height\" content=\"2560\" \/>\n\t<meta property=\"og:image:type\" content=\"image\/jpeg\" \/>\n<meta name=\"twitter:card\" content=\"summary_large_image\" \/>\n<meta name=\"twitter:label1\" content=\"Gesch\u00e4tzte Lesezeit\" \/>\n\t<meta name=\"twitter:data1\" content=\"4\u00a0Minuten\" \/>\n<script type=\"application\/ld+json\" class=\"yoast-schema-graph\">{\"@context\":\"https:\/\/schema.org\",\"@graph\":[{\"@type\":\"WebPage\",\"@id\":\"https:\/\/au-pair.org\/de\/loesung-von-problemen-zwischen-gastfamilie-und-au-pair\/\",\"url\":\"https:\/\/au-pair.org\/de\/loesung-von-problemen-zwischen-gastfamilie-und-au-pair\/\",\"name\":\"L\u00f6sung von Problemen zwischen Gastfamilie und Au-Pair\",\"isPartOf\":{\"@id\":\"https:\/\/au-pair.org\/de\/#website\"},\"primaryImageOfPage\":{\"@id\":\"https:\/\/au-pair.org\/de\/loesung-von-problemen-zwischen-gastfamilie-und-au-pair\/#primaryimage\"},\"image\":{\"@id\":\"https:\/\/au-pair.org\/de\/loesung-von-problemen-zwischen-gastfamilie-und-au-pair\/#primaryimage\"},\"thumbnailUrl\":\"https:\/\/au-pair.org\/wp-content\/uploads\/2022\/12\/pexels-leeloo-thefirst-5428833-684x1024.jpg\",\"datePublished\":\"2025-02-05T12:59:19+00:00\",\"dateModified\":\"2025-02-05T13:04:23+00:00\",\"description\":\"L\u00f6sung von Problemen zwischen Au Pair und Gastfamilie: Kommunikation, Erwartungen kl\u00e4ren und Konflikte schnell l\u00f6sen.\",\"breadcrumb\":{\"@id\":\"https:\/\/au-pair.org\/de\/loesung-von-problemen-zwischen-gastfamilie-und-au-pair\/#breadcrumb\"},\"inLanguage\":\"de\",\"potentialAction\":[{\"@type\":\"ReadAction\",\"target\":[\"https:\/\/au-pair.org\/de\/loesung-von-problemen-zwischen-gastfamilie-und-au-pair\/\"]}]},{\"@type\":\"ImageObject\",\"inLanguage\":\"de\",\"@id\":\"https:\/\/au-pair.org\/de\/loesung-von-problemen-zwischen-gastfamilie-und-au-pair\/#primaryimage\",\"url\":\"https:\/\/au-pair.org\/wp-content\/uploads\/2022\/12\/pexels-leeloo-thefirst-5428833-684x1024.jpg\",\"contentUrl\":\"https:\/\/au-pair.org\/wp-content\/uploads\/2022\/12\/pexels-leeloo-thefirst-5428833-684x1024.jpg\"},{\"@type\":\"BreadcrumbList\",\"@id\":\"https:\/\/au-pair.org\/de\/loesung-von-problemen-zwischen-gastfamilie-und-au-pair\/#breadcrumb\",\"itemListElement\":[{\"@type\":\"ListItem\",\"position\":1,\"name\":\"In\u00edcio\",\"item\":\"https:\/\/au-pair.org\/de\/\"},{\"@type\":\"ListItem\",\"position\":2,\"name\":\"L\u00f6sung von Problemen zwischen Gastfamilie und Au-Pair\"}]},{\"@type\":\"WebSite\",\"@id\":\"https:\/\/au-pair.org\/de\/#website\",\"url\":\"https:\/\/au-pair.org\/de\/\",\"name\":\"Au Pair organisation\",\"description\":\"\",\"publisher\":{\"@id\":\"https:\/\/au-pair.org\/de\/#organization\"},\"potentialAction\":[{\"@type\":\"SearchAction\",\"target\":{\"@type\":\"EntryPoint\",\"urlTemplate\":\"https:\/\/au-pair.org\/de\/?s={search_term_string}\"},\"query-input\":{\"@type\":\"PropertyValueSpecification\",\"valueRequired\":true,\"valueName\":\"search_term_string\"}}],\"inLanguage\":\"de\"},{\"@type\":\"Organization\",\"@id\":\"https:\/\/au-pair.org\/de\/#organization\",\"name\":\"Au Pair organisation\",\"url\":\"https:\/\/au-pair.org\/de\/\",\"logo\":{\"@type\":\"ImageObject\",\"inLanguage\":\"de\",\"@id\":\"https:\/\/au-pair.org\/de\/#\/schema\/logo\/image\/\",\"url\":\"https:\/\/au-pair.org\/wp-content\/uploads\/2023\/12\/cropped-FBlogo170x170.webp\",\"contentUrl\":\"https:\/\/au-pair.org\/wp-content\/uploads\/2023\/12\/cropped-FBlogo170x170.webp\",\"width\":120,\"height\":120,\"caption\":\"Au Pair organisation\"},\"image\":{\"@id\":\"https:\/\/au-pair.org\/de\/#\/schema\/logo\/image\/\"}}]}<\/script>\n<!-- \/ Yoast SEO plugin. -->","yoast_head_json":{"title":"L\u00f6sung von Problemen zwischen Gastfamilie und Au-Pair","description":"L\u00f6sung von Problemen zwischen Au Pair und Gastfamilie: Kommunikation, Erwartungen kl\u00e4ren und Konflikte schnell l\u00f6sen.","robots":{"index":"index","follow":"follow","max-snippet":"max-snippet:-1","max-image-preview":"max-image-preview:large","max-video-preview":"max-video-preview:-1"},"canonical":"https:\/\/au-pair.org\/de\/loesung-von-problemen-zwischen-gastfamilie-und-au-pair\/","og_locale":"de_DE","og_type":"article","og_title":"L\u00f6sung von Problemen zwischen Gastfamilie und Au-Pair","og_description":"L\u00f6sung von Problemen zwischen Au Pair und Gastfamilie: Kommunikation, Erwartungen kl\u00e4ren und Konflikte schnell l\u00f6sen.","og_url":"https:\/\/au-pair.org\/de\/loesung-von-problemen-zwischen-gastfamilie-und-au-pair\/","og_site_name":"Au Pair organisation","article_modified_time":"2025-02-05T13:04:23+00:00","og_image":[{"width":1709,"height":2560,"url":"https:\/\/au-pair.org\/wp-content\/uploads\/2022\/12\/pexels-leeloo-thefirst-5428833-scaled.jpg","type":"image\/jpeg"}],"twitter_card":"summary_large_image","twitter_misc":{"Gesch\u00e4tzte Lesezeit":"4\u00a0Minuten"},"schema":{"@context":"https:\/\/schema.org","@graph":[{"@type":"WebPage","@id":"https:\/\/au-pair.org\/de\/loesung-von-problemen-zwischen-gastfamilie-und-au-pair\/","url":"https:\/\/au-pair.org\/de\/loesung-von-problemen-zwischen-gastfamilie-und-au-pair\/","name":"L\u00f6sung von Problemen zwischen Gastfamilie und Au-Pair","isPartOf":{"@id":"https:\/\/au-pair.org\/de\/#website"},"primaryImageOfPage":{"@id":"https:\/\/au-pair.org\/de\/loesung-von-problemen-zwischen-gastfamilie-und-au-pair\/#primaryimage"},"image":{"@id":"https:\/\/au-pair.org\/de\/loesung-von-problemen-zwischen-gastfamilie-und-au-pair\/#primaryimage"},"thumbnailUrl":"https:\/\/au-pair.org\/wp-content\/uploads\/2022\/12\/pexels-leeloo-thefirst-5428833-684x1024.jpg","datePublished":"2025-02-05T12:59:19+00:00","dateModified":"2025-02-05T13:04:23+00:00","description":"L\u00f6sung von Problemen zwischen Au Pair und Gastfamilie: Kommunikation, Erwartungen kl\u00e4ren und Konflikte schnell l\u00f6sen.","breadcrumb":{"@id":"https:\/\/au-pair.org\/de\/loesung-von-problemen-zwischen-gastfamilie-und-au-pair\/#breadcrumb"},"inLanguage":"de","potentialAction":[{"@type":"ReadAction","target":["https:\/\/au-pair.org\/de\/loesung-von-problemen-zwischen-gastfamilie-und-au-pair\/"]}]},{"@type":"ImageObject","inLanguage":"de","@id":"https:\/\/au-pair.org\/de\/loesung-von-problemen-zwischen-gastfamilie-und-au-pair\/#primaryimage","url":"https:\/\/au-pair.org\/wp-content\/uploads\/2022\/12\/pexels-leeloo-thefirst-5428833-684x1024.jpg","contentUrl":"https:\/\/au-pair.org\/wp-content\/uploads\/2022\/12\/pexels-leeloo-thefirst-5428833-684x1024.jpg"},{"@type":"BreadcrumbList","@id":"https:\/\/au-pair.org\/de\/loesung-von-problemen-zwischen-gastfamilie-und-au-pair\/#breadcrumb","itemListElement":[{"@type":"ListItem","position":1,"name":"In\u00edcio","item":"https:\/\/au-pair.org\/de\/"},{"@type":"ListItem","position":2,"name":"L\u00f6sung von Problemen zwischen Gastfamilie und Au-Pair"}]},{"@type":"WebSite","@id":"https:\/\/au-pair.org\/de\/#website","url":"https:\/\/au-pair.org\/de\/","name":"Au Pair organisation","description":"","publisher":{"@id":"https:\/\/au-pair.org\/de\/#organization"},"potentialAction":[{"@type":"SearchAction","target":{"@type":"EntryPoint","urlTemplate":"https:\/\/au-pair.org\/de\/?s={search_term_string}"},"query-input":{"@type":"PropertyValueSpecification","valueRequired":true,"valueName":"search_term_string"}}],"inLanguage":"de"},{"@type":"Organization","@id":"https:\/\/au-pair.org\/de\/#organization","name":"Au Pair organisation","url":"https:\/\/au-pair.org\/de\/","logo":{"@type":"ImageObject","inLanguage":"de","@id":"https:\/\/au-pair.org\/de\/#\/schema\/logo\/image\/","url":"https:\/\/au-pair.org\/wp-content\/uploads\/2023\/12\/cropped-FBlogo170x170.webp","contentUrl":"https:\/\/au-pair.org\/wp-content\/uploads\/2023\/12\/cropped-FBlogo170x170.webp","width":120,"height":120,"caption":"Au Pair organisation"},"image":{"@id":"https:\/\/au-pair.org\/de\/#\/schema\/logo\/image\/"}}]}},"_links":{"self":[{"href":"https:\/\/au-pair.org\/de\/wp-json\/wp\/v2\/pages\/2030","targetHints":{"allow":["GET"]}}],"collection":[{"href":"https:\/\/au-pair.org\/de\/wp-json\/wp\/v2\/pages"}],"about":[{"href":"https:\/\/au-pair.org\/de\/wp-json\/wp\/v2\/types\/page"}],"author":[{"embeddable":true,"href":"https:\/\/au-pair.org\/de\/wp-json\/wp\/v2\/users\/4"}],"replies":[{"embeddable":true,"href":"https:\/\/au-pair.org\/de\/wp-json\/wp\/v2\/comments?post=2030"}],"version-history":[{"count":1,"href":"https:\/\/au-pair.org\/de\/wp-json\/wp\/v2\/pages\/2030\/revisions"}],"predecessor-version":[{"id":2033,"href":"https:\/\/au-pair.org\/de\/wp-json\/wp\/v2\/pages\/2030\/revisions\/2033"}],"wp:attachment":[{"href":"https:\/\/au-pair.org\/de\/wp-json\/wp\/v2\/media?parent=2030"}],"curies":[{"name":"wp","href":"https:\/\/api.w.org\/{rel}","templated":true}]}}