{"id":2025,"date":"2025-01-23T12:04:11","date_gmt":"2025-01-23T11:04:11","guid":{"rendered":"https:\/\/au-pair.org\/?page_id=2025"},"modified":"2025-01-23T12:04:23","modified_gmt":"2025-01-23T11:04:23","slug":"kosten-fuer-gastfamilie-au-pair","status":"publish","type":"page","link":"https:\/\/au-pair.org\/de\/kosten-fuer-gastfamilie-au-pair\/","title":{"rendered":"Welche Kosten kommen auf eine Gastfamilie zu?"},"content":{"rendered":"\n<p>Als Gastfamilie eines Au-Pairs zu agieren, kann eine unglaublich bereichernde Erfahrung sein. Aber wie bei jedem Abenteuer gibt es auch finanzielle Aspekte zu bedenken. Die <a href=\"https:\/\/www.aupair.com\/de\/p-kosten-au-pair.php\" target=\"_blank\" rel=\"noreferrer noopener\">Kosten<\/a>, die mit der Aufnahme eines Au-Pairs verbunden sind, variieren je nach Land und individuellen Vereinbarungen. Zu den Kosten geh\u00f6ren:<\/p>\n\n\n\n<h3 class=\"wp-block-heading\"><strong>Unterkunft und Verpflegung<\/strong><\/h3>\n\n\n\n<p>Eine der Hauptverpflichtungen einer Gastfamilie ist es, dem Au-Pair Unterkunft und Verpflegung zur Verf\u00fcgung zu stellen. Das bedeutet, dass die Familie dem Au-Pair ein <a href=\"https:\/\/www.aupair.com\/de\/p-au-pair-zimmer.php\" target=\"_blank\" rel=\"noreferrer noopener\">eigenes Zimmer<\/a> sowie Zugang zu den gemeinsamen Haushaltsr\u00e4umen bieten muss. Au\u00dferdem erh\u00e4lt ein Au-Pair bei der Gastfamilie volle Verpflegung. Der Wert von Unterkunft und Verpflegung kann je nach Region und den Lebenshaltungskosten vor Ort variieren.<\/p>\n\n\n\n<h3 class=\"wp-block-heading\"><strong>Taschengeld f\u00fcr das Au-Pair<\/strong><\/h3>\n\n\n\n<p>Beim Thema Taschengeld, das die Gastfamilie dem Au-Pair zahlt, hat jedes Land eigene Regelungen. Der Betrag wird durch das offizielle <a href=\"https:\/\/au-pair.org\/de\/au-pair-programm\/\" target=\"_blank\" rel=\"noreferrer noopener\">Au-Pair Programm<\/a> des Landes bestimmt.<\/p>\n\n\n\n<h3 class=\"wp-block-heading\"><strong>Agenturkosten<\/strong><\/h3>\n\n\n\n<p>Gastfamilien k\u00f6nnen eine Full-Service-Agentur f\u00fcr die Suche nach einem Au-Pair beauftragen oder eigenst\u00e4ndig auf einer Online-Plattform wie <a href=\"https:\/\/www.aupair.com\/de\" target=\"_blank\" rel=\"noreferrer noopener\">AuPair.com<\/a> nach einem Au-Pair suchen. Die Registrierung auf AuPair.com ist kostenlos, zus\u00e4tzlichen Service erh\u00e4lt man mit einer Premium Mitgliedschaft. Die Beauftragung einer Full-Service-Agentur ist mit h\u00f6heren Kosten verbunden, da eine Vielzahl von Dienstleistungen, darunter die aktive Vermittlung des Au-Pairs und die Beratung und Unterst\u00fctzung w\u00e4hrend des Aufenthalts, angeboten werden.<\/p>\n\n\n\n<p>Beide Optionen unterst\u00fctzen bei der Suche nach dem richtigen Au-Pair. Wenn Sie ein Au-Pair in den <a href=\"https:\/\/www.aupair.com\/de\/p-usa.php\" target=\"_blank\" rel=\"noreferrer noopener\">USA<\/a> aufnehmen wollen, m\u00fcssen Sie mit einer lokalen Agentur zusammenarbeiten, die von der Regierung der USA akzeptiert ist. Falls Sie sich dazu entscheiden, mit einer Full Service-Agentur zu kooperieren, bedenken Sie bitte zus\u00e4tzliche Kosten f\u00fcr die Agentur.\u00a0<\/p>\n\n\n\n<h3 class=\"wp-block-heading\"><strong>Au-Pair Versicherung<\/strong><\/h3>\n\n\n\n<p>In vielen L\u00e4ndern ist es gesetzlich vorgeschrieben, dass Gastfamilien f\u00fcr eine ausreichende Versicherung des Au-Pairs sorgen. Dies umfasst in der Regel eine Kranken- und Unfallversicherung. Die genauen Anforderungen variieren je nach Land, aber die Kosten f\u00fcr diese Versicherung sollten in das Budget eingeplant werden.&nbsp;<\/p>\n\n\n\n<h3 class=\"wp-block-heading\"><strong>Sprachkurs<\/strong><\/h3>\n\n\n\n<p>Denken Sie daran, dass ein Au-Pair je nach Gastland auch einen <a href=\"https:\/\/www.aupair.net\/de\/sprachkurs\/\" target=\"_blank\" rel=\"noreferrer noopener\">Sprachkurs<\/a> besuchen muss, um die Anforderungen des Programms zu erf\u00fcllen. In Deutschland ist die Gastfamilie verpflichtet, den Sprachkurs mit mindestens 70 Euro zu bezuschussen. In einigen L\u00e4ndern \u00fcbernimmt das Au-Pair die Kosten f\u00fcr den Sprachkurs. In den meisten L\u00e4ndern ist es jedoch Aufgabe der Gastfamilie, diese Kosten zu decken.\u00a0<\/p>\n\n\n\n<figure class=\"wp-block-image aligncenter size-large is-resized\"><img loading=\"lazy\" decoding=\"async\" width=\"1024\" height=\"806\" src=\"https:\/\/au-pair.org\/wp-content\/uploads\/2023\/12\/shutterstock_326039762_Rawpixel.com_-e1502368689843-1024x806.jpg\" alt=\"au pair sprachkurs\" class=\"wp-image-1768\" style=\"width:309px;height:auto\" srcset=\"https:\/\/au-pair.org\/wp-content\/uploads\/2023\/12\/shutterstock_326039762_Rawpixel.com_-e1502368689843-1024x806.jpg 1024w, https:\/\/au-pair.org\/wp-content\/uploads\/2023\/12\/shutterstock_326039762_Rawpixel.com_-e1502368689843-300x236.jpg 300w, https:\/\/au-pair.org\/wp-content\/uploads\/2023\/12\/shutterstock_326039762_Rawpixel.com_-e1502368689843-768x605.jpg 768w, https:\/\/au-pair.org\/wp-content\/uploads\/2023\/12\/shutterstock_326039762_Rawpixel.com_-e1502368689843-1536x1209.jpg 1536w, https:\/\/au-pair.org\/wp-content\/uploads\/2023\/12\/shutterstock_326039762_Rawpixel.com_-e1502368689843.jpg 1800w\" sizes=\"auto, (max-width: 1024px) 100vw, 1024px\" \/><\/figure>\n\n\n\n<h3 class=\"wp-block-heading\"><strong>Reisekosten<\/strong><\/h3>\n\n\n\n<p>Es wird Gastfamilien empfohlen, das Au-Pair mit den Reisekosten zu unterst\u00fctzen, auch wenn es nicht ihre Pflicht ist, dies zu tun. In jeder Situation muss das Au-Pair die Kosten zum Teil tragen. Wenn die Gastfamilie das Au-Pair unterst\u00fctzen m\u00f6chte, kann die Familie die Kosten, die das Au-Pair f\u00fcr das Ticket hatte, in monatlichen Raten auf das Taschengeld aufschlagen. In den USA und China werden die Kosten f\u00fcr das Ticket vollst\u00e4ndig von der Familie \u00fcbernommen.&nbsp;<\/p>\n\n\n\n<p>Es ist empfehlenswert, dieses Thema vor der Ankunft des Au-Pairs zu besprechen und die Konditionen im <a href=\"https:\/\/au-pair.org\/de\/au-pair-vertrag\/\" target=\"_blank\" rel=\"noreferrer noopener\">Au-Pair Vertrag<\/a> festzuhalten.<\/p>\n","protected":false},"excerpt":{"rendered":"<p>Als Gastfamilie eines Au-Pairs zu agieren, kann eine unglaublich bereichernde Erfahrung sein. Aber wie bei jedem Abenteuer gibt es auch finanzielle Aspekte zu bedenken. Die Kosten, die mit der Aufnahme eines Au-Pairs verbunden sind, variieren je nach Land und individuellen Vereinbarungen. Zu den Kosten geh\u00f6ren: Unterkunft und Verpflegung Eine der Hauptverpflichtungen einer Gastfamilie ist es, [&hellip;]<\/p>\n","protected":false},"author":4,"featured_media":0,"parent":0,"menu_order":0,"comment_status":"closed","ping_status":"closed","template":"","meta":{"footnotes":""},"class_list":["post-2025","page","type-page","status-publish","hentry"],"yoast_head":"<!-- This site is optimized with the Yoast SEO plugin v26.4 - https:\/\/yoast.com\/wordpress\/plugins\/seo\/ -->\n<title>Welche Kosten kommen auf eine Gastfamilie zu?<\/title>\n<meta name=\"description\" content=\"Sie m\u00f6chten ein Au-Pair aufnehmen und fragen sich, welche Kosten f\u00fcr Sie als Gastfamilie aufkommen? Lesen Sie hier alles dar\u00fcber.\" \/>\n<meta name=\"robots\" content=\"index, follow, max-snippet:-1, max-image-preview:large, max-video-preview:-1\" \/>\n<link rel=\"canonical\" href=\"https:\/\/au-pair.org\/de\/kosten-fuer-gastfamilie-au-pair\/\" \/>\n<meta property=\"og:locale\" content=\"de_DE\" \/>\n<meta property=\"og:type\" content=\"article\" \/>\n<meta property=\"og:title\" content=\"Welche Kosten kommen auf eine Gastfamilie zu?\" \/>\n<meta property=\"og:description\" content=\"Sie m\u00f6chten ein Au-Pair aufnehmen und fragen sich, welche Kosten f\u00fcr Sie als Gastfamilie aufkommen? Lesen Sie hier alles dar\u00fcber.\" \/>\n<meta property=\"og:url\" content=\"https:\/\/au-pair.org\/de\/kosten-fuer-gastfamilie-au-pair\/\" \/>\n<meta property=\"og:site_name\" content=\"Au Pair organisation\" \/>\n<meta property=\"article:modified_time\" content=\"2025-01-23T11:04:23+00:00\" \/>\n<meta property=\"og:image\" content=\"https:\/\/au-pair.org\/wp-content\/uploads\/2023\/12\/shutterstock_326039762_Rawpixel.com_-e1502368689843.jpg\" \/>\n\t<meta property=\"og:image:width\" content=\"1800\" \/>\n\t<meta property=\"og:image:height\" content=\"1417\" \/>\n\t<meta property=\"og:image:type\" content=\"image\/jpeg\" \/>\n<meta name=\"twitter:card\" content=\"summary_large_image\" \/>\n<meta name=\"twitter:label1\" content=\"Gesch\u00e4tzte Lesezeit\" \/>\n\t<meta name=\"twitter:data1\" content=\"3\u00a0Minuten\" \/>\n<script type=\"application\/ld+json\" class=\"yoast-schema-graph\">{\"@context\":\"https:\/\/schema.org\",\"@graph\":[{\"@type\":\"WebPage\",\"@id\":\"https:\/\/au-pair.org\/de\/kosten-fuer-gastfamilie-au-pair\/\",\"url\":\"https:\/\/au-pair.org\/de\/kosten-fuer-gastfamilie-au-pair\/\",\"name\":\"Welche Kosten kommen auf eine Gastfamilie zu?\",\"isPartOf\":{\"@id\":\"https:\/\/au-pair.org\/de\/#website\"},\"primaryImageOfPage\":{\"@id\":\"https:\/\/au-pair.org\/de\/kosten-fuer-gastfamilie-au-pair\/#primaryimage\"},\"image\":{\"@id\":\"https:\/\/au-pair.org\/de\/kosten-fuer-gastfamilie-au-pair\/#primaryimage\"},\"thumbnailUrl\":\"https:\/\/au-pair.org\/wp-content\/uploads\/2023\/12\/shutterstock_326039762_Rawpixel.com_-e1502368689843-1024x806.jpg\",\"datePublished\":\"2025-01-23T11:04:11+00:00\",\"dateModified\":\"2025-01-23T11:04:23+00:00\",\"description\":\"Sie m\u00f6chten ein Au-Pair aufnehmen und fragen sich, welche Kosten f\u00fcr Sie als Gastfamilie aufkommen? Lesen Sie hier alles dar\u00fcber.\",\"breadcrumb\":{\"@id\":\"https:\/\/au-pair.org\/de\/kosten-fuer-gastfamilie-au-pair\/#breadcrumb\"},\"inLanguage\":\"de\",\"potentialAction\":[{\"@type\":\"ReadAction\",\"target\":[\"https:\/\/au-pair.org\/de\/kosten-fuer-gastfamilie-au-pair\/\"]}]},{\"@type\":\"ImageObject\",\"inLanguage\":\"de\",\"@id\":\"https:\/\/au-pair.org\/de\/kosten-fuer-gastfamilie-au-pair\/#primaryimage\",\"url\":\"https:\/\/au-pair.org\/wp-content\/uploads\/2023\/12\/shutterstock_326039762_Rawpixel.com_-e1502368689843-1024x806.jpg\",\"contentUrl\":\"https:\/\/au-pair.org\/wp-content\/uploads\/2023\/12\/shutterstock_326039762_Rawpixel.com_-e1502368689843-1024x806.jpg\"},{\"@type\":\"BreadcrumbList\",\"@id\":\"https:\/\/au-pair.org\/de\/kosten-fuer-gastfamilie-au-pair\/#breadcrumb\",\"itemListElement\":[{\"@type\":\"ListItem\",\"position\":1,\"name\":\"In\u00edcio\",\"item\":\"https:\/\/au-pair.org\/de\/\"},{\"@type\":\"ListItem\",\"position\":2,\"name\":\"Welche Kosten kommen auf eine Gastfamilie zu?\"}]},{\"@type\":\"WebSite\",\"@id\":\"https:\/\/au-pair.org\/de\/#website\",\"url\":\"https:\/\/au-pair.org\/de\/\",\"name\":\"Au Pair organisation\",\"description\":\"\",\"publisher\":{\"@id\":\"https:\/\/au-pair.org\/de\/#organization\"},\"potentialAction\":[{\"@type\":\"SearchAction\",\"target\":{\"@type\":\"EntryPoint\",\"urlTemplate\":\"https:\/\/au-pair.org\/de\/?s={search_term_string}\"},\"query-input\":{\"@type\":\"PropertyValueSpecification\",\"valueRequired\":true,\"valueName\":\"search_term_string\"}}],\"inLanguage\":\"de\"},{\"@type\":\"Organization\",\"@id\":\"https:\/\/au-pair.org\/de\/#organization\",\"name\":\"Au Pair organisation\",\"url\":\"https:\/\/au-pair.org\/de\/\",\"logo\":{\"@type\":\"ImageObject\",\"inLanguage\":\"de\",\"@id\":\"https:\/\/au-pair.org\/de\/#\/schema\/logo\/image\/\",\"url\":\"https:\/\/au-pair.org\/wp-content\/uploads\/2023\/12\/cropped-FBlogo170x170.webp\",\"contentUrl\":\"https:\/\/au-pair.org\/wp-content\/uploads\/2023\/12\/cropped-FBlogo170x170.webp\",\"width\":120,\"height\":120,\"caption\":\"Au Pair organisation\"},\"image\":{\"@id\":\"https:\/\/au-pair.org\/de\/#\/schema\/logo\/image\/\"}}]}<\/script>\n<!-- \/ Yoast SEO plugin. -->","yoast_head_json":{"title":"Welche Kosten kommen auf eine Gastfamilie zu?","description":"Sie m\u00f6chten ein Au-Pair aufnehmen und fragen sich, welche Kosten f\u00fcr Sie als Gastfamilie aufkommen? Lesen Sie hier alles dar\u00fcber.","robots":{"index":"index","follow":"follow","max-snippet":"max-snippet:-1","max-image-preview":"max-image-preview:large","max-video-preview":"max-video-preview:-1"},"canonical":"https:\/\/au-pair.org\/de\/kosten-fuer-gastfamilie-au-pair\/","og_locale":"de_DE","og_type":"article","og_title":"Welche Kosten kommen auf eine Gastfamilie zu?","og_description":"Sie m\u00f6chten ein Au-Pair aufnehmen und fragen sich, welche Kosten f\u00fcr Sie als Gastfamilie aufkommen? Lesen Sie hier alles dar\u00fcber.","og_url":"https:\/\/au-pair.org\/de\/kosten-fuer-gastfamilie-au-pair\/","og_site_name":"Au Pair organisation","article_modified_time":"2025-01-23T11:04:23+00:00","og_image":[{"width":1800,"height":1417,"url":"https:\/\/au-pair.org\/wp-content\/uploads\/2023\/12\/shutterstock_326039762_Rawpixel.com_-e1502368689843.jpg","type":"image\/jpeg"}],"twitter_card":"summary_large_image","twitter_misc":{"Gesch\u00e4tzte Lesezeit":"3\u00a0Minuten"},"schema":{"@context":"https:\/\/schema.org","@graph":[{"@type":"WebPage","@id":"https:\/\/au-pair.org\/de\/kosten-fuer-gastfamilie-au-pair\/","url":"https:\/\/au-pair.org\/de\/kosten-fuer-gastfamilie-au-pair\/","name":"Welche Kosten kommen auf eine Gastfamilie zu?","isPartOf":{"@id":"https:\/\/au-pair.org\/de\/#website"},"primaryImageOfPage":{"@id":"https:\/\/au-pair.org\/de\/kosten-fuer-gastfamilie-au-pair\/#primaryimage"},"image":{"@id":"https:\/\/au-pair.org\/de\/kosten-fuer-gastfamilie-au-pair\/#primaryimage"},"thumbnailUrl":"https:\/\/au-pair.org\/wp-content\/uploads\/2023\/12\/shutterstock_326039762_Rawpixel.com_-e1502368689843-1024x806.jpg","datePublished":"2025-01-23T11:04:11+00:00","dateModified":"2025-01-23T11:04:23+00:00","description":"Sie m\u00f6chten ein Au-Pair aufnehmen und fragen sich, welche Kosten f\u00fcr Sie als Gastfamilie aufkommen? Lesen Sie hier alles dar\u00fcber.","breadcrumb":{"@id":"https:\/\/au-pair.org\/de\/kosten-fuer-gastfamilie-au-pair\/#breadcrumb"},"inLanguage":"de","potentialAction":[{"@type":"ReadAction","target":["https:\/\/au-pair.org\/de\/kosten-fuer-gastfamilie-au-pair\/"]}]},{"@type":"ImageObject","inLanguage":"de","@id":"https:\/\/au-pair.org\/de\/kosten-fuer-gastfamilie-au-pair\/#primaryimage","url":"https:\/\/au-pair.org\/wp-content\/uploads\/2023\/12\/shutterstock_326039762_Rawpixel.com_-e1502368689843-1024x806.jpg","contentUrl":"https:\/\/au-pair.org\/wp-content\/uploads\/2023\/12\/shutterstock_326039762_Rawpixel.com_-e1502368689843-1024x806.jpg"},{"@type":"BreadcrumbList","@id":"https:\/\/au-pair.org\/de\/kosten-fuer-gastfamilie-au-pair\/#breadcrumb","itemListElement":[{"@type":"ListItem","position":1,"name":"In\u00edcio","item":"https:\/\/au-pair.org\/de\/"},{"@type":"ListItem","position":2,"name":"Welche Kosten kommen auf eine Gastfamilie zu?"}]},{"@type":"WebSite","@id":"https:\/\/au-pair.org\/de\/#website","url":"https:\/\/au-pair.org\/de\/","name":"Au Pair organisation","description":"","publisher":{"@id":"https:\/\/au-pair.org\/de\/#organization"},"potentialAction":[{"@type":"SearchAction","target":{"@type":"EntryPoint","urlTemplate":"https:\/\/au-pair.org\/de\/?s={search_term_string}"},"query-input":{"@type":"PropertyValueSpecification","valueRequired":true,"valueName":"search_term_string"}}],"inLanguage":"de"},{"@type":"Organization","@id":"https:\/\/au-pair.org\/de\/#organization","name":"Au Pair organisation","url":"https:\/\/au-pair.org\/de\/","logo":{"@type":"ImageObject","inLanguage":"de","@id":"https:\/\/au-pair.org\/de\/#\/schema\/logo\/image\/","url":"https:\/\/au-pair.org\/wp-content\/uploads\/2023\/12\/cropped-FBlogo170x170.webp","contentUrl":"https:\/\/au-pair.org\/wp-content\/uploads\/2023\/12\/cropped-FBlogo170x170.webp","width":120,"height":120,"caption":"Au Pair organisation"},"image":{"@id":"https:\/\/au-pair.org\/de\/#\/schema\/logo\/image\/"}}]}},"_links":{"self":[{"href":"https:\/\/au-pair.org\/de\/wp-json\/wp\/v2\/pages\/2025","targetHints":{"allow":["GET"]}}],"collection":[{"href":"https:\/\/au-pair.org\/de\/wp-json\/wp\/v2\/pages"}],"about":[{"href":"https:\/\/au-pair.org\/de\/wp-json\/wp\/v2\/types\/page"}],"author":[{"embeddable":true,"href":"https:\/\/au-pair.org\/de\/wp-json\/wp\/v2\/users\/4"}],"replies":[{"embeddable":true,"href":"https:\/\/au-pair.org\/de\/wp-json\/wp\/v2\/comments?post=2025"}],"version-history":[{"count":1,"href":"https:\/\/au-pair.org\/de\/wp-json\/wp\/v2\/pages\/2025\/revisions"}],"predecessor-version":[{"id":2028,"href":"https:\/\/au-pair.org\/de\/wp-json\/wp\/v2\/pages\/2025\/revisions\/2028"}],"wp:attachment":[{"href":"https:\/\/au-pair.org\/de\/wp-json\/wp\/v2\/media?parent=2025"}],"curies":[{"name":"wp","href":"https:\/\/api.w.org\/{rel}","templated":true}]}}