{"id":2019,"date":"2025-01-22T14:41:24","date_gmt":"2025-01-22T13:41:24","guid":{"rendered":"https:\/\/au-pair.org\/?page_id=2019"},"modified":"2025-01-22T14:44:54","modified_gmt":"2025-01-22T13:44:54","slug":"au-pair-kosten","status":"publish","type":"page","link":"https:\/\/au-pair.org\/de\/au-pair-kosten\/","title":{"rendered":"Was f\u00fcr Kosten kommen auf ein Au-Pair zu?"},"content":{"rendered":"\n<p>Das <a href=\"https:\/\/au-pair.org\/de\/au-pair-programm\/\">Au-Pair Programm<\/a> bietet eine einmalige Gelegenheit, eine neue Kultur zu entdecken, die Sprache zu lernen und wertvolle Erfahrungen zu sammeln. Bevor der Au-Pair Aufenthalt beginnst, ist es wichtig, die finanziellen Aspekte zu verstehen.<\/p>\n\n\n\n<p>In diesem Artikel beleuchten wir die wichtigsten Ausgaben, die auf Au-Pairs zukommen.<\/p>\n\n\n\n<h3 class=\"wp-block-heading\"><strong>1. Visum- und Reisekosten<\/strong><\/h3>\n\n\n\n<p>F\u00fcr die meisten Au-Pair Aufenthalte ist ein <a href=\"https:\/\/www.aupair.net\/de\/visum\/\" target=\"_blank\" rel=\"noreferrer noopener\">Visum<\/a> erforderlich. Die Visabestimmungen unterscheiden sich je nach Gastland und Herkunftsland des Au Pairs. Die Kosten f\u00fcr das Visum liegen beim Au-Pair und k\u00f6nnen zwischen 50 und 300 Euro liegen. F\u00fcr die <a href=\"http:\/\/www.aupair-usa.net\/de\/kosten-au-pair-aufenthalt\/\" target=\"_blank\" rel=\"noreferrer noopener\">USA<\/a> wird das <a href=\"https:\/\/www.aupair.com\/de\/p-j-1-visa.php\" target=\"_blank\" rel=\"noreferrer noopener\">J-1 Visum<\/a> ben\u00f6tigt und es ist zwingend notwendig eine Agentur hinzuzuziehen. Andere L\u00e4nder vergeben f\u00fcr Au-Pairs ein <a href=\"https:\/\/www.aupair.com\/de\/p-working-holiday.php\" target=\"_blank\" rel=\"noreferrer noopener\">Working Holiday Visum<\/a>.<\/p>\n\n\n\n<figure class=\"wp-block-image aligncenter size-large is-resized\"><img loading=\"lazy\" decoding=\"async\" width=\"1024\" height=\"682\" src=\"https:\/\/au-pair.org\/wp-content\/uploads\/2025\/01\/airplane-7429725_1280-1024x682.jpg\" alt=\"au pair kosten\" class=\"wp-image-1950\" style=\"width:350px;height:auto\" srcset=\"https:\/\/au-pair.org\/wp-content\/uploads\/2025\/01\/airplane-7429725_1280-1024x682.jpg 1024w, https:\/\/au-pair.org\/wp-content\/uploads\/2025\/01\/airplane-7429725_1280-300x200.jpg 300w, https:\/\/au-pair.org\/wp-content\/uploads\/2025\/01\/airplane-7429725_1280-768x512.jpg 768w, https:\/\/au-pair.org\/wp-content\/uploads\/2025\/01\/airplane-7429725_1280.jpg 1280w\" sizes=\"auto, (max-width: 1024px) 100vw, 1024px\" \/><\/figure>\n\n\n\n<p>Hinzu kommen die <a href=\"https:\/\/www.aupair.net\/de\/flugkosten\/\" target=\"_blank\" rel=\"noreferrer noopener\">Reisekosten<\/a>, die normalerweise auch vom Au-Pair getragen werden. Der Preis f\u00fcr Flugtickets variiert stark je nach Abflugort, Zielort und Reisezeitraum. Eine grobe Sch\u00e4tzung f\u00fcr den Flug betr\u00e4gt weltweit zwischen 50 und 1700 Euro. Auch hier gilt: Eine fr\u00fchzeitige Buchung kann helfen, Kosten zu sparen.<\/p>\n\n\n\n<h3 class=\"wp-block-heading\"><strong>2. Krankenversicherung und Versicherungskosten<\/strong><\/h3>\n\n\n\n<p>In vielen L\u00e4ndern ist eine Krankenversicherung f\u00fcr Au-Pairs verpflichtend. Sie sch\u00fctzt im Falle von Krankheiten oder Unf\u00e4llen und ist eine der wichtigsten Ausgaben w\u00e4hrend des Aufenthalts. Die Kosten f\u00fcr eine spezielle Au Pair Krankenversicherung variieren je nach Land und Anbieter, liegen jedoch in der Regel zwischen 30 und 80 Euro pro Monat.<\/p>\n\n\n\n<p>Je nach Land gibt es unterschiedliche Anforderungen an die Krankenversicherung. In den USA beispielsweise sorgt die Agentur f\u00fcr die Versicherung des Au-Pairs, w\u00e4hrend in einigen europ\u00e4ischen L\u00e4ndern m\u00f6glicherweise die nationale Krankenversicherung ausreicht, wenn das Au-Pair \u00fcber eine g\u00fcltige <a href=\"https:\/\/www.aupair.com\/de\/p-europaeische-krankenversicherungskarte.php\" target=\"_blank\" rel=\"noreferrer noopener\">europ\u00e4ische Gesundheitskarte<\/a> verf\u00fcgt.<\/p>\n\n\n\n<h3 class=\"wp-block-heading\"><strong>3. Agenturkosten (optional)<\/strong><\/h3>\n\n\n\n<p>Online-Matching Plattformen wie <a href=\"http:\/\/aupair.com\" target=\"_blank\" rel=\"noreferrer noopener\">AuPair.com<\/a> erm\u00f6glichen es Au-Pairs kostenfrei nach einer Gastfamilie zu suchen. Wenn eine Full-Service Agentur beauftragt wird, die bei der Organisation hilft, werden entsprechende Kosten anfallen. Die Kosten sind dabei von Agentur zu Agentur unterschiedlich.\u00a0<\/p>\n\n\n\n<h3 class=\"wp-block-heading\">4<strong>. Sonstige Ausgaben<\/strong><\/h3>\n\n\n\n<p>Neben den oben genannten Kosten gibt es noch andere Ausgaben, die Au-Pairs einplanen sollten:<\/p>\n\n\n\n<ul class=\"wp-block-list\">\n<li><strong>Freizeitaktivit\u00e4ten und Reisen<\/strong>: Auch wenn Unterkunft und Verpflegung gestellt werden, m\u00f6chten Au-Pairs in ihrer Freizeit oft noch reisen oder an kulturellen Aktivit\u00e4ten teilnehmen. Diese Kosten k\u00f6nnen je nach Person sehr unterschiedlich sein und m\u00fcssen von Au-Pairs selbst getragen werden.<\/li>\n<\/ul>\n\n\n\n<ul class=\"wp-block-list\">\n<li><strong>Telefon- und Internetkosten<\/strong>: In L\u00e4ndern au\u00dferhalb der EU ben\u00f6tigt man einen neuen Telefonvertrag. Die Kosten f\u00fcr SIM-Karten, Datenpl\u00e4ne und Internetzugang k\u00f6nnen zwischen 20 und 50 Euro pro Monat liegen.<\/li>\n<\/ul>\n","protected":false},"excerpt":{"rendered":"<p>Das Au-Pair Programm bietet eine einmalige Gelegenheit, eine neue Kultur zu entdecken, die Sprache zu lernen und wertvolle Erfahrungen zu sammeln. Bevor der Au-Pair Aufenthalt beginnst, ist es wichtig, die finanziellen Aspekte zu verstehen. In diesem Artikel beleuchten wir die wichtigsten Ausgaben, die auf Au-Pairs zukommen. 1. Visum- und Reisekosten F\u00fcr die meisten Au-Pair Aufenthalte [&hellip;]<\/p>\n","protected":false},"author":4,"featured_media":0,"parent":0,"menu_order":0,"comment_status":"closed","ping_status":"closed","template":"","meta":{"footnotes":""},"class_list":["post-2019","page","type-page","status-publish","hentry"],"yoast_head":"<!-- This site is optimized with the Yoast SEO plugin v26.4 - https:\/\/yoast.com\/wordpress\/plugins\/seo\/ -->\n<title>Was f\u00fcr Kosten kommen auf ein Au-Pair zu?<\/title>\n<meta name=\"description\" content=\"Wie hoch sind die Au Pair Kosten f\u00fcr ein Au-Pair? Erfahren Sie hier, mit welchen Kosten gerechnet werden sollte als Au-Pair.\" \/>\n<meta name=\"robots\" content=\"index, follow, max-snippet:-1, max-image-preview:large, max-video-preview:-1\" \/>\n<link rel=\"canonical\" href=\"https:\/\/au-pair.org\/de\/au-pair-kosten\/\" \/>\n<meta property=\"og:locale\" content=\"de_DE\" \/>\n<meta property=\"og:type\" content=\"article\" \/>\n<meta property=\"og:title\" content=\"Was f\u00fcr Kosten kommen auf ein Au-Pair zu?\" \/>\n<meta property=\"og:description\" content=\"Wie hoch sind die Au Pair Kosten f\u00fcr ein Au-Pair? Erfahren Sie hier, mit welchen Kosten gerechnet werden sollte als Au-Pair.\" \/>\n<meta property=\"og:url\" content=\"https:\/\/au-pair.org\/de\/au-pair-kosten\/\" \/>\n<meta property=\"og:site_name\" content=\"Au Pair organisation\" \/>\n<meta property=\"article:modified_time\" content=\"2025-01-22T13:44:54+00:00\" \/>\n<meta property=\"og:image\" content=\"https:\/\/au-pair.org\/wp-content\/uploads\/2025\/01\/airplane-7429725_1280.jpg\" \/>\n\t<meta property=\"og:image:width\" content=\"1280\" \/>\n\t<meta property=\"og:image:height\" content=\"853\" \/>\n\t<meta property=\"og:image:type\" content=\"image\/jpeg\" \/>\n<meta name=\"twitter:card\" content=\"summary_large_image\" \/>\n<meta name=\"twitter:label1\" content=\"Gesch\u00e4tzte Lesezeit\" \/>\n\t<meta name=\"twitter:data1\" content=\"3\u00a0Minuten\" \/>\n<script type=\"application\/ld+json\" class=\"yoast-schema-graph\">{\"@context\":\"https:\/\/schema.org\",\"@graph\":[{\"@type\":\"WebPage\",\"@id\":\"https:\/\/au-pair.org\/de\/au-pair-kosten\/\",\"url\":\"https:\/\/au-pair.org\/de\/au-pair-kosten\/\",\"name\":\"Was f\u00fcr Kosten kommen auf ein Au-Pair zu?\",\"isPartOf\":{\"@id\":\"https:\/\/au-pair.org\/de\/#website\"},\"primaryImageOfPage\":{\"@id\":\"https:\/\/au-pair.org\/de\/au-pair-kosten\/#primaryimage\"},\"image\":{\"@id\":\"https:\/\/au-pair.org\/de\/au-pair-kosten\/#primaryimage\"},\"thumbnailUrl\":\"https:\/\/au-pair.org\/wp-content\/uploads\/2025\/01\/airplane-7429725_1280-1024x682.jpg\",\"datePublished\":\"2025-01-22T13:41:24+00:00\",\"dateModified\":\"2025-01-22T13:44:54+00:00\",\"description\":\"Wie hoch sind die Au Pair Kosten f\u00fcr ein Au-Pair? Erfahren Sie hier, mit welchen Kosten gerechnet werden sollte als Au-Pair.\",\"breadcrumb\":{\"@id\":\"https:\/\/au-pair.org\/de\/au-pair-kosten\/#breadcrumb\"},\"inLanguage\":\"de\",\"potentialAction\":[{\"@type\":\"ReadAction\",\"target\":[\"https:\/\/au-pair.org\/de\/au-pair-kosten\/\"]}]},{\"@type\":\"ImageObject\",\"inLanguage\":\"de\",\"@id\":\"https:\/\/au-pair.org\/de\/au-pair-kosten\/#primaryimage\",\"url\":\"https:\/\/au-pair.org\/wp-content\/uploads\/2025\/01\/airplane-7429725_1280-1024x682.jpg\",\"contentUrl\":\"https:\/\/au-pair.org\/wp-content\/uploads\/2025\/01\/airplane-7429725_1280-1024x682.jpg\"},{\"@type\":\"BreadcrumbList\",\"@id\":\"https:\/\/au-pair.org\/de\/au-pair-kosten\/#breadcrumb\",\"itemListElement\":[{\"@type\":\"ListItem\",\"position\":1,\"name\":\"In\u00edcio\",\"item\":\"https:\/\/au-pair.org\/de\/\"},{\"@type\":\"ListItem\",\"position\":2,\"name\":\"Was f\u00fcr Kosten kommen auf ein Au-Pair zu?\"}]},{\"@type\":\"WebSite\",\"@id\":\"https:\/\/au-pair.org\/de\/#website\",\"url\":\"https:\/\/au-pair.org\/de\/\",\"name\":\"Au Pair organisation\",\"description\":\"\",\"publisher\":{\"@id\":\"https:\/\/au-pair.org\/de\/#organization\"},\"potentialAction\":[{\"@type\":\"SearchAction\",\"target\":{\"@type\":\"EntryPoint\",\"urlTemplate\":\"https:\/\/au-pair.org\/de\/?s={search_term_string}\"},\"query-input\":{\"@type\":\"PropertyValueSpecification\",\"valueRequired\":true,\"valueName\":\"search_term_string\"}}],\"inLanguage\":\"de\"},{\"@type\":\"Organization\",\"@id\":\"https:\/\/au-pair.org\/de\/#organization\",\"name\":\"Au Pair organisation\",\"url\":\"https:\/\/au-pair.org\/de\/\",\"logo\":{\"@type\":\"ImageObject\",\"inLanguage\":\"de\",\"@id\":\"https:\/\/au-pair.org\/de\/#\/schema\/logo\/image\/\",\"url\":\"https:\/\/au-pair.org\/wp-content\/uploads\/2023\/12\/cropped-FBlogo170x170.webp\",\"contentUrl\":\"https:\/\/au-pair.org\/wp-content\/uploads\/2023\/12\/cropped-FBlogo170x170.webp\",\"width\":120,\"height\":120,\"caption\":\"Au Pair organisation\"},\"image\":{\"@id\":\"https:\/\/au-pair.org\/de\/#\/schema\/logo\/image\/\"}}]}<\/script>\n<!-- \/ Yoast SEO plugin. -->","yoast_head_json":{"title":"Was f\u00fcr Kosten kommen auf ein Au-Pair zu?","description":"Wie hoch sind die Au Pair Kosten f\u00fcr ein Au-Pair? Erfahren Sie hier, mit welchen Kosten gerechnet werden sollte als Au-Pair.","robots":{"index":"index","follow":"follow","max-snippet":"max-snippet:-1","max-image-preview":"max-image-preview:large","max-video-preview":"max-video-preview:-1"},"canonical":"https:\/\/au-pair.org\/de\/au-pair-kosten\/","og_locale":"de_DE","og_type":"article","og_title":"Was f\u00fcr Kosten kommen auf ein Au-Pair zu?","og_description":"Wie hoch sind die Au Pair Kosten f\u00fcr ein Au-Pair? Erfahren Sie hier, mit welchen Kosten gerechnet werden sollte als Au-Pair.","og_url":"https:\/\/au-pair.org\/de\/au-pair-kosten\/","og_site_name":"Au Pair organisation","article_modified_time":"2025-01-22T13:44:54+00:00","og_image":[{"width":1280,"height":853,"url":"https:\/\/au-pair.org\/wp-content\/uploads\/2025\/01\/airplane-7429725_1280.jpg","type":"image\/jpeg"}],"twitter_card":"summary_large_image","twitter_misc":{"Gesch\u00e4tzte Lesezeit":"3\u00a0Minuten"},"schema":{"@context":"https:\/\/schema.org","@graph":[{"@type":"WebPage","@id":"https:\/\/au-pair.org\/de\/au-pair-kosten\/","url":"https:\/\/au-pair.org\/de\/au-pair-kosten\/","name":"Was f\u00fcr Kosten kommen auf ein Au-Pair zu?","isPartOf":{"@id":"https:\/\/au-pair.org\/de\/#website"},"primaryImageOfPage":{"@id":"https:\/\/au-pair.org\/de\/au-pair-kosten\/#primaryimage"},"image":{"@id":"https:\/\/au-pair.org\/de\/au-pair-kosten\/#primaryimage"},"thumbnailUrl":"https:\/\/au-pair.org\/wp-content\/uploads\/2025\/01\/airplane-7429725_1280-1024x682.jpg","datePublished":"2025-01-22T13:41:24+00:00","dateModified":"2025-01-22T13:44:54+00:00","description":"Wie hoch sind die Au Pair Kosten f\u00fcr ein Au-Pair? Erfahren Sie hier, mit welchen Kosten gerechnet werden sollte als Au-Pair.","breadcrumb":{"@id":"https:\/\/au-pair.org\/de\/au-pair-kosten\/#breadcrumb"},"inLanguage":"de","potentialAction":[{"@type":"ReadAction","target":["https:\/\/au-pair.org\/de\/au-pair-kosten\/"]}]},{"@type":"ImageObject","inLanguage":"de","@id":"https:\/\/au-pair.org\/de\/au-pair-kosten\/#primaryimage","url":"https:\/\/au-pair.org\/wp-content\/uploads\/2025\/01\/airplane-7429725_1280-1024x682.jpg","contentUrl":"https:\/\/au-pair.org\/wp-content\/uploads\/2025\/01\/airplane-7429725_1280-1024x682.jpg"},{"@type":"BreadcrumbList","@id":"https:\/\/au-pair.org\/de\/au-pair-kosten\/#breadcrumb","itemListElement":[{"@type":"ListItem","position":1,"name":"In\u00edcio","item":"https:\/\/au-pair.org\/de\/"},{"@type":"ListItem","position":2,"name":"Was f\u00fcr Kosten kommen auf ein Au-Pair zu?"}]},{"@type":"WebSite","@id":"https:\/\/au-pair.org\/de\/#website","url":"https:\/\/au-pair.org\/de\/","name":"Au Pair organisation","description":"","publisher":{"@id":"https:\/\/au-pair.org\/de\/#organization"},"potentialAction":[{"@type":"SearchAction","target":{"@type":"EntryPoint","urlTemplate":"https:\/\/au-pair.org\/de\/?s={search_term_string}"},"query-input":{"@type":"PropertyValueSpecification","valueRequired":true,"valueName":"search_term_string"}}],"inLanguage":"de"},{"@type":"Organization","@id":"https:\/\/au-pair.org\/de\/#organization","name":"Au Pair organisation","url":"https:\/\/au-pair.org\/de\/","logo":{"@type":"ImageObject","inLanguage":"de","@id":"https:\/\/au-pair.org\/de\/#\/schema\/logo\/image\/","url":"https:\/\/au-pair.org\/wp-content\/uploads\/2023\/12\/cropped-FBlogo170x170.webp","contentUrl":"https:\/\/au-pair.org\/wp-content\/uploads\/2023\/12\/cropped-FBlogo170x170.webp","width":120,"height":120,"caption":"Au Pair organisation"},"image":{"@id":"https:\/\/au-pair.org\/de\/#\/schema\/logo\/image\/"}}]}},"_links":{"self":[{"href":"https:\/\/au-pair.org\/de\/wp-json\/wp\/v2\/pages\/2019","targetHints":{"allow":["GET"]}}],"collection":[{"href":"https:\/\/au-pair.org\/de\/wp-json\/wp\/v2\/pages"}],"about":[{"href":"https:\/\/au-pair.org\/de\/wp-json\/wp\/v2\/types\/page"}],"author":[{"embeddable":true,"href":"https:\/\/au-pair.org\/de\/wp-json\/wp\/v2\/users\/4"}],"replies":[{"embeddable":true,"href":"https:\/\/au-pair.org\/de\/wp-json\/wp\/v2\/comments?post=2019"}],"version-history":[{"count":1,"href":"https:\/\/au-pair.org\/de\/wp-json\/wp\/v2\/pages\/2019\/revisions"}],"predecessor-version":[{"id":2022,"href":"https:\/\/au-pair.org\/de\/wp-json\/wp\/v2\/pages\/2019\/revisions\/2022"}],"wp:attachment":[{"href":"https:\/\/au-pair.org\/de\/wp-json\/wp\/v2\/media?parent=2019"}],"curies":[{"name":"wp","href":"https:\/\/api.w.org\/{rel}","templated":true}]}}