{"id":1970,"date":"2025-01-20T12:38:42","date_gmt":"2025-01-20T11:38:42","guid":{"rendered":"https:\/\/au-pair.org\/?page_id=1970"},"modified":"2025-01-21T13:58:43","modified_gmt":"2025-01-21T12:58:43","slug":"nationale-au-pair-verbaende","status":"publish","type":"page","link":"https:\/\/au-pair.org\/de\/nationale-au-pair-verbaende\/","title":{"rendered":"Nationale Au-Pair-Verb\u00e4nde"},"content":{"rendered":"\n<p>Es gibt weltweit zahlreiche nationale Au-Pair-Verb\u00e4nde, die als wichtige Organisationen fungieren, um das Au-Pair-Programm zu f\u00f6rdern, zu regulieren und qualitativ hochwertige Standards zu gew\u00e4hrleisten. <\/p>\n\n\n\n<p>Hier ist eine umfassende Liste nationaler Organisationen und Verb\u00e4nde weltweit, die sich f\u00fcr die Au-Pair-Idee einsetzen und das Au-Pair-Programm unterst\u00fctzen. Diese Organisationen f\u00f6rdern den interkulturellen Austausch, setzen sich f\u00fcr faire Arbeitsbedingungen ein und sorgen f\u00fcr Qualit\u00e4t und Ethik in der Vermittlung um hochwertige Standards zu gew\u00e4hrleisten. <\/p>\n\n\n\n<p><\/p>\n\n\n\n<h3 class=\"wp-block-heading\">\u00dcbersicht nationaler Au-Pair-Verb\u00e4nde weltweit und ihre Ziele<\/h3>\n\n\n\n<h4 class=\"wp-block-heading\"><strong>Europa<\/strong><\/h4>\n\n\n\n<ol class=\"wp-block-list\">\n<li><strong>Deutschland<\/strong>\n<ul class=\"wp-block-list\">\n<li><strong><a href=\"https:\/\/www.guetegemeinschaft-aupair.de\/de\/\" target=\"_blank\" rel=\"noreferrer noopener nofollow\">G\u00fctegemeinschaft Au Pair e.V. <\/a>(GAP)<\/strong><br>F\u00f6rderung von Qualit\u00e4tsstandards in der Vermittlung und Unterst\u00fctzung von Au-Pairs und Familien.<\/li>\n\n\n\n<li><strong>Die <a href=\"https:\/\/www.aupair-society.de\/\" target=\"_blank\" rel=\"noreferrer noopener nofollow\">Aupair Society e.V.<\/a><\/strong><br>Ziel ist die Verbesserung des Aupair-Wesens in Deutschland, innerhalb der EU und in Zusammenarbeit mit Partnern weltweit.<\/li>\n<\/ul>\n<\/li>\n\n\n\n<li><strong>Vereinigtes K\u00f6nigreich<\/strong>\n<ul class=\"wp-block-list\">\n<li><strong>British Au Pair Agencies Association (<a href=\"http:\/\/bapaa.org.uk\/\" target=\"_blank\" rel=\"noreferrer noopener nofollow\">BAPAA<\/a>)<\/strong><br>Ethische Standards und Unterst\u00fctzung f\u00fcr Au-Pairs und Gastfamilien.<\/li>\n<\/ul>\n<\/li>\n\n\n\n<li><strong>Frankreich<\/strong>\n<ul class=\"wp-block-list\">\n<li><strong>Union Fran\u00e7aise des Agences Au Pair (<a href=\"http:\/\/www.ufaap.org\/\" target=\"_blank\" rel=\"noreferrer noopener nofollow\">UFAAP<\/a>)<\/strong><br>F\u00f6rderung des interkulturellen Austauschs und Schutz der Rechte von Au-Pairs.<\/li>\n<\/ul>\n<\/li>\n\n\n\n<li><strong>Schweiz<\/strong>\n<ul class=\"wp-block-list\">\n<li><strong>Schweizerischer Verband f\u00fcr Au-Pair-Agenturen (SAUA)<\/strong><br>Beratung, Qualit\u00e4tskontrolle und Unterst\u00fctzung von Au-Pairs und Gastfamilien.<\/li>\n<\/ul>\n<\/li>\n\n\n\n<li><strong>Spanien<\/strong>\n<ul class=\"wp-block-list\">\n<li><strong>Asociaci\u00f3n Espa\u00f1ola del Programa Au Pair (<a href=\"https:\/\/www.agenciasaupairaepa.es\/\" target=\"_blank\" rel=\"noreferrer noopener nofollow\">AEPA<\/a>)<\/strong><br>F\u00f6rderung des Au-Pair-Programms und der Mobilit\u00e4t junger Menschen.<\/li>\n<\/ul>\n<\/li>\n\n\n\n<li><strong>Italien<\/strong>\n<ul class=\"wp-block-list\">\n<li><strong>Associazione Nazionale delle Agenzie alla Pari (<a href=\"http:\/\/www.aniap.org\/\" target=\"_blank\" rel=\"noreferrer noopener nofollow\">ANAP<\/a>)<\/strong><br>Unterst\u00fctzung und Regulierung des Au-Pair-Programms in Italien.<\/li>\n<\/ul>\n<\/li>\n\n\n\n<li><strong>Belgien<\/strong>\n<ul class=\"wp-block-list\">\n<li><strong>Association Belge des Agences Au Pair (ABAP)<\/strong><br>Standardsicherung und F\u00f6rderung des Austauschs.<\/li>\n<\/ul>\n<\/li>\n\n\n\n<li><strong>Niederlande<\/strong>\n<ul class=\"wp-block-list\">\n<li><strong>Dutch Au Pair Association (DAPA)<\/strong><br>\u00dcberwachung der Agenturen und Schutz der Rechte von Au-Pairs.<\/li>\n<\/ul>\n<\/li>\n\n\n\n<li><strong>Schweden<\/strong>\n<ul class=\"wp-block-list\">\n<li><strong>Swedish Au Pair Association<\/strong><br>F\u00f6rderung kultureller Integration und Unterst\u00fctzung von Au-Pairs.<\/li>\n<\/ul>\n<\/li>\n\n\n\n<li><strong>Norwegen<\/strong>\n<ul class=\"wp-block-list\">\n<li><strong>Norwegian Au Pair Association (NAPA)<\/strong><br>F\u00f6rderung ethischer Standards und kultureller Integration.<\/li>\n<\/ul>\n<\/li>\n\n\n\n<li><strong>D\u00e4nemark<\/strong>\n<ul class=\"wp-block-list\">\n<li><strong>Danish Au Pair Association<\/strong><br>Unterst\u00fctzung f\u00fcr Au-Pairs und Gastfamilien bei rechtlichen und kulturellen Herausforderungen.<\/li>\n<\/ul>\n<\/li>\n\n\n\n<li><strong>\u00d6sterreich<\/strong>\n<ul class=\"wp-block-list\">\n<li><strong>\u00d6sterreichischer Verband f\u00fcr Au-Pair-Agenturen (\u00d6VAA)<\/strong><br>Unterst\u00fctzung und Beratung f\u00fcr Agenturen, Au-Pairs und Gastfamilien.<\/li>\n<\/ul>\n<\/li>\n<\/ol>\n\n\n\n<hr class=\"wp-block-separator has-alpha-channel-opacity\"\/>\n\n\n\n<h3 class=\"wp-block-heading\"><strong>Nordamerika<\/strong><\/h3>\n\n\n\n<ol start=\"13\" class=\"wp-block-list\">\n<li><strong>USA<\/strong>\n<ul class=\"wp-block-list\">\n<li><strong>Alliance for International Exchange<\/strong><br>F\u00f6rderung des kulturellen Austauschs und Unterst\u00fctzung des J-1 Au Pair Visum-Programms.<\/li>\n\n\n\n<li><strong>Cultural Exchange Council<\/strong><br>Entwicklung und \u00dcberwachung von Standards f\u00fcr Au-Pair-Programme.<\/li>\n\n\n\n<li><strong>NAFSA: Association of International Educators<\/strong><br>Unterst\u00fctzung f\u00fcr internationale Bildungs- und Austauschprogramme, einschlie\u00dflich Au-Pairs.<\/li>\n<\/ul>\n<\/li>\n\n\n\n<li><strong>Kanada<\/strong>\n<ul class=\"wp-block-list\">\n<li><strong>Canadian Au Pair Association (CAPA)<\/strong><br>F\u00f6rderung von Standards und interkulturellem Austausch.<\/li>\n<\/ul>\n<\/li>\n<\/ol>\n\n\n\n<hr class=\"wp-block-separator has-alpha-channel-opacity\"\/>\n\n\n\n<h3 class=\"wp-block-heading\"><strong>Lateinamerika<\/strong><\/h3>\n\n\n\n<ol start=\"15\" class=\"wp-block-list\">\n<li><strong>Brasilien<\/strong>\n<ul class=\"wp-block-list\">\n<li><strong>Associa\u00e7\u00e3o Brasileira de Interc\u00e2mbio Cultural (ABIC)<\/strong><br>Unterst\u00fctzung von Au-Pairs aus Brasilien und F\u00f6rderung des Programms.<\/li>\n<\/ul>\n<\/li>\n\n\n\n<li><strong>Argentinien<\/strong>\n<ul class=\"wp-block-list\">\n<li><strong>Asociaci\u00f3n Argentina de Agencias Au Pair (AAAA)<\/strong><br>F\u00f6rderung des kulturellen Austauschs und Unterst\u00fctzung von Au-Pairs.<\/li>\n<\/ul>\n<\/li>\n<\/ol>\n\n\n\n<hr class=\"wp-block-separator has-alpha-channel-opacity\"\/>\n\n\n\n<h3 class=\"wp-block-heading\"><strong>Asien<\/strong><\/h3>\n\n\n\n<ol start=\"17\" class=\"wp-block-list\">\n<li><strong>China<\/strong>\n<ul class=\"wp-block-list\">\n<li><strong>China Au Pair Association (CAPA)<\/strong><br>F\u00f6rderung des interkulturellen Verst\u00e4ndnisses zwischen Au-Pairs und chinesischen Familien.<\/li>\n<\/ul>\n<\/li>\n\n\n\n<li><strong>Japan<\/strong>\n<ul class=\"wp-block-list\">\n<li><strong>Japanese Cultural Exchange Association (JCEA)<\/strong><br>F\u00f6rderung kultureller Mobilit\u00e4t und Unterst\u00fctzung von Au-Pairs in Japan.<\/li>\n<\/ul>\n<\/li>\n\n\n\n<li><strong>S\u00fcdkorea<\/strong>\n<ul class=\"wp-block-list\">\n<li><strong>Korean Au Pair Association<\/strong><br>Unterst\u00fctzung und Beratung f\u00fcr Au-Pairs und Familien.<\/li>\n<\/ul>\n<\/li>\n<\/ol>\n\n\n\n<hr class=\"wp-block-separator has-alpha-channel-opacity\"\/>\n\n\n\n<h3 class=\"wp-block-heading\"><strong>Australien und Ozeanien<\/strong><\/h3>\n\n\n\n<ol start=\"20\" class=\"wp-block-list\">\n<li><strong>Australien<\/strong>\n<ul class=\"wp-block-list\">\n<li><strong>Australian Au Pair Association (AAPA)<\/strong><br>Etablierung und \u00dcberwachung von Standards f\u00fcr Au-Pair-Aufenthalte.<\/li>\n<\/ul>\n<\/li>\n\n\n\n<li><strong>Neuseeland<\/strong>\n<ul class=\"wp-block-list\">\n<li><strong>New Zealand Au Pair Association (NZAPA)<\/strong><br>F\u00f6rderung eines positiven Austauschs zwischen Au-Pairs und Familien.<\/li>\n<\/ul>\n<\/li>\n<\/ol>\n\n\n\n<hr class=\"wp-block-separator has-alpha-channel-opacity\"\/>\n\n\n\n<h3 class=\"wp-block-heading\"><strong>Afrika<\/strong><\/h3>\n\n\n\n<ol start=\"22\" class=\"wp-block-list\">\n<li><strong>S\u00fcdafrika<\/strong>\n<ul class=\"wp-block-list\">\n<li><strong>South African Au Pair Association (SAAPA)<\/strong><br>F\u00f6rderung des Au-Pair-Programms und interkulturellen Austauschs.<\/li>\n<\/ul>\n<\/li>\n\n\n\n<li><strong>Marokko<\/strong>\n<ul class=\"wp-block-list\">\n<li><strong>Moroccan Au Pair Association<\/strong><br>Unterst\u00fctzung marokkanischer Au-Pairs im Ausland und kultureller Austausch.<\/li>\n<\/ul>\n<\/li>\n<\/ol>\n\n\n\n<hr class=\"wp-block-separator has-alpha-channel-opacity\"\/>\n\n\n\n<h3 class=\"wp-block-heading\"><strong>Internationale Dachverb\u00e4nde<\/strong><\/h3>\n\n\n\n<ul class=\"wp-block-list\">\n<li><strong>International Au Pair Association (IAPA)<\/strong><br>Globale Organisation mit Mitgliedern aus \u00fcber 60 L\u00e4ndern. F\u00f6rderung des kulturellen Austauschs und Etablierung globaler Standards.<\/li>\n\n\n\n<li><strong>World Youth Student and Educational Travel Confederation (WYSETC)<\/strong><br>Internationale F\u00f6rderung der Jugendmobilit\u00e4t und des interkulturellen Lernens.<\/li>\n<\/ul>\n\n\n\n<hr class=\"wp-block-separator has-alpha-channel-opacity\"\/>\n\n\n\n<h3 class=\"wp-block-heading\"><\/h3>\n\n\n\n<p>Diese nationalen und internationalen Organisationen sorgen f\u00fcr sichere, bereichernde Au-Pair-Erfahrungen und f\u00f6rdern den interkulturellen Austausch durch faire Vermittlung und Unterst\u00fctzung.<\/p>\n","protected":false},"excerpt":{"rendered":"<p>Es gibt weltweit zahlreiche nationale Au-Pair-Verb\u00e4nde, die als wichtige Organisationen fungieren, um das Au-Pair-Programm zu f\u00f6rdern, zu regulieren und qualitativ hochwertige Standards zu gew\u00e4hrleisten. Hier ist eine umfassende Liste nationaler Organisationen und Verb\u00e4nde weltweit, die sich f\u00fcr die Au-Pair-Idee einsetzen und das Au-Pair-Programm unterst\u00fctzen. Diese Organisationen f\u00f6rdern den interkulturellen Austausch, setzen sich f\u00fcr faire Arbeitsbedingungen [&hellip;]<\/p>\n","protected":false},"author":3,"featured_media":0,"parent":0,"menu_order":0,"comment_status":"closed","ping_status":"closed","template":"","meta":{"footnotes":""},"class_list":["post-1970","page","type-page","status-publish","hentry"],"yoast_head":"<!-- This site is optimized with the Yoast SEO plugin v26.4 - https:\/\/yoast.com\/wordpress\/plugins\/seo\/ -->\n<title>Nationale Au-Pair-Verb\u00e4nde<\/title>\n<meta name=\"description\" content=\"Hier ist eine umfassende Liste nationaler Organisationen und Verb\u00e4nde weltweit, die sich f\u00fcr die Au-Pair-Idee einsetzen.\" \/>\n<meta name=\"robots\" content=\"index, follow, max-snippet:-1, max-image-preview:large, max-video-preview:-1\" \/>\n<link rel=\"canonical\" href=\"https:\/\/au-pair.org\/de\/nationale-au-pair-verbaende\/\" \/>\n<meta property=\"og:locale\" content=\"de_DE\" \/>\n<meta property=\"og:type\" content=\"article\" \/>\n<meta property=\"og:title\" content=\"Nationale Au-Pair-Verb\u00e4nde\" \/>\n<meta property=\"og:description\" content=\"Hier ist eine umfassende Liste nationaler Organisationen und Verb\u00e4nde weltweit, die sich f\u00fcr die Au-Pair-Idee einsetzen.\" \/>\n<meta property=\"og:url\" content=\"https:\/\/au-pair.org\/de\/nationale-au-pair-verbaende\/\" \/>\n<meta property=\"og:site_name\" content=\"Au Pair organisation\" \/>\n<meta property=\"article:modified_time\" content=\"2025-01-21T12:58:43+00:00\" \/>\n<meta name=\"twitter:card\" content=\"summary_large_image\" \/>\n<meta name=\"twitter:label1\" content=\"Gesch\u00e4tzte Lesezeit\" \/>\n\t<meta name=\"twitter:data1\" content=\"3\u00a0Minuten\" \/>\n<script type=\"application\/ld+json\" class=\"yoast-schema-graph\">{\"@context\":\"https:\/\/schema.org\",\"@graph\":[{\"@type\":\"WebPage\",\"@id\":\"https:\/\/au-pair.org\/de\/nationale-au-pair-verbaende\/\",\"url\":\"https:\/\/au-pair.org\/de\/nationale-au-pair-verbaende\/\",\"name\":\"Nationale Au-Pair-Verb\u00e4nde\",\"isPartOf\":{\"@id\":\"https:\/\/au-pair.org\/de\/#website\"},\"datePublished\":\"2025-01-20T11:38:42+00:00\",\"dateModified\":\"2025-01-21T12:58:43+00:00\",\"description\":\"Hier ist eine umfassende Liste nationaler Organisationen und Verb\u00e4nde weltweit, die sich f\u00fcr die Au-Pair-Idee einsetzen.\",\"breadcrumb\":{\"@id\":\"https:\/\/au-pair.org\/de\/nationale-au-pair-verbaende\/#breadcrumb\"},\"inLanguage\":\"de\",\"potentialAction\":[{\"@type\":\"ReadAction\",\"target\":[\"https:\/\/au-pair.org\/de\/nationale-au-pair-verbaende\/\"]}]},{\"@type\":\"BreadcrumbList\",\"@id\":\"https:\/\/au-pair.org\/de\/nationale-au-pair-verbaende\/#breadcrumb\",\"itemListElement\":[{\"@type\":\"ListItem\",\"position\":1,\"name\":\"In\u00edcio\",\"item\":\"https:\/\/au-pair.org\/de\/\"},{\"@type\":\"ListItem\",\"position\":2,\"name\":\"Nationale Au-Pair-Verb\u00e4nde\"}]},{\"@type\":\"WebSite\",\"@id\":\"https:\/\/au-pair.org\/de\/#website\",\"url\":\"https:\/\/au-pair.org\/de\/\",\"name\":\"Au Pair organisation\",\"description\":\"\",\"publisher\":{\"@id\":\"https:\/\/au-pair.org\/de\/#organization\"},\"potentialAction\":[{\"@type\":\"SearchAction\",\"target\":{\"@type\":\"EntryPoint\",\"urlTemplate\":\"https:\/\/au-pair.org\/de\/?s={search_term_string}\"},\"query-input\":{\"@type\":\"PropertyValueSpecification\",\"valueRequired\":true,\"valueName\":\"search_term_string\"}}],\"inLanguage\":\"de\"},{\"@type\":\"Organization\",\"@id\":\"https:\/\/au-pair.org\/de\/#organization\",\"name\":\"Au Pair organisation\",\"url\":\"https:\/\/au-pair.org\/de\/\",\"logo\":{\"@type\":\"ImageObject\",\"inLanguage\":\"de\",\"@id\":\"https:\/\/au-pair.org\/de\/#\/schema\/logo\/image\/\",\"url\":\"https:\/\/au-pair.org\/wp-content\/uploads\/2023\/12\/cropped-FBlogo170x170.webp\",\"contentUrl\":\"https:\/\/au-pair.org\/wp-content\/uploads\/2023\/12\/cropped-FBlogo170x170.webp\",\"width\":120,\"height\":120,\"caption\":\"Au Pair organisation\"},\"image\":{\"@id\":\"https:\/\/au-pair.org\/de\/#\/schema\/logo\/image\/\"}}]}<\/script>\n<!-- \/ Yoast SEO plugin. -->","yoast_head_json":{"title":"Nationale Au-Pair-Verb\u00e4nde","description":"Hier ist eine umfassende Liste nationaler Organisationen und Verb\u00e4nde weltweit, die sich f\u00fcr die Au-Pair-Idee einsetzen.","robots":{"index":"index","follow":"follow","max-snippet":"max-snippet:-1","max-image-preview":"max-image-preview:large","max-video-preview":"max-video-preview:-1"},"canonical":"https:\/\/au-pair.org\/de\/nationale-au-pair-verbaende\/","og_locale":"de_DE","og_type":"article","og_title":"Nationale Au-Pair-Verb\u00e4nde","og_description":"Hier ist eine umfassende Liste nationaler Organisationen und Verb\u00e4nde weltweit, die sich f\u00fcr die Au-Pair-Idee einsetzen.","og_url":"https:\/\/au-pair.org\/de\/nationale-au-pair-verbaende\/","og_site_name":"Au Pair organisation","article_modified_time":"2025-01-21T12:58:43+00:00","twitter_card":"summary_large_image","twitter_misc":{"Gesch\u00e4tzte Lesezeit":"3\u00a0Minuten"},"schema":{"@context":"https:\/\/schema.org","@graph":[{"@type":"WebPage","@id":"https:\/\/au-pair.org\/de\/nationale-au-pair-verbaende\/","url":"https:\/\/au-pair.org\/de\/nationale-au-pair-verbaende\/","name":"Nationale Au-Pair-Verb\u00e4nde","isPartOf":{"@id":"https:\/\/au-pair.org\/de\/#website"},"datePublished":"2025-01-20T11:38:42+00:00","dateModified":"2025-01-21T12:58:43+00:00","description":"Hier ist eine umfassende Liste nationaler Organisationen und Verb\u00e4nde weltweit, die sich f\u00fcr die Au-Pair-Idee einsetzen.","breadcrumb":{"@id":"https:\/\/au-pair.org\/de\/nationale-au-pair-verbaende\/#breadcrumb"},"inLanguage":"de","potentialAction":[{"@type":"ReadAction","target":["https:\/\/au-pair.org\/de\/nationale-au-pair-verbaende\/"]}]},{"@type":"BreadcrumbList","@id":"https:\/\/au-pair.org\/de\/nationale-au-pair-verbaende\/#breadcrumb","itemListElement":[{"@type":"ListItem","position":1,"name":"In\u00edcio","item":"https:\/\/au-pair.org\/de\/"},{"@type":"ListItem","position":2,"name":"Nationale Au-Pair-Verb\u00e4nde"}]},{"@type":"WebSite","@id":"https:\/\/au-pair.org\/de\/#website","url":"https:\/\/au-pair.org\/de\/","name":"Au Pair organisation","description":"","publisher":{"@id":"https:\/\/au-pair.org\/de\/#organization"},"potentialAction":[{"@type":"SearchAction","target":{"@type":"EntryPoint","urlTemplate":"https:\/\/au-pair.org\/de\/?s={search_term_string}"},"query-input":{"@type":"PropertyValueSpecification","valueRequired":true,"valueName":"search_term_string"}}],"inLanguage":"de"},{"@type":"Organization","@id":"https:\/\/au-pair.org\/de\/#organization","name":"Au Pair organisation","url":"https:\/\/au-pair.org\/de\/","logo":{"@type":"ImageObject","inLanguage":"de","@id":"https:\/\/au-pair.org\/de\/#\/schema\/logo\/image\/","url":"https:\/\/au-pair.org\/wp-content\/uploads\/2023\/12\/cropped-FBlogo170x170.webp","contentUrl":"https:\/\/au-pair.org\/wp-content\/uploads\/2023\/12\/cropped-FBlogo170x170.webp","width":120,"height":120,"caption":"Au Pair organisation"},"image":{"@id":"https:\/\/au-pair.org\/de\/#\/schema\/logo\/image\/"}}]}},"_links":{"self":[{"href":"https:\/\/au-pair.org\/de\/wp-json\/wp\/v2\/pages\/1970","targetHints":{"allow":["GET"]}}],"collection":[{"href":"https:\/\/au-pair.org\/de\/wp-json\/wp\/v2\/pages"}],"about":[{"href":"https:\/\/au-pair.org\/de\/wp-json\/wp\/v2\/types\/page"}],"author":[{"embeddable":true,"href":"https:\/\/au-pair.org\/de\/wp-json\/wp\/v2\/users\/3"}],"replies":[{"embeddable":true,"href":"https:\/\/au-pair.org\/de\/wp-json\/wp\/v2\/comments?post=1970"}],"version-history":[{"count":2,"href":"https:\/\/au-pair.org\/de\/wp-json\/wp\/v2\/pages\/1970\/revisions"}],"predecessor-version":[{"id":2018,"href":"https:\/\/au-pair.org\/de\/wp-json\/wp\/v2\/pages\/1970\/revisions\/2018"}],"wp:attachment":[{"href":"https:\/\/au-pair.org\/de\/wp-json\/wp\/v2\/media?parent=1970"}],"curies":[{"name":"wp","href":"https:\/\/api.w.org\/{rel}","templated":true}]}}