{"id":1965,"date":"2025-01-17T12:46:09","date_gmt":"2025-01-17T11:46:09","guid":{"rendered":"https:\/\/au-pair.org\/?page_id=1965"},"modified":"2025-01-20T14:41:11","modified_gmt":"2025-01-20T13:41:11","slug":"rechte-und-pflichten-gastfamilie","status":"publish","type":"page","link":"https:\/\/au-pair.org\/de\/rechte-und-pflichten-gastfamilie\/","title":{"rendered":"Rechte und Pflichten einer Gastfamilie"},"content":{"rendered":"\n<p>Die Entscheidung, ein Au-Pair aufzunehmen, ist f\u00fcr viele Familien eine wunderbare M\u00f6glichkeit, den Alltag zu entlasten und eine andere Kultur in ihr Zuhause zu bringen. Damit der Au-Pair-Aufenthalt f\u00fcr beide Seiten \u2013 die Gastfamilie und das Au-Pair \u2013 eine bereichernde Erfahrung wird, gibt es klare <strong>Rechte und Pflichten<\/strong>, die eine Gastfamilie weltweit beachten sollte.<\/p>\n\n\n\n<p>In diesem Artikel erkl\u00e4ren wir, welche Rechte Gastfamilien haben, welche Pflichten sie \u00fcbernehmen und wie ein harmonisches Zusammenleben zwischen Familie und Au-Pair gelingen kann.<\/p>\n\n\n\n<hr class=\"wp-block-separator has-alpha-channel-opacity\"\/>\n\n\n\n<h3 class=\"wp-block-heading\"><strong>Rechte einer Gastfamilie<\/strong><\/h3>\n\n\n\n<p>Als Gastfamilie gibt es gewisse Rechte, um sicherzustellen, dass die Zusammenarbeit mit dem Au-Pair fair und strukturiert verl\u00e4uft:<\/p>\n\n\n\n<h4 class=\"wp-block-heading\"><strong>1. Unterst\u00fctzung im Alltag<\/strong><\/h4>\n\n\n\n<ul class=\"wp-block-list\">\n<li>Ein Au-Pair unterst\u00fctzt die Gastfamilie haupts\u00e4chlich bei der <strong>Kinderbetreuung<\/strong> und leichten Aufgaben im Haushalt.<\/li>\n\n\n\n<li>Die <a href=\"https:\/\/au-pair.org\/de\/rechte-und-pflichten-au-pair\/\">Aufgaben des Au-Pairs<\/a> werden im Vorfeld schriftlich im <a href=\"https:\/\/www.aupair.com\/de\/p-au-pair-vertrag.php\" target=\"_blank\" rel=\"noreferrer noopener\"><strong>Au-Pair-Vertrag<\/strong><\/a> festgelegt, um klare Erwartungen zu schaffen.<\/li>\n<\/ul>\n\n\n\n<h4 class=\"wp-block-heading\"><strong>2. Sprachlicher und kultureller Austausch<\/strong><\/h4>\n\n\n\n<ul class=\"wp-block-list\">\n<li>Als Gastfamilie besteht das Recht, dass das Au-Pair w\u00e4hrend des Aufenthalts aktiv am Familienleben teilnimmt und so die Kultur und Sprache der Familie kennenlernt. Gleichzeitig lernt die Gastfamilie die Kultur und Sprache des Au-Pairs kennen.<\/li>\n<\/ul>\n\n\n\n<h4 class=\"wp-block-heading\"><strong>3. Zuverl\u00e4ssigkeit und P\u00fcnktlichkeit<\/strong><\/h4>\n\n\n\n<ul class=\"wp-block-list\">\n<li>Es kann vom Au-pair erwartet werden, dass es die vereinbarten Aufgaben zuverl\u00e4ssig, p\u00fcnktlich und verantwortungsbewusst erledigt.<\/li>\n<\/ul>\n\n\n\n<h4 class=\"wp-block-heading\"><strong>4. Klare Regelungen zur Arbeitszeit<\/strong><\/h4>\n\n\n\n<ul class=\"wp-block-list\">\n<li>Gastfamilien haben das Recht, dass das Au-Pair seine Arbeitszeiten einh\u00e4lt. Die maximale Arbeitszeit ist in jedem Land gesetzlich geregelt:\n<ul class=\"wp-block-list\">\n<li><strong>Deutschland<\/strong>: Maximal 30 Stunden pro Woche.<\/li>\n\n\n\n<li><strong>USA<\/strong>: Bis zu 45 Stunden pro Woche.<\/li>\n\n\n\n<li><strong>Frankreich<\/strong>: 25 bis 30 Stunden pro Woche.<\/li>\n<\/ul>\n<\/li>\n\n\n\n<li>Eine Gastfamilie kann das Au-Pair nicht zu \u00dcberstunden verpflichten.<\/li>\n<\/ul>\n\n\n\n<h4 class=\"wp-block-heading\"><strong>5. Unterst\u00fctzung bei der Integration<\/strong><\/h4>\n\n\n\n<ul class=\"wp-block-list\">\n<li>Als Gastfamilie sollte man das Au-Pair in den Alltag integrieren und gemeinsam kulturelle Werte austauschen. Ein Au-Pair sollte wie ein Teil der Familie behandelt werden, jedoch mit klar definierten Aufgaben und Pflichten.<\/li>\n<\/ul>\n\n\n\n<hr class=\"wp-block-separator has-alpha-channel-opacity\"\/>\n\n\n\n<h3 class=\"wp-block-heading\"><a href=\"https:\/\/www.aupair.com\/de\/p-gastfamilie-voraussetzung-aufgaben.php\" target=\"_blank\" rel=\"noreferrer noopener\"><strong>Pflichten einer Gastfamilie<\/strong><\/a><\/h3>\n\n\n\n<p>Die Gastfamilie \u00fcbernimmt im Rahmen des Au-Pair-Programms wichtige Pflichten, um einen erfolgreichen Aufenthalt zu gew\u00e4hrleisten:<\/p>\n\n\n\n<h4 class=\"wp-block-heading\"><strong>1. Unterkunft und Verpflegung<\/strong><\/h4>\n\n\n\n<ul class=\"wp-block-list\">\n<li>Die Gastfamilie stellt dem Au-Pair ein <strong>eigenes Zimmer<\/strong> zur Verf\u00fcgung, das m\u00f6bliert und privat ist.<\/li>\n\n\n\n<li>Das Au-Pair erh\u00e4lt freie Verpflegung, auch an freien Tagen. Es sollte Zugang zu den Mahlzeiten der Familie haben und in den Alltag integriert werden.<\/li>\n<\/ul>\n\n\n\n<h4 class=\"wp-block-heading\"><strong>2. Taschengeld<\/strong><\/h4>\n\n\n\n<ul class=\"wp-block-list\">\n<li>Die Familie zahlt dem Au-Pair ein <a href=\"https:\/\/www.aupair.com\/de\/p-au-pair-taschengeld-gehalt.php\" target=\"_blank\" rel=\"noreferrer noopener\">monatliches Taschengeld<\/a>, dessen H\u00f6he je nach Land unterschiedlich ist:\n<ul class=\"wp-block-list\">\n<li>Deutschland: Mindestens 280 \u20ac pro Monat.<\/li>\n\n\n\n<li><a href=\"http:\/\/www.aupair-usa.net\/de\/taschengeld-freizeit-urlaub-au-pair-usa\/\" target=\"_blank\" rel=\"noreferrer noopener\">USA<\/a>: 195,75 $ pro Woche.<\/li>\n\n\n\n<li>Australien: Zwischen 200 und 300 AUD pro Woche.<\/li>\n<\/ul>\n<\/li>\n\n\n\n<li>Das Taschengeld ist ein zentraler Bestandteil des Au-Pair-Programms und sollte p\u00fcnktlich ausgezahlt werden.<\/li>\n<\/ul>\n\n\n\n<h4 class=\"wp-block-heading\"><strong>3. Freizeit und Urlaub<\/strong><\/h4>\n\n\n\n<ul class=\"wp-block-list\">\n<li>Das Au-Pair hat Anspruch auf Freizeit und bezahlten Urlaub:\n<ul class=\"wp-block-list\">\n<li><strong>Freie Tage<\/strong>: Mindestens ein freier Tag pro Woche (oft ein freies Wochenende pro Monat).<\/li>\n\n\n\n<li><strong>Urlaubsanspruch<\/strong>: Zwei Wochen bei einem Aufenthalt von 12 Monaten (abh\u00e4ngig von den Regelungen des Landes).<\/li>\n<\/ul>\n<\/li>\n\n\n\n<li>Die Familie sollte sicherstellen, dass das Au-Pair ausreichend Erholungszeit hat.<\/li>\n<\/ul>\n\n\n\n<h4 class=\"wp-block-heading\"><strong>4. Unterst\u00fctzung bei Sprachkursen<\/strong><\/h4>\n\n\n\n<ul class=\"wp-block-list\">\n<li>In vielen L\u00e4ndern ist die Gastfamilie verpflichtet, das Au-Pair bei der Teilnahme an einem Sprachkurs zu unterst\u00fctzen:\n<ul class=\"wp-block-list\">\n<li>Deutschland: Die Gastfamilie tr\u00e4gt oft einen Teil der Kosten.<\/li>\n\n\n\n<li>USA: Bis zu 500 $ f\u00fcr Weiterbildungskurse.<\/li>\n<\/ul>\n<\/li>\n\n\n\n<li>Es sollte dem Au-Pair erm\u00f6glicht werden, die Sprache des Gastlandes zu lernen und regelm\u00e4\u00dfig an Kursen teilzunehmen.<\/li>\n<\/ul>\n\n\n\n<h4 class=\"wp-block-heading\"><strong>5. <\/strong><a href=\"https:\/\/www.aupair.com\/de\/p-aupair-versicherung.php\" target=\"_blank\" rel=\"noreferrer noopener\"><strong>Versicherung<\/strong><\/a><strong> und Formalit\u00e4ten<\/strong><\/h4>\n\n\n\n<ul class=\"wp-block-list\">\n<li>Die Gastfamilie sorgt daf\u00fcr, dass das Au-Pair w\u00e4hrend des Aufenthalts \u00fcber eine g\u00fcltige <strong>Kranken-, Unfall- und Haftpflichtversicherung<\/strong> verf\u00fcgt.<\/li>\n\n\n\n<li>Unterst\u00fctzung bei den notwendigen <strong>Beh\u00f6rdeng\u00e4ngen<\/strong>, wie der Anmeldung im Gastland oder der Beantragung eines Visums, geh\u00f6rt ebenfalls zu den Pflichten der Familie.<\/li>\n<\/ul>\n\n\n\n<h4 class=\"wp-block-heading\"><strong>6. Respekt und Fairness<\/strong><\/h4>\n\n\n\n<ul class=\"wp-block-list\">\n<li>Die Gastfamilie muss das Au-Pair respektvoll behandeln und ihm ein sicheres und freundliches Umfeld bieten.<\/li>\n\n\n\n<li>Konflikte oder Missverst\u00e4ndnisse sollten durch <a href=\"https:\/\/www.aupair.com\/de\/au-pair-blog\/gastfamilien\/wie-sie-effektiv-mit-ihrem-au-pair-kommunizieren.php\" target=\"_blank\" rel=\"noreferrer noopener\">offene Kommunikation<\/a> oder mit Hilfe der Vermittlungsagentur gel\u00f6st werden.<\/li>\n<\/ul>\n\n\n\n<hr class=\"wp-block-separator has-alpha-channel-opacity\"\/>\n\n\n\n<h3 class=\"wp-block-heading\"><strong>Was darf eine Gastfamilie nicht erwarten?<\/strong><\/h3>\n\n\n\n<p>Ein Au-Pair ist kein Ersatz f\u00fcr eine professionelle Haushaltshilfe oder Nanny. Daher gibt es klare Grenzen. <strong>Schwere Haushaltsarbeiten<\/strong> wie Gartenarbeit, Fensterputzen oder Renovierungsarbeiten geh\u00f6ren nicht zu den Aufgaben eines Au-Pairs. Auch <strong>unbezahlte \u00dcberstunden<\/strong> sind nicht erlaubt. Die vereinbarte Arbeitszeit muss eingehalten werden. Ein Au-Pair ist ein unterst\u00fctzendes Familienmitglied, keine Vollzeitkraft, weshalb die <strong>alleinige Verantwortung<\/strong> f\u00fcr die Erziehung oder den Haushalt nicht erwartet werden darf. <\/p>\n\n\n\n<hr class=\"wp-block-separator has-alpha-channel-opacity\"\/>\n\n\n\n<h3 class=\"wp-block-heading\"><strong>Rechte und Pflichten: Ein fairer Austausch<\/strong><\/h3>\n\n\n\n<p>Das <a href=\"https:\/\/au-pair.org\/de\/au-pair-programm\/\">Au-Pair-Programm<\/a> basiert auf dem Prinzip der Gegenseitigkeit. W\u00e4hrend die Gastfamilie von der Unterst\u00fctzung im Alltag und dem kulturellen Austausch profitiert, erh\u00e4lt das Au-Pair die M\u00f6glichkeit, die Sprache und Kultur des Gastlandes kennenzulernen. Ein harmonisches Zusammenleben gelingt nur, wenn beide Seiten ihre Rechte und Pflichten respektieren.<\/p>\n","protected":false},"excerpt":{"rendered":"<p>Die Entscheidung, ein Au-Pair aufzunehmen, ist f\u00fcr viele Familien eine wunderbare M\u00f6glichkeit, den Alltag zu entlasten und eine andere Kultur in ihr Zuhause zu bringen. Damit der Au-Pair-Aufenthalt f\u00fcr beide Seiten \u2013 die Gastfamilie und das Au-Pair \u2013 eine bereichernde Erfahrung wird, gibt es klare Rechte und Pflichten, die eine Gastfamilie weltweit beachten sollte. In [&hellip;]<\/p>\n","protected":false},"author":4,"featured_media":0,"parent":0,"menu_order":0,"comment_status":"closed","ping_status":"closed","template":"","meta":{"footnotes":""},"class_list":["post-1965","page","type-page","status-publish","hentry"],"yoast_head":"<!-- This site is optimized with the Yoast SEO plugin v26.4 - https:\/\/yoast.com\/wordpress\/plugins\/seo\/ -->\n<title>Rechte und Pflichten einer Gastfamilie<\/title>\n<meta name=\"description\" content=\"Was sind die Rechte und Pflichten einer Gastfamilie bei der Aufnahme eines Au Pairs? Finden Sie hier alle n\u00f6tigen Informationen.\" \/>\n<meta name=\"robots\" content=\"index, follow, max-snippet:-1, max-image-preview:large, max-video-preview:-1\" \/>\n<link rel=\"canonical\" href=\"https:\/\/au-pair.org\/de\/rechte-und-pflichten-gastfamilie\/\" \/>\n<meta property=\"og:locale\" content=\"de_DE\" \/>\n<meta property=\"og:type\" content=\"article\" \/>\n<meta property=\"og:title\" content=\"Rechte und Pflichten einer Gastfamilie\" \/>\n<meta property=\"og:description\" content=\"Was sind die Rechte und Pflichten einer Gastfamilie bei der Aufnahme eines Au Pairs? Finden Sie hier alle n\u00f6tigen Informationen.\" \/>\n<meta property=\"og:url\" content=\"https:\/\/au-pair.org\/de\/rechte-und-pflichten-gastfamilie\/\" \/>\n<meta property=\"og:site_name\" content=\"Au Pair organisation\" \/>\n<meta property=\"article:modified_time\" content=\"2025-01-20T13:41:11+00:00\" \/>\n<meta name=\"twitter:card\" content=\"summary_large_image\" \/>\n<meta name=\"twitter:label1\" content=\"Gesch\u00e4tzte Lesezeit\" \/>\n\t<meta name=\"twitter:data1\" content=\"4\u00a0Minuten\" \/>\n<script type=\"application\/ld+json\" class=\"yoast-schema-graph\">{\"@context\":\"https:\/\/schema.org\",\"@graph\":[{\"@type\":\"WebPage\",\"@id\":\"https:\/\/au-pair.org\/de\/rechte-und-pflichten-gastfamilie\/\",\"url\":\"https:\/\/au-pair.org\/de\/rechte-und-pflichten-gastfamilie\/\",\"name\":\"Rechte und Pflichten einer Gastfamilie\",\"isPartOf\":{\"@id\":\"https:\/\/au-pair.org\/de\/#website\"},\"datePublished\":\"2025-01-17T11:46:09+00:00\",\"dateModified\":\"2025-01-20T13:41:11+00:00\",\"description\":\"Was sind die Rechte und Pflichten einer Gastfamilie bei der Aufnahme eines Au Pairs? Finden Sie hier alle n\u00f6tigen Informationen.\",\"breadcrumb\":{\"@id\":\"https:\/\/au-pair.org\/de\/rechte-und-pflichten-gastfamilie\/#breadcrumb\"},\"inLanguage\":\"de\",\"potentialAction\":[{\"@type\":\"ReadAction\",\"target\":[\"https:\/\/au-pair.org\/de\/rechte-und-pflichten-gastfamilie\/\"]}]},{\"@type\":\"BreadcrumbList\",\"@id\":\"https:\/\/au-pair.org\/de\/rechte-und-pflichten-gastfamilie\/#breadcrumb\",\"itemListElement\":[{\"@type\":\"ListItem\",\"position\":1,\"name\":\"In\u00edcio\",\"item\":\"https:\/\/au-pair.org\/de\/\"},{\"@type\":\"ListItem\",\"position\":2,\"name\":\"Rechte und Pflichten einer Gastfamilie\"}]},{\"@type\":\"WebSite\",\"@id\":\"https:\/\/au-pair.org\/de\/#website\",\"url\":\"https:\/\/au-pair.org\/de\/\",\"name\":\"Au Pair organisation\",\"description\":\"\",\"publisher\":{\"@id\":\"https:\/\/au-pair.org\/de\/#organization\"},\"potentialAction\":[{\"@type\":\"SearchAction\",\"target\":{\"@type\":\"EntryPoint\",\"urlTemplate\":\"https:\/\/au-pair.org\/de\/?s={search_term_string}\"},\"query-input\":{\"@type\":\"PropertyValueSpecification\",\"valueRequired\":true,\"valueName\":\"search_term_string\"}}],\"inLanguage\":\"de\"},{\"@type\":\"Organization\",\"@id\":\"https:\/\/au-pair.org\/de\/#organization\",\"name\":\"Au Pair organisation\",\"url\":\"https:\/\/au-pair.org\/de\/\",\"logo\":{\"@type\":\"ImageObject\",\"inLanguage\":\"de\",\"@id\":\"https:\/\/au-pair.org\/de\/#\/schema\/logo\/image\/\",\"url\":\"https:\/\/au-pair.org\/wp-content\/uploads\/2023\/12\/cropped-FBlogo170x170.webp\",\"contentUrl\":\"https:\/\/au-pair.org\/wp-content\/uploads\/2023\/12\/cropped-FBlogo170x170.webp\",\"width\":120,\"height\":120,\"caption\":\"Au Pair organisation\"},\"image\":{\"@id\":\"https:\/\/au-pair.org\/de\/#\/schema\/logo\/image\/\"}}]}<\/script>\n<!-- \/ Yoast SEO plugin. -->","yoast_head_json":{"title":"Rechte und Pflichten einer Gastfamilie","description":"Was sind die Rechte und Pflichten einer Gastfamilie bei der Aufnahme eines Au Pairs? Finden Sie hier alle n\u00f6tigen Informationen.","robots":{"index":"index","follow":"follow","max-snippet":"max-snippet:-1","max-image-preview":"max-image-preview:large","max-video-preview":"max-video-preview:-1"},"canonical":"https:\/\/au-pair.org\/de\/rechte-und-pflichten-gastfamilie\/","og_locale":"de_DE","og_type":"article","og_title":"Rechte und Pflichten einer Gastfamilie","og_description":"Was sind die Rechte und Pflichten einer Gastfamilie bei der Aufnahme eines Au Pairs? Finden Sie hier alle n\u00f6tigen Informationen.","og_url":"https:\/\/au-pair.org\/de\/rechte-und-pflichten-gastfamilie\/","og_site_name":"Au Pair organisation","article_modified_time":"2025-01-20T13:41:11+00:00","twitter_card":"summary_large_image","twitter_misc":{"Gesch\u00e4tzte Lesezeit":"4\u00a0Minuten"},"schema":{"@context":"https:\/\/schema.org","@graph":[{"@type":"WebPage","@id":"https:\/\/au-pair.org\/de\/rechte-und-pflichten-gastfamilie\/","url":"https:\/\/au-pair.org\/de\/rechte-und-pflichten-gastfamilie\/","name":"Rechte und Pflichten einer Gastfamilie","isPartOf":{"@id":"https:\/\/au-pair.org\/de\/#website"},"datePublished":"2025-01-17T11:46:09+00:00","dateModified":"2025-01-20T13:41:11+00:00","description":"Was sind die Rechte und Pflichten einer Gastfamilie bei der Aufnahme eines Au Pairs? Finden Sie hier alle n\u00f6tigen Informationen.","breadcrumb":{"@id":"https:\/\/au-pair.org\/de\/rechte-und-pflichten-gastfamilie\/#breadcrumb"},"inLanguage":"de","potentialAction":[{"@type":"ReadAction","target":["https:\/\/au-pair.org\/de\/rechte-und-pflichten-gastfamilie\/"]}]},{"@type":"BreadcrumbList","@id":"https:\/\/au-pair.org\/de\/rechte-und-pflichten-gastfamilie\/#breadcrumb","itemListElement":[{"@type":"ListItem","position":1,"name":"In\u00edcio","item":"https:\/\/au-pair.org\/de\/"},{"@type":"ListItem","position":2,"name":"Rechte und Pflichten einer Gastfamilie"}]},{"@type":"WebSite","@id":"https:\/\/au-pair.org\/de\/#website","url":"https:\/\/au-pair.org\/de\/","name":"Au Pair organisation","description":"","publisher":{"@id":"https:\/\/au-pair.org\/de\/#organization"},"potentialAction":[{"@type":"SearchAction","target":{"@type":"EntryPoint","urlTemplate":"https:\/\/au-pair.org\/de\/?s={search_term_string}"},"query-input":{"@type":"PropertyValueSpecification","valueRequired":true,"valueName":"search_term_string"}}],"inLanguage":"de"},{"@type":"Organization","@id":"https:\/\/au-pair.org\/de\/#organization","name":"Au Pair organisation","url":"https:\/\/au-pair.org\/de\/","logo":{"@type":"ImageObject","inLanguage":"de","@id":"https:\/\/au-pair.org\/de\/#\/schema\/logo\/image\/","url":"https:\/\/au-pair.org\/wp-content\/uploads\/2023\/12\/cropped-FBlogo170x170.webp","contentUrl":"https:\/\/au-pair.org\/wp-content\/uploads\/2023\/12\/cropped-FBlogo170x170.webp","width":120,"height":120,"caption":"Au Pair organisation"},"image":{"@id":"https:\/\/au-pair.org\/de\/#\/schema\/logo\/image\/"}}]}},"_links":{"self":[{"href":"https:\/\/au-pair.org\/de\/wp-json\/wp\/v2\/pages\/1965","targetHints":{"allow":["GET"]}}],"collection":[{"href":"https:\/\/au-pair.org\/de\/wp-json\/wp\/v2\/pages"}],"about":[{"href":"https:\/\/au-pair.org\/de\/wp-json\/wp\/v2\/types\/page"}],"author":[{"embeddable":true,"href":"https:\/\/au-pair.org\/de\/wp-json\/wp\/v2\/users\/4"}],"replies":[{"embeddable":true,"href":"https:\/\/au-pair.org\/de\/wp-json\/wp\/v2\/comments?post=1965"}],"version-history":[{"count":2,"href":"https:\/\/au-pair.org\/de\/wp-json\/wp\/v2\/pages\/1965\/revisions"}],"predecessor-version":[{"id":1984,"href":"https:\/\/au-pair.org\/de\/wp-json\/wp\/v2\/pages\/1965\/revisions\/1984"}],"wp:attachment":[{"href":"https:\/\/au-pair.org\/de\/wp-json\/wp\/v2\/media?parent=1965"}],"curies":[{"name":"wp","href":"https:\/\/api.w.org\/{rel}","templated":true}]}}