{"id":1936,"date":"2025-01-15T07:34:08","date_gmt":"2025-01-15T10:34:08","guid":{"rendered":"https:\/\/au-pair.org\/?page_id=1936"},"modified":"2025-01-15T07:34:11","modified_gmt":"2025-01-15T10:34:11","slug":"au-pair-org-mitglieder","status":"publish","type":"page","link":"https:\/\/au-pair.org\/de\/au-pair-org-mitglieder\/","title":{"rendered":"Mitglieder"},"content":{"rendered":"\n<p>Mitgliedsagenturen von Au-Pair.org sind in der Regel Au-pair-Agenturen, die auf <strong><a href=\"http:\/\/www.aupair.com\/\">www.aupair.com<\/a><\/strong> als <strong>zertifiziert<\/strong> gelten. Diese zeichnen sich durch besondere Qualit\u00e4tsstandards und Merkmale aus. Diese Zertifizierung zeigt, dass die Agenturen professionell, zuverl\u00e4ssig und nach anerkannten Richtlinien arbeiten. Die wichtigsten Merkmale und Anforderungen an solche Agenturen sind:<\/p>\n\n\n\n<hr class=\"wp-block-separator has-alpha-channel-opacity\"\/>\n\n\n\n<h3 class=\"wp-block-heading\"><strong>1. Mitgliedschaft in anerkannten Verb\u00e4nden<\/strong><\/h3>\n\n\n\n<ul class=\"wp-block-list\">\n<li>Zertifizierte Agenturen sind h\u00e4ufig Mitglied in internationalen oder nationalen Organisationen wie der <strong>IAPA (International Au Pair Association)<\/strong> oder der <strong>ECAPS (European Committee for Au Pair Standards)<\/strong>.<\/li>\n\n\n\n<li>Diese Mitgliedschaften verpflichten die Agenturen zur Einhaltung hoher ethischer und professioneller Standards.<\/li>\n<\/ul>\n\n\n\n<hr class=\"wp-block-separator has-alpha-channel-opacity\"\/>\n\n\n\n<h3 class=\"wp-block-heading\"><strong>2. Qualit\u00e4ts- und Ethikstandards<\/strong><\/h3>\n\n\n\n<ul class=\"wp-block-list\">\n<li>Die Agenturen arbeiten nach festgelegten Richtlinien, die die Rechte und Pflichten von Au-Pairs und Gastfamilien respektieren.<\/li>\n\n\n\n<li>Sie gew\u00e4hrleisten eine faire Behandlung von Au-Pairs, einschlie\u00dflich angemessener Arbeitszeiten, gerechter Bezahlung (Taschengeld) und klar geregelter Freizeit.<\/li>\n\n\n\n<li>Sie f\u00f6rdern den kulturellen Austausch und legen gro\u00dfen Wert auf gegenseitigen Respekt zwischen Au-Pairs und Gastfamilien.<\/li>\n<\/ul>\n\n\n\n<hr class=\"wp-block-separator has-alpha-channel-opacity\"\/>\n\n\n\n<h3 class=\"wp-block-heading\"><strong>3. Umfassende Beratung<\/strong><\/h3>\n\n\n\n<ul class=\"wp-block-list\">\n<li>Zertifizierte Agenturen bieten sowohl den Au-Pairs als auch den Gastfamilien eine detaillierte Beratung vor und w\u00e4hrend des Aufenthalts.<\/li>\n\n\n\n<li>Sie kl\u00e4ren \u00fcber Rechte, Pflichten, Erwartungen und kulturelle Unterschiede auf.<\/li>\n<\/ul>\n\n\n\n<hr class=\"wp-block-separator has-alpha-channel-opacity\"\/>\n\n\n\n<h3 class=\"wp-block-heading\"><strong>4. Pr\u00fcfung und Auswahl von Au-Pairs und Gastfamilien<\/strong><\/h3>\n\n\n\n<ul class=\"wp-block-list\">\n<li>Agenturen pr\u00fcfen die Profile von Au-Pairs und Gastfamilien sorgf\u00e4ltig, um sicherzustellen, dass beide Seiten zueinander passen.<\/li>\n\n\n\n<li>Sie stellen sicher, dass Au-Pairs \u00fcber die erforderlichen Qualifikationen (z. B. Sprachkenntnisse, Erfahrung in der Kinderbetreuung) verf\u00fcgen.<\/li>\n\n\n\n<li>Familien werden auf ihre Eignung als Gastfamilien \u00fcberpr\u00fcft, einschlie\u00dflich ihres Verst\u00e4ndnisses der Au-Pair-Rolle und ihrer F\u00e4higkeit, eine positive Umgebung zu schaffen.<\/li>\n<\/ul>\n\n\n\n<hr class=\"wp-block-separator has-alpha-channel-opacity\"\/>\n\n\n\n<h3 class=\"wp-block-heading\"><strong>5. Unterst\u00fctzung bei der B\u00fcrokratie<\/strong><\/h3>\n\n\n\n<ul class=\"wp-block-list\">\n<li>Zertifizierte Agenturen unterst\u00fctzen bei der Abwicklung aller rechtlichen und administrativen Anforderungen, wie z. B. Visumantr\u00e4gen, Arbeitsgenehmigungen oder Vertr\u00e4gen.<\/li>\n\n\n\n<li>Sie stellen sicher, dass alle relevanten gesetzlichen Bestimmungen des Gastlandes eingehalten werden.<\/li>\n<\/ul>\n\n\n\n<hr class=\"wp-block-separator has-alpha-channel-opacity\"\/>\n\n\n\n<h3 class=\"wp-block-heading\"><strong>6. Konfliktl\u00f6sung<\/strong><\/h3>\n\n\n\n<ul class=\"wp-block-list\">\n<li>Falls es zu Problemen oder Missverst\u00e4ndnissen zwischen Au-Pairs und Gastfamilien kommt, bieten die Agenturen Unterst\u00fctzung bei der Vermittlung und L\u00f6sung der Konflikte.<\/li>\n\n\n\n<li>Sie agieren als neutrale Vermittler und arbeiten daran, die Situation f\u00fcr beide Seiten zufriedenstellend zu kl\u00e4ren.<\/li>\n<\/ul>\n\n\n\n<hr class=\"wp-block-separator has-alpha-channel-opacity\"\/>\n\n\n\n<h3 class=\"wp-block-heading\"><strong>7. Transparenz und faire Bedingungen<\/strong><\/h3>\n\n\n\n<ul class=\"wp-block-list\">\n<li>Zertifizierte Agenturen arbeiten transparent, was Kosten, Leistungen und Verpflichtungen angeht.<\/li>\n\n\n\n<li>Sie informieren beide Seiten klar und deutlich \u00fcber die finanziellen und vertraglichen Aspekte des Programms (z. B. Taschengeld, Arbeitszeiten, Freizeit).<\/li>\n<\/ul>\n\n\n\n<hr class=\"wp-block-separator has-alpha-channel-opacity\"\/>\n\n\n\n<h3 class=\"wp-block-heading\"><strong>8. Erfahrung und Expertise<\/strong><\/h3>\n\n\n\n<ul class=\"wp-block-list\">\n<li>Diese Agenturen verf\u00fcgen \u00fcber langj\u00e4hrige Erfahrung in der Vermittlung von Au-Pairs und Gastfamilien und haben oft ein gro\u00dfes Netzwerk an Partnern im In- und Ausland.<\/li>\n\n\n\n<li>Sie kennen die kulturellen, rechtlichen und sozialen Aspekte des Au-Pair-Programms in verschiedenen L\u00e4ndern.<\/li>\n<\/ul>\n\n\n\n<hr class=\"wp-block-separator has-alpha-channel-opacity\"\/>\n\n\n\n<h3 class=\"wp-block-heading\"><strong>9. Zus\u00e4tzliche Services<\/strong><\/h3>\n\n\n\n<ul class=\"wp-block-list\">\n<li>Einige Agenturen bieten zus\u00e4tzliche Leistungen an, wie Sprachkurse, Notfall-Hotlines oder kulturelle Aktivit\u00e4ten, um den Au-Pair-Aufenthalt zu bereichern.<\/li>\n<\/ul>\n\n\n\n<hr class=\"wp-block-separator has-alpha-channel-opacity\"\/>\n\n\n\n<h3 class=\"wp-block-heading\">Fazit<\/h3>\n\n\n\n<p>Zertifizierte Agenturen auf <strong><a href=\"http:\/\/www.aupair.com\/\">www.aupair.com<\/a><\/strong> sind ein Garant f\u00fcr Seriosit\u00e4t und Professionalit\u00e4t. Sie stellen sicher, dass sowohl Au-Pairs als auch Gastfamilien eine sichere und bereichernde Erfahrung machen. Durch ihre Einhaltung von Standards und ihre umfassende Unterst\u00fctzung tragen sie ma\u00dfgeblich dazu bei, dass Au-Pair-Programme reibungslos und erfolgreich verlaufen.<\/p>\n","protected":false},"excerpt":{"rendered":"<p>Mitgliedsagenturen von Au-Pair.org sind in der Regel Au-pair-Agenturen, die auf www.aupair.com als zertifiziert gelten. Diese zeichnen sich durch besondere Qualit\u00e4tsstandards und Merkmale aus. Diese Zertifizierung zeigt, dass die Agenturen professionell, zuverl\u00e4ssig und nach anerkannten Richtlinien arbeiten. Die wichtigsten Merkmale und Anforderungen an solche Agenturen sind: 1. Mitgliedschaft in anerkannten Verb\u00e4nden 2. Qualit\u00e4ts- und Ethikstandards 3. [&hellip;]<\/p>\n","protected":false},"author":3,"featured_media":0,"parent":0,"menu_order":0,"comment_status":"closed","ping_status":"closed","template":"","meta":{"footnotes":""},"class_list":["post-1936","page","type-page","status-publish","hentry"],"yoast_head":"<!-- This site is optimized with the Yoast SEO plugin v26.4 - https:\/\/yoast.com\/wordpress\/plugins\/seo\/ -->\n<title>Mitglieder - Au Pair organisation<\/title>\n<meta name=\"robots\" content=\"index, follow, max-snippet:-1, max-image-preview:large, max-video-preview:-1\" \/>\n<link rel=\"canonical\" href=\"https:\/\/au-pair.org\/de\/au-pair-org-mitglieder\/\" \/>\n<meta property=\"og:locale\" content=\"de_DE\" \/>\n<meta property=\"og:type\" content=\"article\" \/>\n<meta property=\"og:title\" content=\"Mitglieder - Au Pair organisation\" \/>\n<meta property=\"og:description\" content=\"Mitgliedsagenturen von Au-Pair.org sind in der Regel Au-pair-Agenturen, die auf www.aupair.com als zertifiziert gelten. Diese zeichnen sich durch besondere Qualit\u00e4tsstandards und Merkmale aus. Diese Zertifizierung zeigt, dass die Agenturen professionell, zuverl\u00e4ssig und nach anerkannten Richtlinien arbeiten. Die wichtigsten Merkmale und Anforderungen an solche Agenturen sind: 1. Mitgliedschaft in anerkannten Verb\u00e4nden 2. Qualit\u00e4ts- und Ethikstandards 3. [&hellip;]\" \/>\n<meta property=\"og:url\" content=\"https:\/\/au-pair.org\/de\/au-pair-org-mitglieder\/\" \/>\n<meta property=\"og:site_name\" content=\"Au Pair organisation\" \/>\n<meta property=\"article:modified_time\" content=\"2025-01-15T10:34:11+00:00\" \/>\n<meta name=\"twitter:card\" content=\"summary_large_image\" \/>\n<meta name=\"twitter:label1\" content=\"Gesch\u00e4tzte Lesezeit\" \/>\n\t<meta name=\"twitter:data1\" content=\"3\u00a0Minuten\" \/>\n<script type=\"application\/ld+json\" class=\"yoast-schema-graph\">{\"@context\":\"https:\/\/schema.org\",\"@graph\":[{\"@type\":\"WebPage\",\"@id\":\"https:\/\/au-pair.org\/de\/au-pair-org-mitglieder\/\",\"url\":\"https:\/\/au-pair.org\/de\/au-pair-org-mitglieder\/\",\"name\":\"Mitglieder - Au Pair organisation\",\"isPartOf\":{\"@id\":\"https:\/\/au-pair.org\/de\/#website\"},\"datePublished\":\"2025-01-15T10:34:08+00:00\",\"dateModified\":\"2025-01-15T10:34:11+00:00\",\"breadcrumb\":{\"@id\":\"https:\/\/au-pair.org\/de\/au-pair-org-mitglieder\/#breadcrumb\"},\"inLanguage\":\"de\",\"potentialAction\":[{\"@type\":\"ReadAction\",\"target\":[\"https:\/\/au-pair.org\/de\/au-pair-org-mitglieder\/\"]}]},{\"@type\":\"BreadcrumbList\",\"@id\":\"https:\/\/au-pair.org\/de\/au-pair-org-mitglieder\/#breadcrumb\",\"itemListElement\":[{\"@type\":\"ListItem\",\"position\":1,\"name\":\"In\u00edcio\",\"item\":\"https:\/\/au-pair.org\/de\/\"},{\"@type\":\"ListItem\",\"position\":2,\"name\":\"Mitglieder\"}]},{\"@type\":\"WebSite\",\"@id\":\"https:\/\/au-pair.org\/de\/#website\",\"url\":\"https:\/\/au-pair.org\/de\/\",\"name\":\"Au Pair organisation\",\"description\":\"\",\"publisher\":{\"@id\":\"https:\/\/au-pair.org\/de\/#organization\"},\"potentialAction\":[{\"@type\":\"SearchAction\",\"target\":{\"@type\":\"EntryPoint\",\"urlTemplate\":\"https:\/\/au-pair.org\/de\/?s={search_term_string}\"},\"query-input\":{\"@type\":\"PropertyValueSpecification\",\"valueRequired\":true,\"valueName\":\"search_term_string\"}}],\"inLanguage\":\"de\"},{\"@type\":\"Organization\",\"@id\":\"https:\/\/au-pair.org\/de\/#organization\",\"name\":\"Au Pair organisation\",\"url\":\"https:\/\/au-pair.org\/de\/\",\"logo\":{\"@type\":\"ImageObject\",\"inLanguage\":\"de\",\"@id\":\"https:\/\/au-pair.org\/de\/#\/schema\/logo\/image\/\",\"url\":\"https:\/\/au-pair.org\/wp-content\/uploads\/2023\/12\/cropped-FBlogo170x170.webp\",\"contentUrl\":\"https:\/\/au-pair.org\/wp-content\/uploads\/2023\/12\/cropped-FBlogo170x170.webp\",\"width\":120,\"height\":120,\"caption\":\"Au Pair organisation\"},\"image\":{\"@id\":\"https:\/\/au-pair.org\/de\/#\/schema\/logo\/image\/\"}}]}<\/script>\n<!-- \/ Yoast SEO plugin. -->","yoast_head_json":{"title":"Mitglieder - Au Pair organisation","robots":{"index":"index","follow":"follow","max-snippet":"max-snippet:-1","max-image-preview":"max-image-preview:large","max-video-preview":"max-video-preview:-1"},"canonical":"https:\/\/au-pair.org\/de\/au-pair-org-mitglieder\/","og_locale":"de_DE","og_type":"article","og_title":"Mitglieder - Au Pair organisation","og_description":"Mitgliedsagenturen von Au-Pair.org sind in der Regel Au-pair-Agenturen, die auf www.aupair.com als zertifiziert gelten. Diese zeichnen sich durch besondere Qualit\u00e4tsstandards und Merkmale aus. Diese Zertifizierung zeigt, dass die Agenturen professionell, zuverl\u00e4ssig und nach anerkannten Richtlinien arbeiten. Die wichtigsten Merkmale und Anforderungen an solche Agenturen sind: 1. Mitgliedschaft in anerkannten Verb\u00e4nden 2. Qualit\u00e4ts- und Ethikstandards 3. [&hellip;]","og_url":"https:\/\/au-pair.org\/de\/au-pair-org-mitglieder\/","og_site_name":"Au Pair organisation","article_modified_time":"2025-01-15T10:34:11+00:00","twitter_card":"summary_large_image","twitter_misc":{"Gesch\u00e4tzte Lesezeit":"3\u00a0Minuten"},"schema":{"@context":"https:\/\/schema.org","@graph":[{"@type":"WebPage","@id":"https:\/\/au-pair.org\/de\/au-pair-org-mitglieder\/","url":"https:\/\/au-pair.org\/de\/au-pair-org-mitglieder\/","name":"Mitglieder - Au Pair organisation","isPartOf":{"@id":"https:\/\/au-pair.org\/de\/#website"},"datePublished":"2025-01-15T10:34:08+00:00","dateModified":"2025-01-15T10:34:11+00:00","breadcrumb":{"@id":"https:\/\/au-pair.org\/de\/au-pair-org-mitglieder\/#breadcrumb"},"inLanguage":"de","potentialAction":[{"@type":"ReadAction","target":["https:\/\/au-pair.org\/de\/au-pair-org-mitglieder\/"]}]},{"@type":"BreadcrumbList","@id":"https:\/\/au-pair.org\/de\/au-pair-org-mitglieder\/#breadcrumb","itemListElement":[{"@type":"ListItem","position":1,"name":"In\u00edcio","item":"https:\/\/au-pair.org\/de\/"},{"@type":"ListItem","position":2,"name":"Mitglieder"}]},{"@type":"WebSite","@id":"https:\/\/au-pair.org\/de\/#website","url":"https:\/\/au-pair.org\/de\/","name":"Au Pair organisation","description":"","publisher":{"@id":"https:\/\/au-pair.org\/de\/#organization"},"potentialAction":[{"@type":"SearchAction","target":{"@type":"EntryPoint","urlTemplate":"https:\/\/au-pair.org\/de\/?s={search_term_string}"},"query-input":{"@type":"PropertyValueSpecification","valueRequired":true,"valueName":"search_term_string"}}],"inLanguage":"de"},{"@type":"Organization","@id":"https:\/\/au-pair.org\/de\/#organization","name":"Au Pair organisation","url":"https:\/\/au-pair.org\/de\/","logo":{"@type":"ImageObject","inLanguage":"de","@id":"https:\/\/au-pair.org\/de\/#\/schema\/logo\/image\/","url":"https:\/\/au-pair.org\/wp-content\/uploads\/2023\/12\/cropped-FBlogo170x170.webp","contentUrl":"https:\/\/au-pair.org\/wp-content\/uploads\/2023\/12\/cropped-FBlogo170x170.webp","width":120,"height":120,"caption":"Au Pair organisation"},"image":{"@id":"https:\/\/au-pair.org\/de\/#\/schema\/logo\/image\/"}}]}},"_links":{"self":[{"href":"https:\/\/au-pair.org\/de\/wp-json\/wp\/v2\/pages\/1936","targetHints":{"allow":["GET"]}}],"collection":[{"href":"https:\/\/au-pair.org\/de\/wp-json\/wp\/v2\/pages"}],"about":[{"href":"https:\/\/au-pair.org\/de\/wp-json\/wp\/v2\/types\/page"}],"author":[{"embeddable":true,"href":"https:\/\/au-pair.org\/de\/wp-json\/wp\/v2\/users\/3"}],"replies":[{"embeddable":true,"href":"https:\/\/au-pair.org\/de\/wp-json\/wp\/v2\/comments?post=1936"}],"version-history":[{"count":1,"href":"https:\/\/au-pair.org\/de\/wp-json\/wp\/v2\/pages\/1936\/revisions"}],"predecessor-version":[{"id":1937,"href":"https:\/\/au-pair.org\/de\/wp-json\/wp\/v2\/pages\/1936\/revisions\/1937"}],"wp:attachment":[{"href":"https:\/\/au-pair.org\/de\/wp-json\/wp\/v2\/media?parent=1936"}],"curies":[{"name":"wp","href":"https:\/\/api.w.org\/{rel}","templated":true}]}}